{"id":5715,"date":"2019-07-25T05:45:07","date_gmt":"2019-07-25T03:45:07","guid":{"rendered":"http:\/\/klubmamgdynia.pl\/index.php\/produkt\/holle-dla-dzieci-bio-zapobiega-wysypkom-i-podraznieniom-250ml\/"},"modified":"2026-05-17T22:39:48","modified_gmt":"2026-05-17T20:39:48","slug":"holle-dla-dzieci-bio-zapobiega-wysypkom-i-podraznieniom-250ml","status":"publish","type":"product","link":"http:\/\/klubmamgdynia.pl\/index.php\/produkt\/holle-dla-dzieci-bio-zapobiega-wysypkom-i-podraznieniom-250ml\/","title":{"rendered":"Holle Dla Dzieci Bio Zapobiega Wysypkom I Podra\u017cnieniom 250Ml"},"content":{"rendered":"<p>Holle Olej dla dzieci BIO to cenne \u017ar\u00f3d\u0142o niezb\u0119dnych nienasyconych kwas\u00f3w t\u0142uszczowych NNKT, kt\u00f3re powinny pojawi\u0107 si\u0119 w diecie wraz z jej rozszerzeniem po 4-6 miesi\u0105cu \u017cycia. Olej Holle sk\u0142ada si\u0119 z wysokiej jako\u015bci komponent\u00f3w \u2013 oleju rzepakowego, konopnego i s\u0142onecznikowego. Zawiera on optymalnie dobrane proporcje kwas\u00f3w omega-3 i omega-6, kt\u00f3re korzystnie wp\u0142ywaj\u0105 na rozw\u00f3j kom\u00f3rek nerwowych i wspieraj\u0105 uk\u0142ad odporno\u015bciowy.Stosowanie oleju Holle zapewnia r\u00f3wnie\u017c prawid\u0142ow\u0105 suplementacj\u0119 w cenny kwas gamma-linolenowy, kt\u00f3ry wyst\u0119puje naturalnie w pokarmie matki, a jego niedobory mog\u0105 pojawi\u0107 si\u0119 po zako\u0144czeniu lub ograniczeniu karmienia piersi\u0105. Kwas ten chroni delikatn\u0105 sk\u00f3r\u0119 dziecka przed dra\u017cni\u0105cym wp\u0142ywem czynnik\u00f3w zewn\u0119trznych i zapobiega wysypkom oraz podra\u017cnieniom. Surowiec do produkcji oleju Holle pochodzi z upraw biodynamicznych, a zastosowanie technologii t\u0142oczenia na zimno przeciwdzia\u0142a utracie cennych sk\u0142adnik\u00f3w od\u017cywczych. Olej podaje si\u0119 prosto i wygodnie \u2013 wystarczy zalecan\u0105 ilo\u015b\u0107 zmiesza\u0107 z potraw\u0105 mi\u0119sno-warzywn\u0105 lub kaszk\u0105 i poda\u0107 dziecku w zwyk\u0142y spos\u00f3b.Cechy produktu:Uzupe\u0142nia diet\u0119 dziecka w cenne NNKTWspomaga odporno\u015b\u0107 i rozw\u00f3j m\u00f3zguWp\u0142ywa pozytywnie na stan sk\u00f3ryZ surowca pozyskiwanego z upraw biodynamicznych\u0141atwy do podaniaPoj. 250 ml<\/p>\n<h2>Holle Dla Dzieci Bio Zapobiega Wysypkom I Podra\u017cnieniom 250Ml Holle<\/h2>\n<p>dzieci z bullerbyn quiz, kolorowanki do druku konie, lato lato lato czeka tekst, kajko i kokosz szko\u0142a latania test z odpowiedziami, test z dzieci z bullerbyn, jazda konna dla dzieci, lol kolorowanka, malowanki dla dziewczynek, pokemon kolorowanka<\/p>\n<p>yyyyy<\/p>\n<p>&nbsp;<\/p>\n","protected":false},"excerpt":{"rendered":"<p>Holle Olej dla dzieci BIO to cenne \u017ar\u00f3d\u0142o niezb\u0119dnych nienasyconych kwas\u00f3w t\u0142uszczowych NNKT, kt\u00f3re powinny pojawi\u0107 si\u0119 w diecie wraz z jej rozszerzeniem po 4-6 miesi\u0105cu \u017cycia. Olej Holle sk\u0142ada si\u0119 z wysokiej jako\u015bci komponent\u00f3w \u2013 oleju rzepakowego, konopnego i s\u0142onecznikowego. Zawiera on optymalnie dobrane proporcje kwas\u00f3w omega-3 i omega-6, kt\u00f3re korzystnie wp\u0142ywaj\u0105 na rozw\u00f3j [&hellip;]<\/p>\n","protected":false},"featured_media":5716,"comment_status":"closed","ping_status":"open","template":"","meta":[],"product_cat":[106,1387],"product_tag":[663,780,711,873],"class_list":["post-5715","product","type-product","status-publish","has-post-thumbnail","hentry","product_cat-holle","product_cat-pozostala-zywnosc-dla-dzieci","product_tag-kolorowanki-dla-dzieci-do-druku","product_tag-krecik-bajka","product_tag-prezenty-dla-nastolatkow","product_tag-zagadki-z-odpowiedziami-dla-dzieci"],"_links":{"self":[{"href":"http:\/\/klubmamgdynia.pl\/index.php\/wp-json\/wp\/v2\/product\/5715","targetHints":{"allow":["GET"]}}],"collection":[{"href":"http:\/\/klubmamgdynia.pl\/index.php\/wp-json\/wp\/v2\/product"}],"about":[{"href":"http:\/\/klubmamgdynia.pl\/index.php\/wp-json\/wp\/v2\/types\/product"}],"replies":[{"embeddable":true,"href":"http:\/\/klubmamgdynia.pl\/index.php\/wp-json\/wp\/v2\/comments?post=5715"}],"wp:featuredmedia":[{"embeddable":true,"href":"http:\/\/klubmamgdynia.pl\/index.php\/wp-json\/wp\/v2\/media\/5716"}],"wp:attachment":[{"href":"http:\/\/klubmamgdynia.pl\/index.php\/wp-json\/wp\/v2\/media?parent=5715"}],"wp:term":[{"taxonomy":"product_cat","embeddable":true,"href":"http:\/\/klubmamgdynia.pl\/index.php\/wp-json\/wp\/v2\/product_cat?post=5715"},{"taxonomy":"product_tag","embeddable":true,"href":"http:\/\/klubmamgdynia.pl\/index.php\/wp-json\/wp\/v2\/product_tag?post=5715"}],"curies":[{"name":"wp","href":"https:\/\/api.w.org\/{rel}","templated":true}]}}