{"id":5717,"date":"2015-10-08T03:08:09","date_gmt":"2015-10-08T01:08:09","guid":{"rendered":"http:\/\/klubmamgdynia.pl\/index.php\/produkt\/trefl-puzzle-1000el-zyj-pozytywnie-smiley-10729\/"},"modified":"2026-04-23T01:49:41","modified_gmt":"2026-04-22T23:49:41","slug":"trefl-puzzle-1000el-zyj-pozytywnie-smiley-10729","status":"publish","type":"product","link":"http:\/\/klubmamgdynia.pl\/index.php\/produkt\/trefl-puzzle-1000el-zyj-pozytywnie-smiley-10729\/","title":{"rendered":"Trefl Puzzle 1000el. \u017byj pozytywnie Smiley 10729"},"content":{"rendered":"<p>Trefl Puzzle 1000el. \u017byj pozytywnie Smiley 10729\u017byj pozytywnie! &#8211; puzzle 1000 element\u00f3w to wspania\u0142a uk\u0142adanka z serii Smiley World. Puzzle przedstawiaj\u0105 symbol szerokiego u\u015bmiechu, kt\u00f3ry zosta\u0142 uwieczniony na fotografiach i plakatach. Po u\u0142o\u017ceniu powstanie obraz o wymiarach: 683&#215;480 mm.\u00a0                            <\/p>\n<p>Uk\u0142adanie puzzli niesie za sob\u0105 szereg korzy\u015bci, zar\u00f3wni dla dzieci jak i doros\u0142ych. To skuteczny spos\u00f3b na \u0107wiczenie pami\u0119ci, koncentracji, a tak\u017ce niezawodny spos\u00f3b na odstrsowanie si\u0119 i odpr\u0119\u017cenie.                            <\/p>\n<p>Dzi\u0119ki puzzlom trenujemy spostrzegawczo\u015b\u0107, ale r\u00f3wnie\u017c uczymy si\u0119 cierpliwo\u015bci. U\u0142o\u017cony przez nas, gotowy obraz mo\u017cemy powiesi\u0107 na \u015bcianie, a tym samym urozmaici\u0107 wn\u0119trze naszego mieszkania.\u00a0<\/p>\n<h2>Trefl Puzzle 1000el. \u017byj pozytywnie Smiley 10729 Trefl<\/h2>\n<p>trudne zagadki na inteligencje, pomys\u0142 na roczek, znaki drogowe test, kolorowanki andrzejki do wydruku, kanapki halloween, pikachu kolorowanka, zagadki dla dziewczyny, zabawa dla 7 latka, minecraft quiz, kolorowanka do druku kotek, miko\u0142ajkowe zabawy, prezent dla dziewczynki na roczek, tupu tup po \u015bniegu tekst, bajki dla dzieci do czytania na dobranoc, pierwsze urodziny prezent na roczek dla ch\u0142opca, szczotka pasta kubek ciep\u0142a woda tekst, test z lektury opowie\u015bci z narnii lew czarownica i stara szafa, kolorowanki z bajek<\/p>\n<p>yyyyy<\/p>\n<p>&nbsp;<\/p>\n","protected":false},"excerpt":{"rendered":"<p>Trefl Puzzle 1000el. \u017byj pozytywnie Smiley 10729\u017byj pozytywnie! &#8211; puzzle 1000 element\u00f3w to wspania\u0142a uk\u0142adanka z serii Smiley World. Puzzle przedstawiaj\u0105 symbol szerokiego u\u015bmiechu, kt\u00f3ry zosta\u0142 uwieczniony na fotografiach i plakatach. Po u\u0142o\u017ceniu powstanie obraz o wymiarach: 683&#215;480 mm.\u00a0 Uk\u0142adanie puzzli niesie za sob\u0105 szereg korzy\u015bci, zar\u00f3wni dla dzieci jak i doros\u0142ych. To skuteczny spos\u00f3b [&hellip;]<\/p>\n","protected":false},"featured_media":5718,"comment_status":"closed","ping_status":"open","template":"","meta":[],"product_cat":[90,104],"product_tag":[834,810,814,762],"class_list":["post-5717","product","type-product","status-publish","has-post-thumbnail","hentry","product_cat-puzzle","product_cat-trefl","product_tag-bajka-do-czytania-na-dobranoc","product_tag-nauka-zegara-do-druku","product_tag-prezenty-dla-nastolatek","product_tag-trudne-zagadki-dla-dzieci"],"_links":{"self":[{"href":"http:\/\/klubmamgdynia.pl\/index.php\/wp-json\/wp\/v2\/product\/5717","targetHints":{"allow":["GET"]}}],"collection":[{"href":"http:\/\/klubmamgdynia.pl\/index.php\/wp-json\/wp\/v2\/product"}],"about":[{"href":"http:\/\/klubmamgdynia.pl\/index.php\/wp-json\/wp\/v2\/types\/product"}],"replies":[{"embeddable":true,"href":"http:\/\/klubmamgdynia.pl\/index.php\/wp-json\/wp\/v2\/comments?post=5717"}],"wp:featuredmedia":[{"embeddable":true,"href":"http:\/\/klubmamgdynia.pl\/index.php\/wp-json\/wp\/v2\/media\/5718"}],"wp:attachment":[{"href":"http:\/\/klubmamgdynia.pl\/index.php\/wp-json\/wp\/v2\/media?parent=5717"}],"wp:term":[{"taxonomy":"product_cat","embeddable":true,"href":"http:\/\/klubmamgdynia.pl\/index.php\/wp-json\/wp\/v2\/product_cat?post=5717"},{"taxonomy":"product_tag","embeddable":true,"href":"http:\/\/klubmamgdynia.pl\/index.php\/wp-json\/wp\/v2\/product_tag?post=5717"}],"curies":[{"name":"wp","href":"https:\/\/api.w.org\/{rel}","templated":true}]}}