{"id":5719,"date":"2025-03-21T21:16:36","date_gmt":"2025-03-21T20:16:36","guid":{"rendered":"http:\/\/klubmamgdynia.pl\/?post_type=product&#038;p=5719"},"modified":"2026-04-24T20:41:30","modified_gmt":"2026-04-24T18:41:30","slug":"new-york-company-puzzle-500el-drzewo-genealogiczne-kotow-xxl","status":"publish","type":"product","link":"http:\/\/klubmamgdynia.pl\/index.php\/produkt\/new-york-company-puzzle-500el-drzewo-genealogiczne-kotow-xxl\/","title":{"rendered":"New York Company Puzzle 500El. Drzewo Genealogiczne Kot\u00f3w Xxl"},"content":{"rendered":"<p>Puzzle z ameryka\u0144skiej firmy New York Puzzle Company s\u0105 eko przyjazne, farba do ich produkcji jest na bazie soi, sk\u0142adaj\u0105 si\u0119 z 500 element\u00f3w po u\u0142o\u017ceniu tworz\u0105 obraz o wymiarach 61 x 46 cm. Elementy puzzli w wersji XXL. NAZWA PUZZLE 500 DRZEWO GENEALOGICZNE KOT\u00d3W XXL PRODUCENT NEW YORK COMPANY WIEK 9+ ILO\u015a\u0106 ELEMENT\u00d3W 500 EAN 0819844018368 Znajd\u017a podobne wed\u0142ug klucza: NEW_YORK_COMPANY PUZZLE PUZZLE_500 (479647)<\/p>\n<h2>New York Company Puzzle 500El. Drzewo Genealogiczne Kot\u00f3w Xxl <\/h2>\n<p>quiz o psie kt\u00f3ry je\u017adzi\u0142 kolej\u0105, testy z lektury miko\u0142ajek, ela znaczenie imienia, kolorowanka piesek do druku, karaluchy pod poduchy a szczypawki, najrzadsze imiona, aneta<\/p>\n<p>yyyyy<\/p>\n<p>&nbsp;<\/p>\n","protected":false},"excerpt":{"rendered":"<p>Puzzle z ameryka\u0144skiej firmy New York Puzzle Company s\u0105 eko przyjazne, farba do ich produkcji jest na bazie soi, sk\u0142adaj\u0105 si\u0119 z 500 element\u00f3w po u\u0142o\u017ceniu tworz\u0105 obraz o wymiarach 61 x 46 cm. Elementy puzzli w wersji XXL. NAZWA PUZZLE 500 DRZEWO GENEALOGICZNE KOT\u00d3W XXL PRODUCENT NEW YORK COMPANY WIEK 9+ ILO\u015a\u0106 ELEMENT\u00d3W 500 [&hellip;]<\/p>\n","protected":false},"featured_media":5720,"comment_status":"closed","ping_status":"open","template":"","meta":[],"product_cat":[90],"product_tag":[834,828,677,771,724],"class_list":["post-5719","product","type-product","status-publish","has-post-thumbnail","hentry","product_cat-puzzle","product_tag-bajka-do-czytania-na-dobranoc","product_tag-filmy-wigilijne-dla-dzieci","product_tag-milosz-imie","product_tag-stolice-europy-quiz","product_tag-zagadki-podchwytliwe"],"_links":{"self":[{"href":"http:\/\/klubmamgdynia.pl\/index.php\/wp-json\/wp\/v2\/product\/5719","targetHints":{"allow":["GET"]}}],"collection":[{"href":"http:\/\/klubmamgdynia.pl\/index.php\/wp-json\/wp\/v2\/product"}],"about":[{"href":"http:\/\/klubmamgdynia.pl\/index.php\/wp-json\/wp\/v2\/types\/product"}],"replies":[{"embeddable":true,"href":"http:\/\/klubmamgdynia.pl\/index.php\/wp-json\/wp\/v2\/comments?post=5719"}],"wp:featuredmedia":[{"embeddable":true,"href":"http:\/\/klubmamgdynia.pl\/index.php\/wp-json\/wp\/v2\/media\/5720"}],"wp:attachment":[{"href":"http:\/\/klubmamgdynia.pl\/index.php\/wp-json\/wp\/v2\/media?parent=5719"}],"wp:term":[{"taxonomy":"product_cat","embeddable":true,"href":"http:\/\/klubmamgdynia.pl\/index.php\/wp-json\/wp\/v2\/product_cat?post=5719"},{"taxonomy":"product_tag","embeddable":true,"href":"http:\/\/klubmamgdynia.pl\/index.php\/wp-json\/wp\/v2\/product_tag?post=5719"}],"curies":[{"name":"wp","href":"https:\/\/api.w.org\/{rel}","templated":true}]}}