{"id":5721,"date":"2014-10-30T23:03:53","date_gmt":"2014-10-30T22:03:53","guid":{"rendered":"http:\/\/klubmamgdynia.pl\/index.php\/produkt\/aff-pisaki-dwustronne-alkoholowe-zestaw-40szt-torba\/"},"modified":"2026-04-06T08:20:40","modified_gmt":"2026-04-06T06:20:40","slug":"aff-pisaki-dwustronne-alkoholowe-zestaw-40szt-torba","status":"publish","type":"product","link":"http:\/\/klubmamgdynia.pl\/index.php\/produkt\/aff-pisaki-dwustronne-alkoholowe-zestaw-40szt-torba\/","title":{"rendered":"Aff Pisaki Dwustronne Alkoholowe Zestaw 40Szt Torba"},"content":{"rendered":"<p>MARKERY ALKOHOLOWE PISAKI ZESTAW 40SZT + TORBADwustronne markery w intensywnych kolorach to idealny zestaw na prezent oraz do codziennego zastosowania przez:uczni\u00f3wilustrator\u00f3wgrafik\u00f3wartyst\u00f3whobbyst\u00f3wIdealna propozycja dla profesjonalist\u00f3w oraz dla os\u00f3b kt\u00f3re zaczynaj\u0105 swoj\u0105 przygod\u0119 z rysunkiem. Te markery pozwol\u0105 Ci stworzy\u0107 niesamowite rysunki kt\u00f3re zachwyc\u0105 wszystkich!Dwie ko\u0144c\u00f3wki: szeroka i p\u0142aska oraz cienka i punktowa, daj\u0105 ogromne mo\u017cliwo\u015bci tw\u00f3rcze. Ko\u0144c\u00f3wki wykonano z bardzo trwa\u0142ego tworzywa, dzi\u0119ki czemu markery b\u0119d\u0105 s\u0142u\u017cy\u0107 przez bardzo d\u0142ugo. W\u0142\u00f3kno ko\u0144c\u00f3wek nie rozwarstwia si\u0119 i nie oddziela.Nas\u0105czony tuszem wk\u0142ad wykonany zosta\u0142 w spos\u00f3b gwarantuj\u0105cy r\u00f3wnomiern\u0105 dystrybucj\u0119 tuszu &#8211; bez plam wysychania i wylewania!CECHY MARKER\u00d3W ALKOHOLOWYCH:wodoodporneidealne na prezenteleganckie etui w zestawie40 kolor\u00f3w do wyborugrubo\u015b\u0107 ko\u0144c\u00f3wek: 3-6 mm \/ 1-2 mmrodzaj tuszu: alkoholowyczytelna numeracja ko\u0144c\u00f3wekd\u0142uga \u017cywotno\u015b\u0107 tuszyDoskona\u0142a pigmentacja alkoholowego tuszu zawartego w mazakach gwarantuje, \u017ce wykonane nimi rysunki b\u0119d\u0105 wyra\u017ane i nasycone kolorami.Markery stosowane na przeznaczonym do marker\u00f3w alkoholowych papierze nie przemaczaj\u0105 kartki, daj\u0105 si\u0119 w \u0142atwy spos\u00f3b nak\u0142ada\u0107 i miesza\u0107. Dzi\u0119ki temu uzyskasz ca\u0142\u0105 gam\u0119 barw po\u015brednich, stworzysz nowe zestawienia tonalne a tak\u017ce wykonasz precyzyjne i subtelne cieniowanie.W ZESTAWIE:40 marker\u00f3w alkoholowych z podw\u00f3jn\u0105 ko\u0144c\u00f3wk\u0105etui z uchwytem do ich przechowywania<\/p>\n<h2>Aff Pisaki Dwustronne Alkoholowe Zestaw 40Szt Torba <\/h2>\n<p>co kupic dziewczynce na roczek, tr\u00f3jmiasto atrakcje dla dzieci, rysowanie po \u015bladzie, bursztynek bursztynek, karnawa\u0142 maska karnawa\u0142owa szablon, miriam imie, kwiecien plecien, cytaty o macierzy\u0144stwie, ko\u0142ysanki tekst, quizy dla dzieci 10 lat, imi\u0119 pola, zabawy ruchowe dla dzieci w wieku szkolnym, maski zwierz\u0105t szablony do druku, kolorowanki na andrzejki do wydruku, kajko i kokosz szko\u0142a latania &#8211; test do wydruku, kajko i kokosz szko\u0142a latania &#8211; test do wydruku, sandra imie, narysowa\u0107 rysunki \u0142atwe, ignacy znaczenie imienia, po \u0142\u0105ce biega lato tekst, kolorowanki andrzejkowe<\/p>\n<p>yyyyy<\/p>\n<p>&nbsp;<\/p>\n","protected":false},"excerpt":{"rendered":"<p>MARKERY ALKOHOLOWE PISAKI ZESTAW 40SZT + TORBADwustronne markery w intensywnych kolorach to idealny zestaw na prezent oraz do codziennego zastosowania przez:uczni\u00f3wilustrator\u00f3wgrafik\u00f3wartyst\u00f3whobbyst\u00f3wIdealna propozycja dla profesjonalist\u00f3w oraz dla os\u00f3b kt\u00f3re zaczynaj\u0105 swoj\u0105 przygod\u0119 z rysunkiem. Te markery pozwol\u0105 Ci stworzy\u0107 niesamowite rysunki kt\u00f3re zachwyc\u0105 wszystkich!Dwie ko\u0144c\u00f3wki: szeroka i p\u0142aska oraz cienka i punktowa, daj\u0105 ogromne mo\u017cliwo\u015bci tw\u00f3rcze. [&hellip;]<\/p>\n","protected":false},"featured_media":5722,"comment_status":"closed","ping_status":"open","template":"","meta":[],"product_cat":[297],"product_tag":[836,678,692],"class_list":["post-5721","product","type-product","status-publish","has-post-thumbnail","hentry","product_cat-szkolne-artykuly-plastyczne","product_tag-co-kupic-dziecku-na-roczek","product_tag-prezent-na-roczek-dla-dziewczynki","product_tag-prezenty-na-roczek"],"_links":{"self":[{"href":"http:\/\/klubmamgdynia.pl\/index.php\/wp-json\/wp\/v2\/product\/5721","targetHints":{"allow":["GET"]}}],"collection":[{"href":"http:\/\/klubmamgdynia.pl\/index.php\/wp-json\/wp\/v2\/product"}],"about":[{"href":"http:\/\/klubmamgdynia.pl\/index.php\/wp-json\/wp\/v2\/types\/product"}],"replies":[{"embeddable":true,"href":"http:\/\/klubmamgdynia.pl\/index.php\/wp-json\/wp\/v2\/comments?post=5721"}],"wp:featuredmedia":[{"embeddable":true,"href":"http:\/\/klubmamgdynia.pl\/index.php\/wp-json\/wp\/v2\/media\/5722"}],"wp:attachment":[{"href":"http:\/\/klubmamgdynia.pl\/index.php\/wp-json\/wp\/v2\/media?parent=5721"}],"wp:term":[{"taxonomy":"product_cat","embeddable":true,"href":"http:\/\/klubmamgdynia.pl\/index.php\/wp-json\/wp\/v2\/product_cat?post=5721"},{"taxonomy":"product_tag","embeddable":true,"href":"http:\/\/klubmamgdynia.pl\/index.php\/wp-json\/wp\/v2\/product_tag?post=5721"}],"curies":[{"name":"wp","href":"https:\/\/api.w.org\/{rel}","templated":true}]}}