{"id":5723,"date":"2013-03-02T04:13:11","date_gmt":"2013-03-02T03:13:11","guid":{"rendered":"http:\/\/klubmamgdynia.pl\/index.php\/produkt\/alvi-baby-maxchen-worek-zewnetrzny-organic-cotton-ringlets-koala-rose-r-74-80\/"},"modified":"2026-04-05T19:39:26","modified_gmt":"2026-04-05T17:39:26","slug":"alvi-baby-maxchen-worek-zewnetrzny-organic-cotton-ringlets-koala-rose-r-74-80","status":"publish","type":"product","link":"http:\/\/klubmamgdynia.pl\/index.php\/produkt\/alvi-baby-maxchen-worek-zewnetrzny-organic-cotton-ringlets-koala-rose-r-74-80\/","title":{"rendered":"Alvi Baby-M\u00e4xchen Worek Zewn\u0119trzny Organic Cotton Ringlets Koala Ros\u00e9 R. 74\/80"},"content":{"rendered":"<p>Alvi Baby-M\u00e4xchen\u00ae to optymalny warunek bezpiecznego i zdrowego snu dziecka. Zosta\u0142 on opracowany w wyniku wieloletniej wsp\u00f3\u0142pracy z po\u0142o\u017cnymi, lekarzami i personelem piel\u0119gniarskim oraz przetestowany w klinikach. Gruszkowaty, rosn\u0105cy worek zewn\u0119trzny z czystej bawe\u0142ny organicznej jest w typowej dla Alvi \u00ae jako\u015bci i przekonuje nowym uroczym Design Ringlets Koala. Delikatne paseczki zdobi\u0105 \u015bliczny \u015bpiworek, a urocza g\u0142owa misia koala zdobi klatk\u0119 piersiow\u0105 i towarzyszy dziecku podczas zasypiania. Szczeg\u00f3\u0142y produktu: Wysoka jako\u015b\u0107 o bardzo d\u0142ugiej \u017cywotno\u015bci i d\u0142ugim okresie utrzymania funkcjonalno\u015bci. Cztery guziki dla wi\u0119kszego bezpiecze\u0144stwa; torba zewn\u0119trzna ro\u015bnie wraz z dzieckiem w dw\u00f3ch rozmiarach Dodatkowa rzutka pod pach\u0105 dla wi\u0119kszej stabilno\u015bci i trwa\u0142o\u015bci Bezpieczny zamek b\u0142yskawiczny z zatyczk\u0105, aby zapobiec rozdeptaniu przez dziecko podczas snu Otw\u00f3r na przew\u00f3d odprowadzaj\u0105cy dla niemowl\u0105t pod nadzorem Optymalna regulacja ciep\u0142a dzi\u0119ki przyjaznemu dla sk\u00f3ry bawe\u0142nianemu d\u017cersejowi Du\u017ca swoboda ruch\u00f3w dzi\u0119ki specjalnemu kszta\u0142towi gruszki. Uniwersalny zamek b\u0142yskawiczny &#8211; u\u0142atwia nocn\u0105 zmian\u0119 pieluszki, chroni delikatn\u0105 sk\u00f3r\u0119 dziecka Idealna towarzyszka na pierwsze p\u00f3\u0142tora roku \u017cycia Oeko-Tex Standard 100 D\u017cersej z bawe\u0142ny organicznej Warto\u015b\u0107 TOG: 2,5 Materia\u0142 i wskaz\u00f3wki dotycz\u0105ce piel\u0119gnacji: Materia\u0142: 100% bawe\u0142na organiczna Wype\u0142nienie: 100% poliester Mo\u017cna pra\u0107 w temperaturze do 60 stopni Suszy\u0107 w suszarce b\u0119bnowej, zredukowane termicznie (jeden punkt) Wyja\u015bnienie materia\u0142u Bawe\u0142na organiczna: Z rolnictwa ekologicznego Surowiec odnawialny Chroni \u015brodowisko i przyrod\u0119 Oszcz\u0119dza cenne zasoby (np. wod\u0119) Mi\u0119kkie i przyjazne dla sk\u00f3ry Odpowiednie dla os\u00f3b cierpi\u0105cych na alergie \u0141atwe do czyszczenia Trwa\u0142y Kt\u00f3ry rozmiar jest w\u0142a\u015bciwy? Je\u015bli Tw\u00f3j ma\u0142y ulubieniec jest pomi\u0119dzy 2 rozmiarami, to zawsze obowi\u0105zuje zasada: Wyro\u015bnij, nie bud\u017a si\u0119. W tym przypadku lepiej jest wybra\u0107 ma\u0142y rozmiar, poniewa\u017c w przeciwnym razie dekolt m\u00f3g\u0142by by\u0107 zbyt du\u017cy. Co dziecko ma na sobie pod \u015bpiworkiem? Z warto\u015bciami TOG do optymalnego klimatu snu. Odpowiednia temperatura w \u0142\u00f3\u017ceczku dziecka jest nie tylko wa\u017cna, ale r\u00f3wnie\u017c rodzi pytania rodzic\u00f3w o odpowiednie ubranko: Czy \u015bpiw\u00f3r jest wystarczaj\u0105cy, czy te\u017c przy obecnej temperaturze w pomieszczeniu konieczna jest dodatkowa bielizna do spania? Ta tabela warto\u015bci TOG zapewnia przejrzysto\u015b\u0107. Warto\u015b\u0107 TOG s\u0142u\u017cy do okre\u015blania oporu cieplnego tekstyli\u00f3w. Og\u00f3lnie rzecz bior\u0105c, im wy\u017csza warto\u015b\u0107 TOG, tym cieplejszy b\u0119dzie \u015bpiw\u00f3r. Dzi\u0119ki temu przegl\u0105dowi rodzice wiedz\u0105 dok\u0142adnie, jakie kombinacje \u015bpiworka Alvi \u00ae i ubranka zapewniaj\u0105 dziecku optymalny klimat do spania &#8211; dla bezpiecznego i spokojnego snu niemowl\u0105t.<\/p>\n<h2>Alvi Baby-M\u00e4xchen Worek Zewn\u0119trzny Organic Cotton Ringlets Koala Ros\u00e9 R. 74\/80 Alvi<\/h2>\n<p>cytaty korczaka, quizy o skokach narciarskich, krak\u00f3w atrakcje dla dzieci, papuga kolorowanka, halloween warszawa 2021 dzieci, asiunia test, literki, jak narysowa\u0107 kr\u00f3lika, zadania dla 7 latka do druku, dalia imi\u0119, place zabaw warszawa, zabawy ruchowe dla dzieci w wieku szkolnym, okolice wroc\u0142awia atrakcje, zabawy dla 10 latk\u00f3w<\/p>\n<p>yyyyy<\/p>\n<p>&nbsp;<\/p>\n","protected":false},"excerpt":{"rendered":"<p>Alvi Baby-M\u00e4xchen\u00ae to optymalny warunek bezpiecznego i zdrowego snu dziecka. Zosta\u0142 on opracowany w wyniku wieloletniej wsp\u00f3\u0142pracy z po\u0142o\u017cnymi, lekarzami i personelem piel\u0119gniarskim oraz przetestowany w klinikach. Gruszkowaty, rosn\u0105cy worek zewn\u0119trzny z czystej bawe\u0142ny organicznej jest w typowej dla Alvi \u00ae jako\u015bci i przekonuje nowym uroczym Design Ringlets Koala. Delikatne paseczki zdobi\u0105 \u015bliczny \u015bpiworek, a [&hellip;]<\/p>\n","protected":false},"featured_media":5724,"comment_status":"closed","ping_status":"open","template":"","meta":[],"product_cat":[121,395],"product_tag":[702,806,591,675,649],"class_list":["post-5723","product","type-product","status-publish","has-post-thumbnail","hentry","product_cat-alvi","product_cat-spiworki","product_tag-co-kupic-na-roczek-dla-dziewczynki","product_tag-prezent-dla-dziecka-na-roczek","product_tag-quiz-o-minecraft","product_tag-test-z-lektury-kajko-i-kokosz-szkola-latania","product_tag-zagadki-dla-nastolatkow"],"_links":{"self":[{"href":"http:\/\/klubmamgdynia.pl\/index.php\/wp-json\/wp\/v2\/product\/5723","targetHints":{"allow":["GET"]}}],"collection":[{"href":"http:\/\/klubmamgdynia.pl\/index.php\/wp-json\/wp\/v2\/product"}],"about":[{"href":"http:\/\/klubmamgdynia.pl\/index.php\/wp-json\/wp\/v2\/types\/product"}],"replies":[{"embeddable":true,"href":"http:\/\/klubmamgdynia.pl\/index.php\/wp-json\/wp\/v2\/comments?post=5723"}],"wp:featuredmedia":[{"embeddable":true,"href":"http:\/\/klubmamgdynia.pl\/index.php\/wp-json\/wp\/v2\/media\/5724"}],"wp:attachment":[{"href":"http:\/\/klubmamgdynia.pl\/index.php\/wp-json\/wp\/v2\/media?parent=5723"}],"wp:term":[{"taxonomy":"product_cat","embeddable":true,"href":"http:\/\/klubmamgdynia.pl\/index.php\/wp-json\/wp\/v2\/product_cat?post=5723"},{"taxonomy":"product_tag","embeddable":true,"href":"http:\/\/klubmamgdynia.pl\/index.php\/wp-json\/wp\/v2\/product_tag?post=5723"}],"curies":[{"name":"wp","href":"https:\/\/api.w.org\/{rel}","templated":true}]}}