{"id":5725,"date":"2020-09-06T15:40:08","date_gmt":"2020-09-06T13:40:08","guid":{"rendered":"http:\/\/klubmamgdynia.pl\/index.php\/produkt\/besthurt-puzzle-drewniane-dla-dzieci-w-metalowym-pudelku-60\/"},"modified":"2026-04-06T03:14:07","modified_gmt":"2026-04-06T01:14:07","slug":"besthurt-puzzle-drewniane-dla-dzieci-w-metalowym-pudelku-60","status":"publish","type":"product","link":"http:\/\/klubmamgdynia.pl\/index.php\/produkt\/besthurt-puzzle-drewniane-dla-dzieci-w-metalowym-pudelku-60\/","title":{"rendered":"Besthurt Puzzle Drewniane Dla Dzieci W Metalowym Pude\u0142ku 60"},"content":{"rendered":"<p>Puzzle Drewniane Dla Dzieci W Metalowym Pude\u0142ku 60<\/p>\n<h2>Besthurt Puzzle Drewniane Dla Dzieci W Metalowym Pude\u0142ku 60 <\/h2>\n<p>prezent dla rocznego ch\u0142opca, kolorowanka dla dzieci, historia andrzejek dla dzieci, andrzejki kolorowanki do druku, karteczki wydruku wr\u00f3\u017cby andrzejkowe dla dzieci, oskar imie, szopka do druku, romantyczna bajka na dobranoc, zabawy dla 5 6 latk\u00f3w, ozdoby wielkanocne z dzie\u0107mi, bajki do czytania psi patrol, wroc\u0142aw atrakcje dla dzieci 2021, podchwytliwe zagadki dla dzieci, wierszyki na smigus dyngus<\/p>\n<p>yyyyy<\/p>\n<p>&nbsp;<\/p>\n","protected":false},"excerpt":{"rendered":"<p>Puzzle Drewniane Dla Dzieci W Metalowym Pude\u0142ku 60 Besthurt Puzzle Drewniane Dla Dzieci W Metalowym Pude\u0142ku 60 prezent dla rocznego ch\u0142opca, kolorowanka dla dzieci, historia andrzejek dla dzieci, andrzejki kolorowanki do druku, karteczki wydruku wr\u00f3\u017cby andrzejkowe dla dzieci, oskar imie, szopka do druku, romantyczna bajka na dobranoc, zabawy dla 5 6 latk\u00f3w, ozdoby wielkanocne z [&hellip;]<\/p>\n","protected":false},"featured_media":5726,"comment_status":"closed","ping_status":"open","template":"","meta":[],"product_cat":[90],"product_tag":[838,755,583,693],"class_list":["post-5725","product","type-product","status-publish","has-post-thumbnail","hentry","product_cat-puzzle","product_tag-bajki-dla-dzieci-na-dobranoc","product_tag-henryk","product_tag-kolysanki-dla-dzieci-tekst","product_tag-zagadki-dla-doroslych"],"_links":{"self":[{"href":"http:\/\/klubmamgdynia.pl\/index.php\/wp-json\/wp\/v2\/product\/5725","targetHints":{"allow":["GET"]}}],"collection":[{"href":"http:\/\/klubmamgdynia.pl\/index.php\/wp-json\/wp\/v2\/product"}],"about":[{"href":"http:\/\/klubmamgdynia.pl\/index.php\/wp-json\/wp\/v2\/types\/product"}],"replies":[{"embeddable":true,"href":"http:\/\/klubmamgdynia.pl\/index.php\/wp-json\/wp\/v2\/comments?post=5725"}],"wp:featuredmedia":[{"embeddable":true,"href":"http:\/\/klubmamgdynia.pl\/index.php\/wp-json\/wp\/v2\/media\/5726"}],"wp:attachment":[{"href":"http:\/\/klubmamgdynia.pl\/index.php\/wp-json\/wp\/v2\/media?parent=5725"}],"wp:term":[{"taxonomy":"product_cat","embeddable":true,"href":"http:\/\/klubmamgdynia.pl\/index.php\/wp-json\/wp\/v2\/product_cat?post=5725"},{"taxonomy":"product_tag","embeddable":true,"href":"http:\/\/klubmamgdynia.pl\/index.php\/wp-json\/wp\/v2\/product_tag?post=5725"}],"curies":[{"name":"wp","href":"https:\/\/api.w.org\/{rel}","templated":true}]}}