{"id":5727,"date":"2023-08-22T04:23:35","date_gmt":"2023-08-22T02:23:35","guid":{"rendered":"http:\/\/klubmamgdynia.pl\/?post_type=product&#038;p=5727"},"modified":"2026-04-29T11:49:06","modified_gmt":"2026-04-29T09:49:06","slug":"kolorowa-kreda-dla-dzieci-w-ksztalcie-jajek-rex-london","status":"publish","type":"product","link":"http:\/\/klubmamgdynia.pl\/index.php\/produkt\/kolorowa-kreda-dla-dzieci-w-ksztalcie-jajek-rex-london\/","title":{"rendered":"Kolorowa Kreda Dla Dzieci W Kszta\u0142cie Jajek Rex London"},"content":{"rendered":"<p>Rex London Kolorowa kreda dla dzieci w kszta\u0142cie jajekKomplet sze\u015bciu kolorowych kred do rysowania.W\u0142a\u015bciwo\u015bci produktu:kreda do rysowania na chodniku i tablicy;6 kolor\u00f3w por\u0119czne tekturowe pude\u0142eczko wyt\u0142aczanka;kszta\u0142t jajka u\u0142atwia zabaw\u0119 najm\u0142odszym (kred\u0119 \u0142atwiej jest chwyci\u0107) do rysowania i pisania;umo\u017cliwia dziecku poznanie nowych technik;rozwija i usprawnia zdolno\u015bci manualne;pobudza wyobra\u017ani\u0119 i kreatywno\u015b\u0107.Parametry techniczne:wiek: 3+;w opakowaniu: 6 kred (r\u00f3\u017cowa, zielona, pomara\u0144czowa, niebieska, \u017c\u00f3\u0142ta i fioletowa);materia\u0142: kreda;wymiary opakowania: 11 cm x 16 cm x 7,5 cm;waga: 266g.Kolory przedstawione na zdj\u0119ciach ze wzgl\u0119du na przekaz elektroniczny mog\u0105 nieznacznie r\u00f3\u017cni\u0107 si\u0119 od orygina\u0142u.<\/p>\n<h2>Kolorowa Kreda Dla Dzieci W Kszta\u0142cie Jajek Rex London Rex London<\/h2>\n<p>bal halloween dla dzieci 2021, szlaczki do druku, zagadki trudne, minionki do druku, pola znaczenie imienia, bianka, bajki do czytania na dobranoc, quiz flagi \u015bwiata, trudne zagadki z odpowiedziami, zaj\u0105czek z jajka ugotowanego, rysowanki, konkurs dla dzieci, ja\u015bmina imi\u0119, \u015bwinka peppa dom, kolorowanki jesie\u0144 do druku, atrakcje do 30 km od wroc\u0142awia, ko\u0142ysanki tekst, kr\u00f3tkie zagadki matematyczne z odpowiedziami<\/p>\n<p>yyyyy<\/p>\n<p>&nbsp;<\/p>\n","protected":false},"excerpt":{"rendered":"<p>Rex London Kolorowa kreda dla dzieci w kszta\u0142cie jajekKomplet sze\u015bciu kolorowych kred do rysowania.W\u0142a\u015bciwo\u015bci produktu:kreda do rysowania na chodniku i tablicy;6 kolor\u00f3w por\u0119czne tekturowe pude\u0142eczko wyt\u0142aczanka;kszta\u0142t jajka u\u0142atwia zabaw\u0119 najm\u0142odszym (kred\u0119 \u0142atwiej jest chwyci\u0107) do rysowania i pisania;umo\u017cliwia dziecku poznanie nowych technik;rozwija i usprawnia zdolno\u015bci manualne;pobudza wyobra\u017ani\u0119 i kreatywno\u015b\u0107.Parametry techniczne:wiek: 3+;w opakowaniu: 6 kred (r\u00f3\u017cowa, [&hellip;]<\/p>\n","protected":false},"featured_media":5728,"comment_status":"closed","ping_status":"open","template":"","meta":[],"product_cat":[259,297],"product_tag":[660,650,757],"class_list":["post-5727","product","type-product","status-publish","has-post-thumbnail","hentry","product_cat-rex-london","product_cat-szkolne-artykuly-plastyczne","product_tag-bianka","product_tag-choinka-z-bibuly","product_tag-test-z-lektury-ania-z-zielonego-wzgorza-klasa-6-z-odpowiedziami"],"_links":{"self":[{"href":"http:\/\/klubmamgdynia.pl\/index.php\/wp-json\/wp\/v2\/product\/5727","targetHints":{"allow":["GET"]}}],"collection":[{"href":"http:\/\/klubmamgdynia.pl\/index.php\/wp-json\/wp\/v2\/product"}],"about":[{"href":"http:\/\/klubmamgdynia.pl\/index.php\/wp-json\/wp\/v2\/types\/product"}],"replies":[{"embeddable":true,"href":"http:\/\/klubmamgdynia.pl\/index.php\/wp-json\/wp\/v2\/comments?post=5727"}],"wp:featuredmedia":[{"embeddable":true,"href":"http:\/\/klubmamgdynia.pl\/index.php\/wp-json\/wp\/v2\/media\/5728"}],"wp:attachment":[{"href":"http:\/\/klubmamgdynia.pl\/index.php\/wp-json\/wp\/v2\/media?parent=5727"}],"wp:term":[{"taxonomy":"product_cat","embeddable":true,"href":"http:\/\/klubmamgdynia.pl\/index.php\/wp-json\/wp\/v2\/product_cat?post=5727"},{"taxonomy":"product_tag","embeddable":true,"href":"http:\/\/klubmamgdynia.pl\/index.php\/wp-json\/wp\/v2\/product_tag?post=5727"}],"curies":[{"name":"wp","href":"https:\/\/api.w.org\/{rel}","templated":true}]}}