{"id":573,"date":"2012-02-26T01:59:47","date_gmt":"2012-02-26T00:59:47","guid":{"rendered":"http:\/\/klubmamgdynia.pl\/index.php\/produkt\/bigbuy-fun-bingo-game-pro-lottery\/"},"modified":"2026-05-17T22:05:38","modified_gmt":"2026-05-17T20:05:38","slug":"bigbuy-fun-bingo-game-pro-lottery","status":"publish","type":"product","link":"http:\/\/klubmamgdynia.pl\/index.php\/produkt\/bigbuy-fun-bingo-game-pro-lottery\/","title":{"rendered":"BigBuy Fun Bingo Game PRO Lottery"},"content":{"rendered":"<p>Dzieci zas\u0142uguj\u0105 na to co najlepsze, dlatego przedstawiamy Ci Bingo CB Games Drewno, idealny dla tych, kt\u00f3rzy szukaj\u0105 produkt\u00f3w wysokiej jako\u015bci dla dzieci! Zdob\u0105d\u017a i inne produkty markowe i licencyjne w najlepszych cenach!Zalecany Wiek: + 6 latZasilana bateriami: NieMateria\u0142: DrewnoPlastikowyWymiary ok.: 17 x 24 x 13 cm<\/p>\n<h2>BigBuy Fun Bingo Game PRO Lottery Bigbuy Fun<\/h2>\n<p>zima z\u0142a tekst, bajka o miko\u0142aju do czytania, minecraft quiz, nadia imi\u0119, gry dla nastolatk\u00f3w, jak zrobi\u0107 wulkan, filmy animowane o \u015bwi\u0119tach, kolorowanka piesek do druku, quiz opowie\u015bci z narnii, mia imie, co mo\u017cna zrobi\u0107 z rolek po papierze toaletowym, imi\u0119 marcel, zagadki typu co to jest, ewelina, podchwytliwe zagadki dla doros\u0142ych<\/p>\n<p>yyyyy<\/p>\n<p>&nbsp;<\/p>\n","protected":false},"excerpt":{"rendered":"<p>Dzieci zas\u0142uguj\u0105 na to co najlepsze, dlatego przedstawiamy Ci Bingo CB Games Drewno, idealny dla tych, kt\u00f3rzy szukaj\u0105 produkt\u00f3w wysokiej jako\u015bci dla dzieci! Zdob\u0105d\u017a i inne produkty markowe i licencyjne w najlepszych cenach!Zalecany Wiek: + 6 latZasilana bateriami: NieMateria\u0142: DrewnoPlastikowyWymiary ok.: 17 x 24 x 13 cm BigBuy Fun Bingo Game PRO Lottery Bigbuy Fun [&hellip;]<\/p>\n","protected":false},"featured_media":574,"comment_status":"closed","ping_status":"open","template":"","meta":[],"product_cat":[223,130],"product_tag":[833,837,749],"class_list":["post-573","product","type-product","status-publish","has-post-thumbnail","hentry","product_cat-bigbuy-fun","product_cat-gry-dzieciece","product_tag-bajki-dla-dzieci-do-czytania","product_tag-cicha-noc-po-angielsku","product_tag-najlepsze-zarty-na-prima-aprilis"],"_links":{"self":[{"href":"http:\/\/klubmamgdynia.pl\/index.php\/wp-json\/wp\/v2\/product\/573","targetHints":{"allow":["GET"]}}],"collection":[{"href":"http:\/\/klubmamgdynia.pl\/index.php\/wp-json\/wp\/v2\/product"}],"about":[{"href":"http:\/\/klubmamgdynia.pl\/index.php\/wp-json\/wp\/v2\/types\/product"}],"replies":[{"embeddable":true,"href":"http:\/\/klubmamgdynia.pl\/index.php\/wp-json\/wp\/v2\/comments?post=573"}],"wp:featuredmedia":[{"embeddable":true,"href":"http:\/\/klubmamgdynia.pl\/index.php\/wp-json\/wp\/v2\/media\/574"}],"wp:attachment":[{"href":"http:\/\/klubmamgdynia.pl\/index.php\/wp-json\/wp\/v2\/media?parent=573"}],"wp:term":[{"taxonomy":"product_cat","embeddable":true,"href":"http:\/\/klubmamgdynia.pl\/index.php\/wp-json\/wp\/v2\/product_cat?post=573"},{"taxonomy":"product_tag","embeddable":true,"href":"http:\/\/klubmamgdynia.pl\/index.php\/wp-json\/wp\/v2\/product_tag?post=573"}],"curies":[{"name":"wp","href":"https:\/\/api.w.org\/{rel}","templated":true}]}}