{"id":5731,"date":"2022-02-04T11:58:37","date_gmt":"2022-02-04T10:58:37","guid":{"rendered":"http:\/\/klubmamgdynia.pl\/index.php\/produkt\/simba-lalka-laura-nbb-bobas-z-melodia\/"},"modified":"2026-04-06T02:48:35","modified_gmt":"2026-04-06T00:48:35","slug":"simba-lalka-laura-nbb-bobas-z-melodia","status":"publish","type":"product","link":"http:\/\/klubmamgdynia.pl\/index.php\/produkt\/simba-lalka-laura-nbb-bobas-z-melodia\/","title":{"rendered":"Simba Lalka Laura Nbb Bobas Z Melodi\u0105"},"content":{"rendered":"<p>Laura z melodi\u0105, 30 cmMi\u0119kka lalka z zamykanymi oczami, w uroczych \u015bpioszkach i czapeczce, wygrywa uspokajaj\u0105c\u0105 ko\u0142ysank\u0119 i \u015bwieci przez 60 s, funkcja try me, zasilana bateriami: 2 x 1,5V R03\/AAA (do\u0142\u0105czone), Wymiary: 30 cm, 1l+.<\/p>\n<h2>Simba Lalka Laura Nbb Bobas Z Melodi\u0105 Simba<\/h2>\n<p>zagadki dla doros\u0142ych, atrakcje dla nastolatk\u00f3w warszawa, darmowe kolorowanki kolorowanki dla dziewczynek, prezent dla nastolatk\u00f3w 2021<\/p>\n<p>yyyyy<\/p>\n<p>&nbsp;<\/p>\n","protected":false},"excerpt":{"rendered":"<p>Laura z melodi\u0105, 30 cmMi\u0119kka lalka z zamykanymi oczami, w uroczych \u015bpioszkach i czapeczce, wygrywa uspokajaj\u0105c\u0105 ko\u0142ysank\u0119 i \u015bwieci przez 60 s, funkcja try me, zasilana bateriami: 2 x 1,5V R03\/AAA (do\u0142\u0105czone), Wymiary: 30 cm, 1l+. Simba Lalka Laura Nbb Bobas Z Melodi\u0105 Simba zagadki dla doros\u0142ych, atrakcje dla nastolatk\u00f3w warszawa, darmowe kolorowanki kolorowanki dla [&hellip;]<\/p>\n","protected":false},"featured_media":5732,"comment_status":"closed","ping_status":"open","template":"","meta":[],"product_cat":[65,279],"product_tag":[801,754,715],"class_list":["post-5731","product","type-product","status-publish","has-post-thumbnail","hentry","product_cat-lalki","product_cat-simba","product_tag-bajki-terapeutyczne-o-emocjach","product_tag-dyplomy-do-wydrukowania-a4","product_tag-zosia-samosia"],"_links":{"self":[{"href":"http:\/\/klubmamgdynia.pl\/index.php\/wp-json\/wp\/v2\/product\/5731","targetHints":{"allow":["GET"]}}],"collection":[{"href":"http:\/\/klubmamgdynia.pl\/index.php\/wp-json\/wp\/v2\/product"}],"about":[{"href":"http:\/\/klubmamgdynia.pl\/index.php\/wp-json\/wp\/v2\/types\/product"}],"replies":[{"embeddable":true,"href":"http:\/\/klubmamgdynia.pl\/index.php\/wp-json\/wp\/v2\/comments?post=5731"}],"wp:featuredmedia":[{"embeddable":true,"href":"http:\/\/klubmamgdynia.pl\/index.php\/wp-json\/wp\/v2\/media\/5732"}],"wp:attachment":[{"href":"http:\/\/klubmamgdynia.pl\/index.php\/wp-json\/wp\/v2\/media?parent=5731"}],"wp:term":[{"taxonomy":"product_cat","embeddable":true,"href":"http:\/\/klubmamgdynia.pl\/index.php\/wp-json\/wp\/v2\/product_cat?post=5731"},{"taxonomy":"product_tag","embeddable":true,"href":"http:\/\/klubmamgdynia.pl\/index.php\/wp-json\/wp\/v2\/product_tag?post=5731"}],"curies":[{"name":"wp","href":"https:\/\/api.w.org\/{rel}","templated":true}]}}