{"id":5733,"date":"2018-01-09T03:58:04","date_gmt":"2018-01-09T02:58:04","guid":{"rendered":"http:\/\/klubmamgdynia.pl\/index.php\/produkt\/bino-hustawka-dla-dzieci-pomaranczowa\/"},"modified":"2026-04-06T03:09:03","modified_gmt":"2026-04-06T01:09:03","slug":"bino-hustawka-dla-dzieci-pomaranczowa","status":"publish","type":"product","link":"http:\/\/klubmamgdynia.pl\/index.php\/produkt\/bino-hustawka-dla-dzieci-pomaranczowa\/","title":{"rendered":"Bino Hu\u015btawka Dla Dzieci Pomara\u0144czowa"},"content":{"rendered":"<p>Hu\u015btawka zawieszana na materia\u0142owych paskach od czeskiego producenta zabawek Bino.Hu\u015btawk\u0119 mo\u017cna stosowa\u0107 w domu jak i na zewn\u0105trz, nie jest jednak odporna na dzia\u0142anie warunk\u00f3w pogodowych. W przypadku u\u017cycia na dworze nale\u017cy j\u0105 chowa\u0107 po zabawie. U\u017cywa\u0107 pod nadzorem osoby doros\u0142ej. Monta\u017c mo\u017ce by\u0107 przeprowadzony tylko przez osob\u0119 doros\u0142\u0105.Siedzisko hu\u015btawki wykonane ze wzmocnionego tworzywa sztucznego. Na ko\u0144cach pas\u00f3w, zamontowano metalowe obr\u0119cze.Wiek: 3+Wymiary siedziska: 54 x 29 cmMaksymalna d\u0142ugo\u015b\u0107 pas\u00f3w w hu\u015btawce to 160 cm. Minimalna d\u0142ugo\u015b\u0107 pas\u00f3w to 90 cmMax. obci\u0105\u017cenie: 75 kgReferencja: 82740Deklaracja zgodno\u015bci CE<\/p>\n<h2>Bino Hu\u015btawka Dla Dzieci Pomara\u0144czowa BINO<\/h2>\n<p>lato lato lato czeka, dzieci pl, prezent dla 7 latka na urodziny, podchwytliwe zagadki dla dzieci, my jeste\u015bmy krasnoludki tekst, bajka terapeutyczna o emocjach, kolorowanka my little pony<\/p>\n<p>yyyyy<\/p>\n<p>&nbsp;<\/p>\n","protected":false},"excerpt":{"rendered":"<p>Hu\u015btawka zawieszana na materia\u0142owych paskach od czeskiego producenta zabawek Bino.Hu\u015btawk\u0119 mo\u017cna stosowa\u0107 w domu jak i na zewn\u0105trz, nie jest jednak odporna na dzia\u0142anie warunk\u00f3w pogodowych. W przypadku u\u017cycia na dworze nale\u017cy j\u0105 chowa\u0107 po zabawie. U\u017cywa\u0107 pod nadzorem osoby doros\u0142ej. Monta\u017c mo\u017ce by\u0107 przeprowadzony tylko przez osob\u0119 doros\u0142\u0105.Siedzisko hu\u015btawki wykonane ze wzmocnionego tworzywa sztucznego. [&hellip;]<\/p>\n","protected":false},"featured_media":5734,"comment_status":"closed","ping_status":"open","template":"","meta":[],"product_cat":[322,285],"product_tag":[825,766,669,806,774,586],"class_list":["post-5733","product","type-product","status-publish","has-post-thumbnail","hentry","product_cat-bino","product_cat-place-zabaw","product_tag-bajka-na-dobranoc-do-czytania","product_tag-kira","product_tag-kolorowanki","product_tag-prezent-dla-dziecka-na-roczek","product_tag-prezent-na-roczek-nie-zabawka","product_tag-smieszne-zagadki"],"_links":{"self":[{"href":"http:\/\/klubmamgdynia.pl\/index.php\/wp-json\/wp\/v2\/product\/5733","targetHints":{"allow":["GET"]}}],"collection":[{"href":"http:\/\/klubmamgdynia.pl\/index.php\/wp-json\/wp\/v2\/product"}],"about":[{"href":"http:\/\/klubmamgdynia.pl\/index.php\/wp-json\/wp\/v2\/types\/product"}],"replies":[{"embeddable":true,"href":"http:\/\/klubmamgdynia.pl\/index.php\/wp-json\/wp\/v2\/comments?post=5733"}],"wp:featuredmedia":[{"embeddable":true,"href":"http:\/\/klubmamgdynia.pl\/index.php\/wp-json\/wp\/v2\/media\/5734"}],"wp:attachment":[{"href":"http:\/\/klubmamgdynia.pl\/index.php\/wp-json\/wp\/v2\/media?parent=5733"}],"wp:term":[{"taxonomy":"product_cat","embeddable":true,"href":"http:\/\/klubmamgdynia.pl\/index.php\/wp-json\/wp\/v2\/product_cat?post=5733"},{"taxonomy":"product_tag","embeddable":true,"href":"http:\/\/klubmamgdynia.pl\/index.php\/wp-json\/wp\/v2\/product_tag?post=5733"}],"curies":[{"name":"wp","href":"https:\/\/api.w.org\/{rel}","templated":true}]}}