{"id":5735,"date":"2018-08-09T20:22:13","date_gmt":"2018-08-09T18:22:13","guid":{"rendered":"http:\/\/klubmamgdynia.pl\/index.php\/produkt\/scandinavian-baby-products-twisted-ball-tower\/"},"modified":"2026-04-30T23:29:45","modified_gmt":"2026-04-30T21:29:45","slug":"scandinavian-baby-products-twisted-ball-tower","status":"publish","type":"product","link":"http:\/\/klubmamgdynia.pl\/index.php\/produkt\/scandinavian-baby-products-twisted-ball-tower\/","title":{"rendered":"Scandinavian Baby Products Twisted Ball Tower"},"content":{"rendered":"<p>Fun monkey ball track from Scandinavian Baby Products. Easy to collect, after which the child can release the balls via the monkeys face. Then the balls whiz around in circles to finally end up on the floor with good speed. Inspires the child to crawl and move after the balls.<\/p>\n<h2>Scandinavian Baby Products Twisted Ball Tower <\/h2>\n<p>kolorowanki lato, zagadki o zwierz\u0119tach domowych, malowanki do druku, rysowanie po \u015bladzie pdf, mia imie, lucjan imi\u0119, gda\u0144sk atrakcje dla m\u0142odzie\u017cy, cytaty motywacyjne dla dzieci, imie paula, kolorowanka elsa, zagadki na dzie\u0144 przedszkolaka, zagadki dla 7 latk\u00f3w<\/p>\n<p>yyyyy<\/p>\n<p>&nbsp;<\/p>\n","protected":false},"excerpt":{"rendered":"<p>Fun monkey ball track from Scandinavian Baby Products. Easy to collect, after which the child can release the balls via the monkeys face. Then the balls whiz around in circles to finally end up on the floor with good speed. Inspires the child to crawl and move after the balls. Scandinavian Baby Products Twisted Ball [&hellip;]<\/p>\n","protected":false},"featured_media":5736,"comment_status":"closed","ping_status":"open","template":"","meta":[],"product_cat":[61],"product_tag":[826,860,800,746],"class_list":["post-5735","product","type-product","status-publish","has-post-thumbnail","hentry","product_cat-zabawki-edukacyjne-dla-niemowlat","product_tag-prezent-dla-15-latka","product_tag-zagadki-logiczne-dla-doroslych","product_tag-zagadki-smieszne","product_tag-zagadki-typu-co-to-jest"],"_links":{"self":[{"href":"http:\/\/klubmamgdynia.pl\/index.php\/wp-json\/wp\/v2\/product\/5735","targetHints":{"allow":["GET"]}}],"collection":[{"href":"http:\/\/klubmamgdynia.pl\/index.php\/wp-json\/wp\/v2\/product"}],"about":[{"href":"http:\/\/klubmamgdynia.pl\/index.php\/wp-json\/wp\/v2\/types\/product"}],"replies":[{"embeddable":true,"href":"http:\/\/klubmamgdynia.pl\/index.php\/wp-json\/wp\/v2\/comments?post=5735"}],"wp:featuredmedia":[{"embeddable":true,"href":"http:\/\/klubmamgdynia.pl\/index.php\/wp-json\/wp\/v2\/media\/5736"}],"wp:attachment":[{"href":"http:\/\/klubmamgdynia.pl\/index.php\/wp-json\/wp\/v2\/media?parent=5735"}],"wp:term":[{"taxonomy":"product_cat","embeddable":true,"href":"http:\/\/klubmamgdynia.pl\/index.php\/wp-json\/wp\/v2\/product_cat?post=5735"},{"taxonomy":"product_tag","embeddable":true,"href":"http:\/\/klubmamgdynia.pl\/index.php\/wp-json\/wp\/v2\/product_tag?post=5735"}],"curies":[{"name":"wp","href":"https:\/\/api.w.org\/{rel}","templated":true}]}}