{"id":5737,"date":"2021-05-21T08:22:21","date_gmt":"2021-05-21T06:22:21","guid":{"rendered":"http:\/\/klubmamgdynia.pl\/index.php\/produkt\/clementoni-high-quality-kitty-1000el\/"},"modified":"2026-04-29T14:20:39","modified_gmt":"2026-04-29T12:20:39","slug":"clementoni-high-quality-kitty-1000el","status":"publish","type":"product","link":"http:\/\/klubmamgdynia.pl\/index.php\/produkt\/clementoni-high-quality-kitty-1000el\/","title":{"rendered":"Clementoni High Quality Kitty 1000El."},"content":{"rendered":"<p>Puzzle 1000 element\u00f3w &#8211; KotekSugestywne obrazki, doskona\u0142a jako\u015b\u0107 wydruku, precyzyjne wyci\u0119cia, trwa\u0142e i cenne materia\u0142y.Wszystko to charakteryzuje High Quality Collection Clementoni: eleganck\u0105 lini\u0119 puzzli zrealizowan\u0105 z wielk\u0105 dba\u0142o\u015bci\u0105 o szczeg\u00f3\u0142y.Firma Clementoni, kt\u00f3rej od zawsze le\u017cy na sercu ochrona \u015brodowiska, stara si\u0119 stosowa\u0107 jak najszerzej materia\u0142y z odzysku i unika u\u017cywania komponent\u00f3w zanieczyszczaj\u0105cych otoczenie.Informacje o produkcieNr katalogowy39422Marka (Zabawki) BrakRodzaj (puzzle) StandardLiczba element\u00f3w 1000Wymiary obrazka69 x 50 cmWymagania wiekowe od 10 latP\u0142e\u0107 (zabawki) Dziewczynki i ch\u0142opcyPozosta\u0142e parametryWymiary opakowania: 37 x 28,1 x 5,5 cm<\/p>\n<h2>Clementoni High Quality Kitty 1000El. Clementoni<\/h2>\n<p>dzieci pl, znaczenie imienia marcel, pch\u0142y na noc, co na roczek dla ch\u0142opca, oryginalny prezent dla nastolatk\u00f3w, cytaty przyja\u017a\u0144, zadania logiczne dla dzieci, fabian, test dynastia mizio\u0142k\u00f3w, zagadki matematyczne dla dzieci 7 lat, dziecko cytaty, kolorowe ciasto, test miko\u0142ajek, lucyna, test magiczne drzewo czerwone krzes\u0142o, prezent pod choink\u0119 dla 7 letniej dziewczynki, bo\u017ce narodzenie quiz<\/p>\n<p>yyyyy<\/p>\n<p>&nbsp;<\/p>\n","protected":false},"excerpt":{"rendered":"<p>Puzzle 1000 element\u00f3w &#8211; KotekSugestywne obrazki, doskona\u0142a jako\u015b\u0107 wydruku, precyzyjne wyci\u0119cia, trwa\u0142e i cenne materia\u0142y.Wszystko to charakteryzuje High Quality Collection Clementoni: eleganck\u0105 lini\u0119 puzzli zrealizowan\u0105 z wielk\u0105 dba\u0142o\u015bci\u0105 o szczeg\u00f3\u0142y.Firma Clementoni, kt\u00f3rej od zawsze le\u017cy na sercu ochrona \u015brodowiska, stara si\u0119 stosowa\u0107 jak najszerzej materia\u0142y z odzysku i unika u\u017cywania komponent\u00f3w zanieczyszczaj\u0105cych otoczenie.Informacje o produkcieNr [&hellip;]<\/p>\n","protected":false},"featured_media":5738,"comment_status":"closed","ping_status":"open","template":"","meta":[],"product_cat":[163,90],"product_tag":[740,771,820],"class_list":["post-5737","product","type-product","status-publish","has-post-thumbnail","hentry","product_cat-clementoni","product_cat-puzzle","product_tag-fajne-prezenty-dla-nastolatkow","product_tag-stolice-europy-quiz","product_tag-ziemia-wyspa-zielona-tekst"],"_links":{"self":[{"href":"http:\/\/klubmamgdynia.pl\/index.php\/wp-json\/wp\/v2\/product\/5737","targetHints":{"allow":["GET"]}}],"collection":[{"href":"http:\/\/klubmamgdynia.pl\/index.php\/wp-json\/wp\/v2\/product"}],"about":[{"href":"http:\/\/klubmamgdynia.pl\/index.php\/wp-json\/wp\/v2\/types\/product"}],"replies":[{"embeddable":true,"href":"http:\/\/klubmamgdynia.pl\/index.php\/wp-json\/wp\/v2\/comments?post=5737"}],"wp:featuredmedia":[{"embeddable":true,"href":"http:\/\/klubmamgdynia.pl\/index.php\/wp-json\/wp\/v2\/media\/5738"}],"wp:attachment":[{"href":"http:\/\/klubmamgdynia.pl\/index.php\/wp-json\/wp\/v2\/media?parent=5737"}],"wp:term":[{"taxonomy":"product_cat","embeddable":true,"href":"http:\/\/klubmamgdynia.pl\/index.php\/wp-json\/wp\/v2\/product_cat?post=5737"},{"taxonomy":"product_tag","embeddable":true,"href":"http:\/\/klubmamgdynia.pl\/index.php\/wp-json\/wp\/v2\/product_tag?post=5737"}],"curies":[{"name":"wp","href":"https:\/\/api.w.org\/{rel}","templated":true}]}}