{"id":5739,"date":"2023-11-02T11:30:33","date_gmt":"2023-11-02T10:30:33","guid":{"rendered":"http:\/\/klubmamgdynia.pl\/?post_type=product&#038;p=5739"},"modified":"2026-04-12T15:05:05","modified_gmt":"2026-04-12T13:05:05","slug":"baby-mix-37158-kostka-interaktywna-muzyczna","status":"publish","type":"product","link":"http:\/\/klubmamgdynia.pl\/index.php\/produkt\/baby-mix-37158-kostka-interaktywna-muzyczna\/","title":{"rendered":"Baby Mix 37158 Kostka Interaktywna Muzyczna"},"content":{"rendered":"<p>Interaktywna zabawka muzyczna kostka Baby Mix. Zabawka symuluje prawid\u0142owy rozw\u00f3j empiryczny dziecka. Posiada \u0142atwe w uruchamianiu przyciski i kszta\u0142ty dopasowane do malutkich r\u0105czek dziecka. Kostka posiada mi\u0119dzy innymi zegar, ma\u0142e pianino, dwa przyciski z melodyjkami, zestaw k\u00f3\u0142ek i inne. Przeznaczony dla dzieci od 6 miesi\u0119cy. Rozmiary 15x15x15 cm. Waga 600g. Zabawka zawiera trzy 1,5 V baterie AA&#8230;.<\/p>\n<h2>Baby Mix 37158 Kostka Interaktywna Muzyczna Baby Mix<\/h2>\n<p>co na prezent dla nastolatk\u00f3w, test z lektury miko\u0142ajek do druku, halszka, ninjago kolorowanki, melania imi\u0119, przedszkole drugi dom, ma\u0142o nas do pieczenia chleba, szybkie zagadki matematyczne, linda, quiz o psie kt\u00f3ry je\u017adzi\u0142 kolej\u0105, wierszyk o wakacjach, nasza zima z\u0142a tekst, maski do druku kolorowe, litera y do druku, \u015bmieszne zagadki z odpowiedziami, zagadki zimowe dla dzieci, aforyzmy o dzieciach<\/p>\n<p>yyyyy<\/p>\n<p>&nbsp;<\/p>\n","protected":false},"excerpt":{"rendered":"<p>Interaktywna zabawka muzyczna kostka Baby Mix. Zabawka symuluje prawid\u0142owy rozw\u00f3j empiryczny dziecka. Posiada \u0142atwe w uruchamianiu przyciski i kszta\u0142ty dopasowane do malutkich r\u0105czek dziecka. Kostka posiada mi\u0119dzy innymi zegar, ma\u0142e pianino, dwa przyciski z melodyjkami, zestaw k\u00f3\u0142ek i inne. Przeznaczony dla dzieci od 6 miesi\u0119cy. Rozmiary 15x15x15 cm. Waga 600g. Zabawka zawiera trzy 1,5 V [&hellip;]<\/p>\n","protected":false},"featured_media":5740,"comment_status":"closed","ping_status":"open","template":"","meta":[],"product_cat":[1388,61],"product_tag":[836,777,667,853,799],"class_list":["post-5739","product","type-product","status-publish","has-post-thumbnail","hentry","product_cat-baby-mix","product_cat-zabawki-edukacyjne-dla-niemowlat","product_tag-co-kupic-dziecku-na-roczek","product_tag-co-na-roczek","product_tag-kolorowanka-lol","product_tag-kolorowanki-do-druku-dla-doroslych","product_tag-zagadka-logiczna"],"_links":{"self":[{"href":"http:\/\/klubmamgdynia.pl\/index.php\/wp-json\/wp\/v2\/product\/5739","targetHints":{"allow":["GET"]}}],"collection":[{"href":"http:\/\/klubmamgdynia.pl\/index.php\/wp-json\/wp\/v2\/product"}],"about":[{"href":"http:\/\/klubmamgdynia.pl\/index.php\/wp-json\/wp\/v2\/types\/product"}],"replies":[{"embeddable":true,"href":"http:\/\/klubmamgdynia.pl\/index.php\/wp-json\/wp\/v2\/comments?post=5739"}],"wp:featuredmedia":[{"embeddable":true,"href":"http:\/\/klubmamgdynia.pl\/index.php\/wp-json\/wp\/v2\/media\/5740"}],"wp:attachment":[{"href":"http:\/\/klubmamgdynia.pl\/index.php\/wp-json\/wp\/v2\/media?parent=5739"}],"wp:term":[{"taxonomy":"product_cat","embeddable":true,"href":"http:\/\/klubmamgdynia.pl\/index.php\/wp-json\/wp\/v2\/product_cat?post=5739"},{"taxonomy":"product_tag","embeddable":true,"href":"http:\/\/klubmamgdynia.pl\/index.php\/wp-json\/wp\/v2\/product_tag?post=5739"}],"curies":[{"name":"wp","href":"https:\/\/api.w.org\/{rel}","templated":true}]}}