{"id":5741,"date":"2019-08-20T06:08:23","date_gmt":"2019-08-20T04:08:23","guid":{"rendered":"http:\/\/klubmamgdynia.pl\/index.php\/produkt\/new-york-company-puzzle-500el-wyprawa-za-miasto-xxl\/"},"modified":"2026-04-17T10:30:30","modified_gmt":"2026-04-17T08:30:30","slug":"new-york-company-puzzle-500el-wyprawa-za-miasto-xxl","status":"publish","type":"product","link":"http:\/\/klubmamgdynia.pl\/index.php\/produkt\/new-york-company-puzzle-500el-wyprawa-za-miasto-xxl\/","title":{"rendered":"New York Company Puzzle 500El. Wyprawa Za Miasto Xxl"},"content":{"rendered":"<p>Puzzle z ameryka\u0144skiej firmy New York Puzzle Company s\u0105 eko przyjazne, farba do ich produkcji jest na bazie soi, sk\u0142adaj\u0105 si\u0119 z 500 element\u00f3w po u\u0142o\u017ceniu tworz\u0105 obraz o wymiarach 61 x 46 cm. Elementy puzzli w wersji XXL. NAZWA PUZZLE 500 WYPRAWA ZA MIASTO XXL PRODUCENT NEW YORK COMPANY WIEK 9+ ILO\u015a\u0106 ELEMENT\u00d3W 500 EAN 0819844010959 Znajd\u017a podobne wed\u0142ug klucza: NEW_YORK_COMPANY PUZZLE PUZZLE_500 WYPRAWA (479629)<\/p>\n<h2>New York Company Puzzle 500El. Wyprawa Za Miasto Xxl <\/h2>\n<p>szymon znaczenie imiona, kotek kolorowanka, delfinarium polska, najlepsze pranki na prima aprilis, podchwytliwe zagadki z odpowiedziami, quiz psi patrol, zagadki logiczne trudne, kawa\u0142y na prima aprilis dla rodzic\u00f3w, atrakcje dla dzieci pozna\u0144 2021, imi\u0119 mira, andrzejki dekoracje do druku, koty kolorowanki do druku, wielkanocne zagadki dla dzieci, lukrecja imi\u0119, psi patrol do czytania, uk\u0142ad s\u0142oneczny dla dzieci do druku<\/p>\n<p>yyyyy<\/p>\n<p>&nbsp;<\/p>\n","protected":false},"excerpt":{"rendered":"<p>Puzzle z ameryka\u0144skiej firmy New York Puzzle Company s\u0105 eko przyjazne, farba do ich produkcji jest na bazie soi, sk\u0142adaj\u0105 si\u0119 z 500 element\u00f3w po u\u0142o\u017ceniu tworz\u0105 obraz o wymiarach 61 x 46 cm. Elementy puzzli w wersji XXL. NAZWA PUZZLE 500 WYPRAWA ZA MIASTO XXL PRODUCENT NEW YORK COMPANY WIEK 9+ ILO\u015a\u0106 ELEMENT\u00d3W 500 [&hellip;]<\/p>\n","protected":false},"featured_media":5742,"comment_status":"closed","ping_status":"open","template":"","meta":[],"product_cat":[90],"product_tag":[838,720,747,644,592,796,600],"class_list":["post-5741","product","type-product","status-publish","has-post-thumbnail","hentry","product_cat-puzzle","product_tag-bajki-dla-dzieci-na-dobranoc","product_tag-malowanki","product_tag-malowanki-do-druku","product_tag-mia","product_tag-zagadki-dla-dzieci","product_tag-zagatki","product_tag-zaproszenia-na-urodziny-do-druku"],"_links":{"self":[{"href":"http:\/\/klubmamgdynia.pl\/index.php\/wp-json\/wp\/v2\/product\/5741","targetHints":{"allow":["GET"]}}],"collection":[{"href":"http:\/\/klubmamgdynia.pl\/index.php\/wp-json\/wp\/v2\/product"}],"about":[{"href":"http:\/\/klubmamgdynia.pl\/index.php\/wp-json\/wp\/v2\/types\/product"}],"replies":[{"embeddable":true,"href":"http:\/\/klubmamgdynia.pl\/index.php\/wp-json\/wp\/v2\/comments?post=5741"}],"wp:featuredmedia":[{"embeddable":true,"href":"http:\/\/klubmamgdynia.pl\/index.php\/wp-json\/wp\/v2\/media\/5742"}],"wp:attachment":[{"href":"http:\/\/klubmamgdynia.pl\/index.php\/wp-json\/wp\/v2\/media?parent=5741"}],"wp:term":[{"taxonomy":"product_cat","embeddable":true,"href":"http:\/\/klubmamgdynia.pl\/index.php\/wp-json\/wp\/v2\/product_cat?post=5741"},{"taxonomy":"product_tag","embeddable":true,"href":"http:\/\/klubmamgdynia.pl\/index.php\/wp-json\/wp\/v2\/product_tag?post=5741"}],"curies":[{"name":"wp","href":"https:\/\/api.w.org\/{rel}","templated":true}]}}