{"id":5743,"date":"2025-01-19T22:57:18","date_gmt":"2025-01-19T21:57:18","guid":{"rendered":"http:\/\/klubmamgdynia.pl\/?post_type=product&#038;p=5743"},"modified":"2026-04-03T17:33:30","modified_gmt":"2026-04-03T15:33:30","slug":"trade-kolorowanka-w-rolce-rex-london-lesni-przyjaciele-28540","status":"publish","type":"product","link":"http:\/\/klubmamgdynia.pl\/index.php\/produkt\/trade-kolorowanka-w-rolce-rex-london-lesni-przyjaciele-28540\/","title":{"rendered":"Trade Kolorowanka W Rolce Rex London Le\u015bni Przyjaciele (28540)"},"content":{"rendered":"<p>Rex London Kolorowanka w rolce Le\u015bni przyjaciele to zestaw kreatywny, kt\u00f3ry umili dziecku czas w domu i w podr\u00f3\u017cy.Rex London Kolorowanka :- kolorowanka w rolce, kt\u00f3ra sprawdzi si\u0119 w domu i w podr\u00f3\u017cy;- dwa metry ilustracji do kolorowania i mini zada\u0144\/gier do rozwi\u0105zania;- pude\u0142ko pozwala utrzyma\u0107 porz\u0105dek i u\u0142atwia transport;- pozwala walczy\u0107 z nud\u0105;- umo\u017cliwia \u0107wiczenie ma\u0142ej motoryki;- pomaga w \u0107wiczeniu koncentracji i cierpliwo\u015bci.- dla dzieci powy\u017cej 3 roku \u017cycia;- w zestawie &#8211; dwumetrowa wyci\u0105gana rolka z grami i kolorowankami + kolorowy &#8222;o\u0142\u00f3wek&#8221; (7 kolor\u00f3w jedne na drugim)- opisy na kolorowankach nie s\u0105 w j\u0119zyku polskim;- materia\u0142: karta, plastik, papier, grafit- wymiary: opakowanie &#8211; 13 x 3,5 x 3,5 cm; d\u0142ugo\u015b\u0107 kolorowanki 2 m<\/p>\n<h2>Trade Kolorowanka W Rolce Rex London Le\u015bni Przyjaciele (28540) Rex London<\/h2>\n<p>wy\u015bcig but\u00f3w, \u015bwi\u0105teczny film dla dzieci, zagadki o przyborach szkolnych, quizy dla dzieci z bajek, test asiunia joanna papuzi\u0144ska<\/p>\n<p>yyyyy<\/p>\n<p>&nbsp;<\/p>\n","protected":false},"excerpt":{"rendered":"<p>Rex London Kolorowanka w rolce Le\u015bni przyjaciele to zestaw kreatywny, kt\u00f3ry umili dziecku czas w domu i w podr\u00f3\u017cy.Rex London Kolorowanka :- kolorowanka w rolce, kt\u00f3ra sprawdzi si\u0119 w domu i w podr\u00f3\u017cy;- dwa metry ilustracji do kolorowania i mini zada\u0144\/gier do rozwi\u0105zania;- pude\u0142ko pozwala utrzyma\u0107 porz\u0105dek i u\u0142atwia transport;- pozwala walczy\u0107 z nud\u0105;- umo\u017cliwia [&hellip;]<\/p>\n","protected":false},"featured_media":5744,"comment_status":"closed","ping_status":"open","template":"","meta":[],"product_cat":[259,21],"product_tag":[728,676,609,602],"class_list":["post-5743","product","type-product","status-publish","has-post-thumbnail","hentry","product_cat-rex-london","product_cat-zabawki-plastyczne","product_tag-bezwarunkowa-milosc-do-dziecka-cytaty","product_tag-bursztynek","product_tag-quiz-flagi-europy","product_tag-quiz-o-zwierzetach-domowych"],"_links":{"self":[{"href":"http:\/\/klubmamgdynia.pl\/index.php\/wp-json\/wp\/v2\/product\/5743","targetHints":{"allow":["GET"]}}],"collection":[{"href":"http:\/\/klubmamgdynia.pl\/index.php\/wp-json\/wp\/v2\/product"}],"about":[{"href":"http:\/\/klubmamgdynia.pl\/index.php\/wp-json\/wp\/v2\/types\/product"}],"replies":[{"embeddable":true,"href":"http:\/\/klubmamgdynia.pl\/index.php\/wp-json\/wp\/v2\/comments?post=5743"}],"wp:featuredmedia":[{"embeddable":true,"href":"http:\/\/klubmamgdynia.pl\/index.php\/wp-json\/wp\/v2\/media\/5744"}],"wp:attachment":[{"href":"http:\/\/klubmamgdynia.pl\/index.php\/wp-json\/wp\/v2\/media?parent=5743"}],"wp:term":[{"taxonomy":"product_cat","embeddable":true,"href":"http:\/\/klubmamgdynia.pl\/index.php\/wp-json\/wp\/v2\/product_cat?post=5743"},{"taxonomy":"product_tag","embeddable":true,"href":"http:\/\/klubmamgdynia.pl\/index.php\/wp-json\/wp\/v2\/product_tag?post=5743"}],"curies":[{"name":"wp","href":"https:\/\/api.w.org\/{rel}","templated":true}]}}