{"id":5745,"date":"2019-03-31T07:22:02","date_gmt":"2019-03-31T05:22:02","guid":{"rendered":"http:\/\/klubmamgdynia.pl\/index.php\/produkt\/gibsons-puzzle-1000el-tobermory-szkocja\/"},"modified":"2026-04-05T21:36:44","modified_gmt":"2026-04-05T19:36:44","slug":"gibsons-puzzle-1000el-tobermory-szkocja","status":"publish","type":"product","link":"http:\/\/klubmamgdynia.pl\/index.php\/produkt\/gibsons-puzzle-1000el-tobermory-szkocja\/","title":{"rendered":"Gibsons Puzzle 1000El. Tobermory Szkocja"},"content":{"rendered":"<p>Gibsons to rodzinna firma zajmuj\u0105ca si\u0119 produkcj\u0105 puzzli i gier planszowych. Za\u0142o\u017cona w Londynie w 1919 roku, dostarcza rozrywk\u0119 pokoleniom od ponad 100 lat, a ich motywem przewodnim jest tworzenie produkt\u00f3w najwy\u017cszej jako\u015bci dla wszystkich grup wiekowych.Dlaczego warto wybra\u0107 puzzle marki Gibsons?:Puzzle wytwarzane s\u0105 w Wielkiej Brytanii i Europie, a do ich produkcji u\u017cywany jest karton o najwy\u017cszej gramaturze na rynku. Wsp\u00f3\u0142praca z ca\u0142\u0105 rzesz\u0105 utalentowanych artyst\u00f3w pozwala stworzy\u0107 nowoczesne i ciekawe wzory, od nostalgicznych scen po hipnotyzuj\u0105ce nadruki. Pi\u0119knie ilustrowane elementy s\u0105 zaprojektowane tak, aby idealnie do siebie pasowa\u0142y. Puzzle marki Gibsons s\u0105 przyjazne dla planety. Wykonane s\u0105 w 100% z tektury pochodz\u0105cej z recyklingu i zabezpieczone zak\u0142adkami, a nie foli\u0105 termokurczliw\u0105, aby zmniejszy\u0107 ilo\u015b\u0107 plastiku jednorazowego u\u017cytku. Pude\u0142ko ma b\u0142yszcz\u0105c\u0105 pow\u0142ok\u0119 dla dodatkowej ochrony, ale dzi\u0119ki temu zyska\u0142o tak\u017ce nowy, \u015bwie\u017cy wygl\u0105d. NAZWA PUZZLE 1000 TOBERMORY\/SZKOCJA G3 PRODUCENT GIBSONS WIEK 12+ ILO\u015a\u0106 ELEMENT\u00d3W 1000 EAN 5012269060584 Znajd\u017a podobne wed\u0142ug klucza: GIBSONS PUZZLE PUZZLE_1000 (461259)<\/p>\n<h2>Gibsons Puzzle 1000El. Tobermory Szkocja Gibsons<\/h2>\n<p>asiunia &#8211; test z lektury pdf, co kupi\u0107 nastolatkowi, quizy geograficzne, prezent dla nastolatek, quiz znaki drogowe, najlepsze \u017carty na prima aprilis, kolorowanki pokemon, wielkanocne zagadki dla dzieci, prezent na roczek dla chlopca, quiz felix net i nika oraz gang niewidzialnych ludzi, kinderbal przepisy, glupie zagadki, kolorowanka dla dziewczynki, zagadki o przyborach szkolnych, bombki do kolorowania, cytaty z ma\u0142ego ksi\u0119cia, co kupic na roczek, kolorowanka mia i ja, darmowe kolorowanki do druku, na wyspach bergamuta<\/p>\n<p>yyyyy<\/p>\n<p>&nbsp;<\/p>\n","protected":false},"excerpt":{"rendered":"<p>Gibsons to rodzinna firma zajmuj\u0105ca si\u0119 produkcj\u0105 puzzli i gier planszowych. Za\u0142o\u017cona w Londynie w 1919 roku, dostarcza rozrywk\u0119 pokoleniom od ponad 100 lat, a ich motywem przewodnim jest tworzenie produkt\u00f3w najwy\u017cszej jako\u015bci dla wszystkich grup wiekowych.Dlaczego warto wybra\u0107 puzzle marki Gibsons?:Puzzle wytwarzane s\u0105 w Wielkiej Brytanii i Europie, a do ich produkcji u\u017cywany jest [&hellip;]<\/p>\n","protected":false},"featured_media":5746,"comment_status":"closed","ping_status":"open","template":"","meta":[],"product_cat":[1360,90],"product_tag":[673,734,748,659],"class_list":["post-5745","product","type-product","status-publish","has-post-thumbnail","hentry","product_cat-gibsons","product_cat-puzzle","product_tag-juz-blisko-koleda-tekst","product_tag-milan-imie","product_tag-okolice-wroclawia-atrakcje","product_tag-tupu-tup-po-sniegu-tekst"],"_links":{"self":[{"href":"http:\/\/klubmamgdynia.pl\/index.php\/wp-json\/wp\/v2\/product\/5745","targetHints":{"allow":["GET"]}}],"collection":[{"href":"http:\/\/klubmamgdynia.pl\/index.php\/wp-json\/wp\/v2\/product"}],"about":[{"href":"http:\/\/klubmamgdynia.pl\/index.php\/wp-json\/wp\/v2\/types\/product"}],"replies":[{"embeddable":true,"href":"http:\/\/klubmamgdynia.pl\/index.php\/wp-json\/wp\/v2\/comments?post=5745"}],"wp:featuredmedia":[{"embeddable":true,"href":"http:\/\/klubmamgdynia.pl\/index.php\/wp-json\/wp\/v2\/media\/5746"}],"wp:attachment":[{"href":"http:\/\/klubmamgdynia.pl\/index.php\/wp-json\/wp\/v2\/media?parent=5745"}],"wp:term":[{"taxonomy":"product_cat","embeddable":true,"href":"http:\/\/klubmamgdynia.pl\/index.php\/wp-json\/wp\/v2\/product_cat?post=5745"},{"taxonomy":"product_tag","embeddable":true,"href":"http:\/\/klubmamgdynia.pl\/index.php\/wp-json\/wp\/v2\/product_tag?post=5745"}],"curies":[{"name":"wp","href":"https:\/\/api.w.org\/{rel}","templated":true}]}}