{"id":5747,"date":"2014-09-10T04:45:36","date_gmt":"2014-09-10T02:45:36","guid":{"rendered":"http:\/\/klubmamgdynia.pl\/index.php\/produkt\/tm-toys-cupcake-pachnaca-babeczka-katrin-1089\/"},"modified":"2026-04-06T02:50:54","modified_gmt":"2026-04-06T00:50:54","slug":"tm-toys-cupcake-pachnaca-babeczka-katrin-1089","status":"publish","type":"product","link":"http:\/\/klubmamgdynia.pl\/index.php\/produkt\/tm-toys-cupcake-pachnaca-babeczka-katrin-1089\/","title":{"rendered":"TM Toys Cupcake Pachn\u0105ca Babeczka Katrin (1089)"},"content":{"rendered":"<p>Zapraszamy do zapoznania si\u0119 z nowymi wzorami babeczek Cupcake Surprise. Kolekcjonuj babeczki i zamieniaj je w pi\u0119kne ksi\u0119\u017cniczki. Przekonaj si\u0119, jak \u0142atwo zmienisz kolorow\u0105 babeczk\u0119 w pi\u0119kn\u0105 laleczk\u0119\u2026 i laleczk\u0119 w babeczk\u0119! W zestawie do\u0142\u0105czona szczoteczka do w\u0142os\u00f3w. W asortymencie 12 niepowtarzalnych laleczek, o sze\u015bciu s\u0142odkich zapachach. Zbierz je wszystkie: -truskawka -wanilia -mas\u0142o orzechowe -winogrono -czekolada -cytryna ZAWARTO\u015a\u0106: -babeczka laleczka o zapachu cytrynowym -szczotka do w\u0142os\u00f3w WIEK: 3 lata + WYMIARY: opakowania 10 x 10 x 7 cm UWAGI: Nieodpowiednie dla dzieci w wieku poni\u017cej 3 lat.<\/p>\n<h2>TM Toys Cupcake Pachn\u0105ca Babeczka Katrin (1089) TM Toys<\/h2>\n<p>rodzina sentencja, m.i.a., znaczenie imienia julian, quizy o minecraft, skalne miasto, filmy na \u015bwi\u0119ta bo\u017cego narodzenia, w uk\u0142adzie s\u0142onecznym, karty pracy obrazki do wyklejania plastelin\u0105, kr\u00f3tkie zagadki<\/p>\n<p>yyyyy<\/p>\n<p>&nbsp;<\/p>\n","protected":false},"excerpt":{"rendered":"<p>Zapraszamy do zapoznania si\u0119 z nowymi wzorami babeczek Cupcake Surprise. Kolekcjonuj babeczki i zamieniaj je w pi\u0119kne ksi\u0119\u017cniczki. Przekonaj si\u0119, jak \u0142atwo zmienisz kolorow\u0105 babeczk\u0119 w pi\u0119kn\u0105 laleczk\u0119\u2026 i laleczk\u0119 w babeczk\u0119! W zestawie do\u0142\u0105czona szczoteczka do w\u0142os\u00f3w. W asortymencie 12 niepowtarzalnych laleczek, o sze\u015bciu s\u0142odkich zapachach. Zbierz je wszystkie: -truskawka -wanilia -mas\u0142o orzechowe -winogrono [&hellip;]<\/p>\n","protected":false},"featured_media":5748,"comment_status":"closed","ping_status":"open","template":"","meta":[],"product_cat":[65,145],"product_tag":[578,707,748,579],"class_list":["post-5747","product","type-product","status-publish","has-post-thumbnail","hentry","product_cat-lalki","product_cat-tm-toys","product_tag-fajne-zarty-na-prima-aprilis","product_tag-karty-pracy-dla-dzieci-z-ukrainy","product_tag-okolice-wroclawia-atrakcje","product_tag-quiz-opowiesci-z-narnii-lew-czarownica-i-stara-szafa"],"_links":{"self":[{"href":"http:\/\/klubmamgdynia.pl\/index.php\/wp-json\/wp\/v2\/product\/5747","targetHints":{"allow":["GET"]}}],"collection":[{"href":"http:\/\/klubmamgdynia.pl\/index.php\/wp-json\/wp\/v2\/product"}],"about":[{"href":"http:\/\/klubmamgdynia.pl\/index.php\/wp-json\/wp\/v2\/types\/product"}],"replies":[{"embeddable":true,"href":"http:\/\/klubmamgdynia.pl\/index.php\/wp-json\/wp\/v2\/comments?post=5747"}],"wp:featuredmedia":[{"embeddable":true,"href":"http:\/\/klubmamgdynia.pl\/index.php\/wp-json\/wp\/v2\/media\/5748"}],"wp:attachment":[{"href":"http:\/\/klubmamgdynia.pl\/index.php\/wp-json\/wp\/v2\/media?parent=5747"}],"wp:term":[{"taxonomy":"product_cat","embeddable":true,"href":"http:\/\/klubmamgdynia.pl\/index.php\/wp-json\/wp\/v2\/product_cat?post=5747"},{"taxonomy":"product_tag","embeddable":true,"href":"http:\/\/klubmamgdynia.pl\/index.php\/wp-json\/wp\/v2\/product_tag?post=5747"}],"curies":[{"name":"wp","href":"https:\/\/api.w.org\/{rel}","templated":true}]}}