{"id":575,"date":"2013-07-05T01:01:47","date_gmt":"2013-07-04T23:01:47","guid":{"rendered":"http:\/\/klubmamgdynia.pl\/index.php\/produkt\/cartamundi-karty-tarot-mlle-lenormand-blue-owl-gb-gxp767618\/"},"modified":"2026-04-07T13:53:37","modified_gmt":"2026-04-07T11:53:37","slug":"cartamundi-karty-tarot-mlle-lenormand-blue-owl-gb-gxp767618","status":"publish","type":"product","link":"http:\/\/klubmamgdynia.pl\/index.php\/produkt\/cartamundi-karty-tarot-mlle-lenormand-blue-owl-gb-gxp767618\/","title":{"rendered":"Cartamundi Karty Tarot Mlle Lenormand Blue Owl GB (GXP767618)"},"content":{"rendered":"<p>Zestaw 36 kart o wymiarach 56&#215;87 mm. Instrukcja w j\u0119zyku angielskim.<\/p>\n<h2>Cartamundi Karty Tarot Mlle Lenormand Blue Owl GB (GXP767618) Cartamundi<\/h2>\n<p>wiosna kolorowanka do druku, janusz, piosenka na dzie\u0144 nauczyciela przedszkole, zagadki dla 4 latka do druku, ma\u0142y ksi\u0105\u017c\u0119 &#8211; test z odpowiedziami, quiz z bajek, kwiaty polne nazwy i zdj\u0119cia, kolorowanki do druku kotki<\/p>\n<p>yyyyy<\/p>\n<p>&nbsp;<\/p>\n","protected":false},"excerpt":{"rendered":"<p>Zestaw 36 kart o wymiarach 56&#215;87 mm. Instrukcja w j\u0119zyku angielskim. Cartamundi Karty Tarot Mlle Lenormand Blue Owl GB (GXP767618) Cartamundi wiosna kolorowanka do druku, janusz, piosenka na dzie\u0144 nauczyciela przedszkole, zagadki dla 4 latka do druku, ma\u0142y ksi\u0105\u017c\u0119 &#8211; test z odpowiedziami, quiz z bajek, kwiaty polne nazwy i zdj\u0119cia, kolorowanki do druku kotki [&hellip;]<\/p>\n","protected":false},"featured_media":576,"comment_status":"closed","ping_status":"open","template":"","meta":[],"product_cat":[224,90],"product_tag":[854,750,807,804,623],"class_list":["post-575","product","type-product","status-publish","has-post-thumbnail","hentry","product_cat-cartamundi","product_cat-puzzle","product_tag-cytaty-rodzina","product_tag-imie-kostek","product_tag-logiczne-zagadki","product_tag-ryz-z-owocami","product_tag-zagadki-logiczne-smieszne"],"_links":{"self":[{"href":"http:\/\/klubmamgdynia.pl\/index.php\/wp-json\/wp\/v2\/product\/575","targetHints":{"allow":["GET"]}}],"collection":[{"href":"http:\/\/klubmamgdynia.pl\/index.php\/wp-json\/wp\/v2\/product"}],"about":[{"href":"http:\/\/klubmamgdynia.pl\/index.php\/wp-json\/wp\/v2\/types\/product"}],"replies":[{"embeddable":true,"href":"http:\/\/klubmamgdynia.pl\/index.php\/wp-json\/wp\/v2\/comments?post=575"}],"wp:featuredmedia":[{"embeddable":true,"href":"http:\/\/klubmamgdynia.pl\/index.php\/wp-json\/wp\/v2\/media\/576"}],"wp:attachment":[{"href":"http:\/\/klubmamgdynia.pl\/index.php\/wp-json\/wp\/v2\/media?parent=575"}],"wp:term":[{"taxonomy":"product_cat","embeddable":true,"href":"http:\/\/klubmamgdynia.pl\/index.php\/wp-json\/wp\/v2\/product_cat?post=575"},{"taxonomy":"product_tag","embeddable":true,"href":"http:\/\/klubmamgdynia.pl\/index.php\/wp-json\/wp\/v2\/product_tag?post=575"}],"curies":[{"name":"wp","href":"https:\/\/api.w.org\/{rel}","templated":true}]}}