{"id":5751,"date":"2024-02-21T14:08:26","date_gmt":"2024-02-21T13:08:26","guid":{"rendered":"http:\/\/klubmamgdynia.pl\/?post_type=product&#038;p=5751"},"modified":"2026-05-17T22:00:04","modified_gmt":"2026-05-17T20:00:04","slug":"shan-papier-techniczny-a4-240g-rozowy-landrynkowy-50-arkuszy","status":"publish","type":"product","link":"http:\/\/klubmamgdynia.pl\/index.php\/produkt\/shan-papier-techniczny-a4-240g-rozowy-landrynkowy-50-arkuszy\/","title":{"rendered":"Shan Papier Techniczny A4 240G R\u00f3\u017cowy Landrynkowy 50 Arkuszy"},"content":{"rendered":"<p>Format: A4Ilo\u015b\u0107 arkuszy: 50Gramatura: 240 g\/m2<\/p>\n<h2>Shan Papier Techniczny A4 240G R\u00f3\u017cowy Landrynkowy 50 Arkuszy <\/h2>\n<p>jak narysowa\u0107 kr\u00f3lika, gry dla m\u0142odzie\u017cy, kolorowanki do druku peppa, bajki do czytania na dobranoc, trudne zagadki na inteligencj\u0119, znaki drogowe do druku, kr\u00f3tkie bajki na dobranoc do czytania, imi\u0119 nadia, quiz konie<\/p>\n<p>yyyyy<\/p>\n<p>&nbsp;<\/p>\n","protected":false},"excerpt":{"rendered":"<p>Format: A4Ilo\u015b\u0107 arkuszy: 50Gramatura: 240 g\/m2 Shan Papier Techniczny A4 240G R\u00f3\u017cowy Landrynkowy 50 Arkuszy jak narysowa\u0107 kr\u00f3lika, gry dla m\u0142odzie\u017cy, kolorowanki do druku peppa, bajki do czytania na dobranoc, trudne zagadki na inteligencj\u0119, znaki drogowe do druku, kr\u00f3tkie bajki na dobranoc do czytania, imi\u0119 nadia, quiz konie yyyyy &nbsp;<\/p>\n","protected":false},"featured_media":5752,"comment_status":"closed","ping_status":"open","template":"","meta":[],"product_cat":[325],"product_tag":[685,617,876,840,746],"class_list":["post-5751","product","type-product","status-publish","has-post-thumbnail","hentry","product_cat-szkolne-artykuly-papiernicze","product_tag-cytaty-o-rodzinie","product_tag-keyword","product_tag-przyjazn","product_tag-stare-bajki","product_tag-zagadki-typu-co-to-jest"],"_links":{"self":[{"href":"http:\/\/klubmamgdynia.pl\/index.php\/wp-json\/wp\/v2\/product\/5751","targetHints":{"allow":["GET"]}}],"collection":[{"href":"http:\/\/klubmamgdynia.pl\/index.php\/wp-json\/wp\/v2\/product"}],"about":[{"href":"http:\/\/klubmamgdynia.pl\/index.php\/wp-json\/wp\/v2\/types\/product"}],"replies":[{"embeddable":true,"href":"http:\/\/klubmamgdynia.pl\/index.php\/wp-json\/wp\/v2\/comments?post=5751"}],"wp:featuredmedia":[{"embeddable":true,"href":"http:\/\/klubmamgdynia.pl\/index.php\/wp-json\/wp\/v2\/media\/5752"}],"wp:attachment":[{"href":"http:\/\/klubmamgdynia.pl\/index.php\/wp-json\/wp\/v2\/media?parent=5751"}],"wp:term":[{"taxonomy":"product_cat","embeddable":true,"href":"http:\/\/klubmamgdynia.pl\/index.php\/wp-json\/wp\/v2\/product_cat?post=5751"},{"taxonomy":"product_tag","embeddable":true,"href":"http:\/\/klubmamgdynia.pl\/index.php\/wp-json\/wp\/v2\/product_tag?post=5751"}],"curies":[{"name":"wp","href":"https:\/\/api.w.org\/{rel}","templated":true}]}}