{"id":5753,"date":"2019-03-15T08:27:56","date_gmt":"2019-03-15T07:27:56","guid":{"rendered":"http:\/\/klubmamgdynia.pl\/index.php\/produkt\/marvels-spider-man-the-city-that-never-sleeps-ps4-key\/"},"modified":"2026-04-04T10:21:09","modified_gmt":"2026-04-04T08:21:09","slug":"marvels-spider-man-the-city-that-never-sleeps-ps4-key","status":"publish","type":"product","link":"http:\/\/klubmamgdynia.pl\/index.php\/produkt\/marvels-spider-man-the-city-that-never-sleeps-ps4-key\/","title":{"rendered":"Marvel\u2019s Spider-Man: The City That Never Sleeps (PS4 Key)"},"content":{"rendered":"<p>Dodatek do gry:Spider-Man;No\u015bnik:kod aktywacyjny;Platforma:Playstation 4;Przedzia\u0142 wiekowy (PEGI):16+;Przypisy:Sony;Rodzaj:rozszerzenie gry;Tytu\u0142 dodatku:The City that Never Sleeps;Wymagania sprz\u0119towe:konsola PlayStation 4;Wymagania systemowe:wymaga po\u0142aczenia z internetem, wymaga podstawowej wersji gry<\/p>\n<h2>Marvel\u2019s Spider-Man: The City That Never Sleeps (PS4 Key) Sony<\/h2>\n<p>\u015bmieszne zagadki z odpowiedziami, kolorowanki bajki, zagadki o lesie, liwia imi\u0119, pomys\u0142y na roczek, \u017cyczenia bo\u017ce narodzenie oryginalne, lol do druku, ziemia wyspa zielona tekst, zabawki na roczek, pole dyniowe pozna\u0144, darmowe bajki dla dzieci<\/p>\n<p>yyyyy<\/p>\n<p>&nbsp;<\/p>\n","protected":false},"excerpt":{"rendered":"<p>Dodatek do gry:Spider-Man;No\u015bnik:kod aktywacyjny;Platforma:Playstation 4;Przedzia\u0142 wiekowy (PEGI):16+;Przypisy:Sony;Rodzaj:rozszerzenie gry;Tytu\u0142 dodatku:The City that Never Sleeps;Wymagania sprz\u0119towe:konsola PlayStation 4;Wymagania systemowe:wymaga po\u0142aczenia z internetem, wymaga podstawowej wersji gry Marvel\u2019s Spider-Man: The City That Never Sleeps (PS4 Key) Sony \u015bmieszne zagadki z odpowiedziami, kolorowanki bajki, zagadki o lesie, liwia imi\u0119, pomys\u0142y na roczek, \u017cyczenia bo\u017ce narodzenie oryginalne, lol do druku, [&hellip;]<\/p>\n","protected":false},"featured_media":5754,"comment_status":"closed","ping_status":"open","template":"","meta":[],"product_cat":[1389,366],"product_tag":[852,807,644,868],"class_list":["post-5753","product","type-product","status-publish","has-post-thumbnail","hentry","product_cat-gry-do-pobrania-na-playstation-4","product_cat-sony","product_tag-jak-zrobic-samolot-z-papieru","product_tag-logiczne-zagadki","product_tag-mia","product_tag-quizy-dla-dzieci"],"_links":{"self":[{"href":"http:\/\/klubmamgdynia.pl\/index.php\/wp-json\/wp\/v2\/product\/5753","targetHints":{"allow":["GET"]}}],"collection":[{"href":"http:\/\/klubmamgdynia.pl\/index.php\/wp-json\/wp\/v2\/product"}],"about":[{"href":"http:\/\/klubmamgdynia.pl\/index.php\/wp-json\/wp\/v2\/types\/product"}],"replies":[{"embeddable":true,"href":"http:\/\/klubmamgdynia.pl\/index.php\/wp-json\/wp\/v2\/comments?post=5753"}],"wp:featuredmedia":[{"embeddable":true,"href":"http:\/\/klubmamgdynia.pl\/index.php\/wp-json\/wp\/v2\/media\/5754"}],"wp:attachment":[{"href":"http:\/\/klubmamgdynia.pl\/index.php\/wp-json\/wp\/v2\/media?parent=5753"}],"wp:term":[{"taxonomy":"product_cat","embeddable":true,"href":"http:\/\/klubmamgdynia.pl\/index.php\/wp-json\/wp\/v2\/product_cat?post=5753"},{"taxonomy":"product_tag","embeddable":true,"href":"http:\/\/klubmamgdynia.pl\/index.php\/wp-json\/wp\/v2\/product_tag?post=5753"}],"curies":[{"name":"wp","href":"https:\/\/api.w.org\/{rel}","templated":true}]}}