{"id":5755,"date":"2013-11-21T01:11:25","date_gmt":"2013-11-21T00:11:25","guid":{"rendered":"http:\/\/klubmamgdynia.pl\/index.php\/produkt\/pimax-vision-8k-x-pvh00010058\/"},"modified":"2026-04-03T19:03:57","modified_gmt":"2026-04-03T17:03:57","slug":"pimax-vision-8k-x-pvh00010058","status":"publish","type":"product","link":"http:\/\/klubmamgdynia.pl\/index.php\/produkt\/pimax-vision-8k-x-pvh00010058\/","title":{"rendered":"PIMAX Vision 8K X PVH00010058"},"content":{"rendered":"<p>Pimax Vision 8K X oferuje podw\u00f3jny wy\u015bwietlacz 4K, zapewniaj\u0105cy niesamowit\u0105 jako\u015b\u0107 i przejrzysto\u015b\u0107 obrazu. A\u017c do 50% wzrostu subpikseli powoduje, gdy jeste\u015b w swoim wirtualnym \u015bwiecie, efekt drzwi ekranowych jest praktycznie niewidoczny. Dzi\u0119ki technologii Dual Engine Mode, mo\u017cesz swobodnie prze\u0142\u0105cza\u0107 rozdzielczo\u015b\u0107 wej\u015bciow\u0105 mi\u0119dzy 2560x1440x2 pikseli a natywnym trybem 3840x2160x2, aby uzyska\u0107 wyj\u015bcie renderowane w podw\u00f3jnie skalowanym 4K lub podw\u00f3jnie natywnym 4K.Standardowe pole widzenia Pimax 200 stopni (po przek\u0105tnej) gwarantuje wci\u0105gaj\u0105ce wra\u017cenia. Dzi\u0119ki nowo zaprojektowanemu komfortowemu zestawowi Vision (obejmuj\u0105cemu os\u0142on\u0119 twarzy, os\u0142on\u0119 nosa i mi\u0119kk\u0105 piank\u0119 na twarz) oraz najnowszy zintegrowany modu\u0142owy pasek audio, u\u017cytkownicy mog\u0105 cieszy\u0107 si\u0119 bezproblemowym do\u015bwiadczeniem VR z najlepsz\u0105 dost\u0119pn\u0105 jako\u015bci\u0105 obrazu i d\u017awi\u0119ku. Nowe ulepszenia komfortu pozwalaj\u0105 r\u00f3wnie\u017c na d\u0142ugie godziny ci\u0105g\u0142ej przyjemno\u015bci. Z Pimaxem uzyskasz podgl\u0105d VR bez kompromis\u00f3w. Nie b\u0119dziesz chcia\u0142 wraca\u0107 do \u017cadnego innego zestawu VR.Dane techniczne\u2705 8GB RAM\u2705 Procesor lntel I5-9400\u2705 System Windows 10\u2705 Cz\u0119stotliwo\u015b\u0107 od\u015bwie\u017cania: 90Hz\u2705 Przek\u0105tna ekranu: 3,4&#8243;\u2705 Rozdzielczo\u015b\u0107 3840*2160*2\u2705 Wej\u015bcia: USB, USB-C, Audio Jack, DP\u2705 Waga: 3500g\u2705 Wymiary: 28 x 10.82 x 13.59 [cm]\u2705 \u017byroskop: TAK<\/p>\n<h2>PIMAX Vision 8K X PVH00010058 Pimax<\/h2>\n<p>quiz o wio\u015bnie, miastodzieci, desery dla dzieci, co kupi\u0107 na roczek dla dziewczynki, wr\u00f3\u017cby andrzejkowe online dla dzieci, malowane kamienie, imi\u0119 kuba, delfinarium polska, bajki dla dzieci za darmo, sporty po francusku, test z lektury asiunia, sentencja dla dziecka, sentencja rodzina, szablony postacie do szopki do druku, przyjazn, test z lektury felix net i nika oraz gang niewidzialnych ludzi, pytania do lektury asiunia, cytaty dziecko<\/p>\n<p>yyyyy<\/p>\n<p>&nbsp;<\/p>\n","protected":false},"excerpt":{"rendered":"<p>Pimax Vision 8K X oferuje podw\u00f3jny wy\u015bwietlacz 4K, zapewniaj\u0105cy niesamowit\u0105 jako\u015b\u0107 i przejrzysto\u015b\u0107 obrazu. A\u017c do 50% wzrostu subpikseli powoduje, gdy jeste\u015b w swoim wirtualnym \u015bwiecie, efekt drzwi ekranowych jest praktycznie niewidoczny. Dzi\u0119ki technologii Dual Engine Mode, mo\u017cesz swobodnie prze\u0142\u0105cza\u0107 rozdzielczo\u015b\u0107 wej\u015bciow\u0105 mi\u0119dzy 2560x1440x2 pikseli a natywnym trybem 3840x2160x2, aby uzyska\u0107 wyj\u015bcie renderowane w podw\u00f3jnie [&hellip;]<\/p>\n","protected":false},"featured_media":5756,"comment_status":"closed","ping_status":"open","template":"","meta":[],"product_cat":[1386,1390],"product_tag":[845,825,844,638,764,841,595],"class_list":["post-5755","product","type-product","status-publish","has-post-thumbnail","hentry","product_cat-okulary-vr","product_cat-pimax","product_tag-ach-spij-kochanie-tekst","product_tag-bajka-na-dobranoc-do-czytania","product_tag-co-kupic-na-roczek","product_tag-miastodzieci","product_tag-prezenty-na-roczek-dla-dziewczynki","product_tag-quiz-o-flagach","product_tag-zagadki-dla-6-latka"],"_links":{"self":[{"href":"http:\/\/klubmamgdynia.pl\/index.php\/wp-json\/wp\/v2\/product\/5755","targetHints":{"allow":["GET"]}}],"collection":[{"href":"http:\/\/klubmamgdynia.pl\/index.php\/wp-json\/wp\/v2\/product"}],"about":[{"href":"http:\/\/klubmamgdynia.pl\/index.php\/wp-json\/wp\/v2\/types\/product"}],"replies":[{"embeddable":true,"href":"http:\/\/klubmamgdynia.pl\/index.php\/wp-json\/wp\/v2\/comments?post=5755"}],"wp:featuredmedia":[{"embeddable":true,"href":"http:\/\/klubmamgdynia.pl\/index.php\/wp-json\/wp\/v2\/media\/5756"}],"wp:attachment":[{"href":"http:\/\/klubmamgdynia.pl\/index.php\/wp-json\/wp\/v2\/media?parent=5755"}],"wp:term":[{"taxonomy":"product_cat","embeddable":true,"href":"http:\/\/klubmamgdynia.pl\/index.php\/wp-json\/wp\/v2\/product_cat?post=5755"},{"taxonomy":"product_tag","embeddable":true,"href":"http:\/\/klubmamgdynia.pl\/index.php\/wp-json\/wp\/v2\/product_tag?post=5755"}],"curies":[{"name":"wp","href":"https:\/\/api.w.org\/{rel}","templated":true}]}}