{"id":5757,"date":"2024-04-09T07:42:29","date_gmt":"2024-04-09T05:42:29","guid":{"rendered":"http:\/\/klubmamgdynia.pl\/?post_type=product&#038;p=5757"},"modified":"2026-04-05T20:47:45","modified_gmt":"2026-04-05T18:47:45","slug":"alvi-spiwor-jersey-light-new-anchor-marine-r-110-cm","status":"publish","type":"product","link":"http:\/\/klubmamgdynia.pl\/index.php\/produkt\/alvi-spiwor-jersey-light-new-anchor-marine-r-110-cm\/","title":{"rendered":"Alvi \u015apiw\u00f3r Jersey Light New Anchor Marine R. 110 Cm"},"content":{"rendered":"<p>Szczeg\u00f3\u0142y produktu: \u015apiw\u00f3r letni z jerseyu Warto\u015b\u0107 TOG: 0,5 Przyjazny dla sk\u00f3ry Lekkie, bez wy\u015bcie\u0142ania Komfortowy zamek b\u0142yskawiczny z os\u0142on\u0105 podbr\u00f3dka Du\u017ca swoboda ruch\u00f3w Starannie wyko\u0144czone Du\u017ca szeroko\u015b\u0107 Materia\u0142 i piel\u0119gnacja: Materia\u0142: 100% bawe\u0142na Mo\u017cna pra\u0107 w temperaturze do 60 \u00b0C Suszy\u0107 w suszarce b\u0119bnowej Kt\u00f3ry rozmiar jest w\u0142a\u015bciwy? D\u0142ugo\u015b\u0107 cia\u0142a &#8211; d\u0142ugo\u015b\u0107 g\u0142owy + 10 cm. Je\u015bli Tw\u00f3j ma\u0142y ulubieniec mie\u015bci si\u0119 w dw\u00f3ch rozmiarach, zawsze obowi\u0105zuje zasada: Wyro\u015bnij, nie bud\u017a si\u0119. W takim przypadku lepiej jest wybra\u0107 ma\u0142y rozmiar, poniewa\u017c w przeciwnym razie dekolt m\u00f3g\u0142by by\u0107 zbyt du\u017cy. Co dziecko ma na sobie pod \u015bpiworkiem? Dzi\u0119ki warto\u015bciom TOG zapewniaj\u0105cym optymalny klimat do spania. Odpowiednia temperatura w \u0142\u00f3\u017ceczku dziecka jest nie tylko wa\u017cna, ale tak\u017ce stawia przed rodzicami pytania o w\u0142a\u015bciw\u0105 odzie\u017c: Czy \u015bpiw\u00f3r jest wystarczaj\u0105cy, czy te\u017c aktualna temperatura w pomieszczeniu wymaga dodatkowej bielizny do spania? Ta tabela warto\u015bci TOG zapewnia przejrzysto\u015b\u0107. Warto\u015b\u0107 TOG s\u0142u\u017cy do okre\u015blania oporu cieplnego tekstyli\u00f3w. Og\u00f3lnie rzecz bior\u0105c, im wy\u017csza warto\u015b\u0107 TOG, tym cieplejszy b\u0119dzie \u015bpiw\u00f3r. Dzi\u0119ki temu przegl\u0105dowi rodzice wiedz\u0105 dok\u0142adnie, jakie kombinacje \u015bpiwork\u00f3w i ubranek Alvi \u00ae zapewniaj\u0105 dziecku optymalny klimat do spania &#8211; dla bezpiecznego i spokojnego snu niemowl\u0105t.<\/p>\n<h2>Alvi \u015apiw\u00f3r Jersey Light New Anchor Marine R. 110 Cm Alvi<\/h2>\n<p>trudne zagadki na inteligencje, platformy edukacyjne dla dzieci, hot wheels kolorowanka, minecraft quiz, zaproszenie na urodziny do druku, zagadki dla dzieci do druku, uk\u0142ad s\u0142oneczny dla dzieci do druku, zaproszenie na urodziny do druku pdf, imie nadia, opowiadanie o miko\u0142aju dla przedszkolak\u00f3w, \u015bwinka peppa kolorowanka, quiz opowie\u015bci z narnii, proste zagadki, prezenty na urodziny dla nastolatk\u00f3w, kolorowanka lol surprise, gad\u017cety dla nastolatki<\/p>\n<p>yyyyy<\/p>\n<p>&nbsp;<\/p>\n","protected":false},"excerpt":{"rendered":"<p>Szczeg\u00f3\u0142y produktu: \u015apiw\u00f3r letni z jerseyu Warto\u015b\u0107 TOG: 0,5 Przyjazny dla sk\u00f3ry Lekkie, bez wy\u015bcie\u0142ania Komfortowy zamek b\u0142yskawiczny z os\u0142on\u0105 podbr\u00f3dka Du\u017ca swoboda ruch\u00f3w Starannie wyko\u0144czone Du\u017ca szeroko\u015b\u0107 Materia\u0142 i piel\u0119gnacja: Materia\u0142: 100% bawe\u0142na Mo\u017cna pra\u0107 w temperaturze do 60 \u00b0C Suszy\u0107 w suszarce b\u0119bnowej Kt\u00f3ry rozmiar jest w\u0142a\u015bciwy? D\u0142ugo\u015b\u0107 cia\u0142a &#8211; d\u0142ugo\u015b\u0107 g\u0142owy + [&hellip;]<\/p>\n","protected":false},"featured_media":5758,"comment_status":"closed","ping_status":"open","template":"","meta":[],"product_cat":[121,395],"product_tag":[723,657,642],"class_list":["post-5757","product","type-product","status-publish","has-post-thumbnail","hentry","product_cat-alvi","product_cat-spiworki","product_tag-krotkie-bajki-do-czytania-na-dobranoc","product_tag-lol-kolorowanka","product_tag-mia-imie"],"_links":{"self":[{"href":"http:\/\/klubmamgdynia.pl\/index.php\/wp-json\/wp\/v2\/product\/5757","targetHints":{"allow":["GET"]}}],"collection":[{"href":"http:\/\/klubmamgdynia.pl\/index.php\/wp-json\/wp\/v2\/product"}],"about":[{"href":"http:\/\/klubmamgdynia.pl\/index.php\/wp-json\/wp\/v2\/types\/product"}],"replies":[{"embeddable":true,"href":"http:\/\/klubmamgdynia.pl\/index.php\/wp-json\/wp\/v2\/comments?post=5757"}],"wp:featuredmedia":[{"embeddable":true,"href":"http:\/\/klubmamgdynia.pl\/index.php\/wp-json\/wp\/v2\/media\/5758"}],"wp:attachment":[{"href":"http:\/\/klubmamgdynia.pl\/index.php\/wp-json\/wp\/v2\/media?parent=5757"}],"wp:term":[{"taxonomy":"product_cat","embeddable":true,"href":"http:\/\/klubmamgdynia.pl\/index.php\/wp-json\/wp\/v2\/product_cat?post=5757"},{"taxonomy":"product_tag","embeddable":true,"href":"http:\/\/klubmamgdynia.pl\/index.php\/wp-json\/wp\/v2\/product_tag?post=5757"}],"curies":[{"name":"wp","href":"https:\/\/api.w.org\/{rel}","templated":true}]}}