{"id":5759,"date":"2023-12-21T10:35:16","date_gmt":"2023-12-21T09:35:16","guid":{"rendered":"http:\/\/klubmamgdynia.pl\/?post_type=product&#038;p=5759"},"modified":"2026-05-17T22:38:35","modified_gmt":"2026-05-17T20:38:35","slug":"clementoni-clemmy-klocki-domek-swinka-peppa-17657","status":"publish","type":"product","link":"http:\/\/klubmamgdynia.pl\/index.php\/produkt\/clementoni-clemmy-klocki-domek-swinka-peppa-17657\/","title":{"rendered":"Clementoni Clemmy Klocki Domek \u015awinka Peppa 17657"},"content":{"rendered":"<p>Nowy Domek Clemmy Peppa Pig, wi\u0119kszy i bogatszy, z bardziej mi\u0119kkimi elementami i dodatkowymi aktywno\u015bciami: dach i drzwi mo\u017cna otworzy\u0107, aby umie\u015bci\u0107 i pobra\u0107 klocki oraz do\u0142\u0105czon\u0105 posta\u0107. NAZWA CLEMMY BABY. DOMEK PEPPA PIG PRODUCENT CLEMENTONI WIEK 18M+ EAN 8005125176571 Znajd\u017a podobne wed\u0142ug klucza: CLEMENTONI BABY CLEMMY CLEMMY_BABY DOMEK (426304)<\/p>\n<h2>Clementoni Clemmy Klocki Domek \u015awinka Peppa 17657 Clementoni<\/h2>\n<p>park ujazdowski, ko\u0142ysanki teksty, domowe syropy na zim\u0119, pomys\u0142 na prima aprilis, buziak gify na dobranoc smieszne, filmy disneya, transformers kolorowanka, iwo imie, psi patrol rysunek, co \u0142apie ale nie rzuca, imi\u0119 kostek, drzewo genealogiczne do druku, place zabaw warszawa, pytania wielkanocne, zaproszenia do druku, tymoteusz znaczenie imienia, zagadki na logik\u0119<\/p>\n<p>yyyyy<\/p>\n<p>&nbsp;<\/p>\n","protected":false},"excerpt":{"rendered":"<p>Nowy Domek Clemmy Peppa Pig, wi\u0119kszy i bogatszy, z bardziej mi\u0119kkimi elementami i dodatkowymi aktywno\u015bciami: dach i drzwi mo\u017cna otworzy\u0107, aby umie\u015bci\u0107 i pobra\u0107 klocki oraz do\u0142\u0105czon\u0105 posta\u0107. NAZWA CLEMMY BABY. DOMEK PEPPA PIG PRODUCENT CLEMENTONI WIEK 18M+ EAN 8005125176571 Znajd\u017a podobne wed\u0142ug klucza: CLEMENTONI BABY CLEMMY CLEMMY_BABY DOMEK (426304) Clementoni Clemmy Klocki Domek \u015awinka [&hellip;]<\/p>\n","protected":false},"featured_media":5760,"comment_status":"closed","ping_status":"open","template":"","meta":[],"product_cat":[163,113],"product_tag":[664,790,707,639,597],"class_list":["post-5759","product","type-product","status-publish","has-post-thumbnail","hentry","product_cat-clementoni","product_cat-klocki","product_tag-atrakcje-dla-dzieci-trojmiasto","product_tag-gry-planszowe-dla-nastolatkow","product_tag-karty-pracy-dla-dzieci-z-ukrainy","product_tag-nela-imie","product_tag-zagadki-o-zimie"],"_links":{"self":[{"href":"http:\/\/klubmamgdynia.pl\/index.php\/wp-json\/wp\/v2\/product\/5759","targetHints":{"allow":["GET"]}}],"collection":[{"href":"http:\/\/klubmamgdynia.pl\/index.php\/wp-json\/wp\/v2\/product"}],"about":[{"href":"http:\/\/klubmamgdynia.pl\/index.php\/wp-json\/wp\/v2\/types\/product"}],"replies":[{"embeddable":true,"href":"http:\/\/klubmamgdynia.pl\/index.php\/wp-json\/wp\/v2\/comments?post=5759"}],"wp:featuredmedia":[{"embeddable":true,"href":"http:\/\/klubmamgdynia.pl\/index.php\/wp-json\/wp\/v2\/media\/5760"}],"wp:attachment":[{"href":"http:\/\/klubmamgdynia.pl\/index.php\/wp-json\/wp\/v2\/media?parent=5759"}],"wp:term":[{"taxonomy":"product_cat","embeddable":true,"href":"http:\/\/klubmamgdynia.pl\/index.php\/wp-json\/wp\/v2\/product_cat?post=5759"},{"taxonomy":"product_tag","embeddable":true,"href":"http:\/\/klubmamgdynia.pl\/index.php\/wp-json\/wp\/v2\/product_tag?post=5759"}],"curies":[{"name":"wp","href":"https:\/\/api.w.org\/{rel}","templated":true}]}}