{"id":5763,"date":"2019-09-21T20:38:33","date_gmt":"2019-09-21T18:38:33","guid":{"rendered":"http:\/\/klubmamgdynia.pl\/index.php\/produkt\/pielucha-flanela-wzor-70x80-mix-kolor-mix-wzor\/"},"modified":"2026-05-17T22:57:55","modified_gmt":"2026-05-17T20:57:55","slug":"pielucha-flanela-wzor-70x80-mix-kolor-mix-wzor","status":"publish","type":"product","link":"http:\/\/klubmamgdynia.pl\/index.php\/produkt\/pielucha-flanela-wzor-70x80-mix-kolor-mix-wzor\/","title":{"rendered":"Pielucha Flanela Wz\u00f3r 70X80 Mix Kolor \/ Mix Wz\u00f3r"},"content":{"rendered":"<p>10szt. w opakowaniu. UWAGA!!! ZDJ\u0118CIA POGL\u0104DOWE!!! Wzorzysta flanelowa pielucha zosta\u0142a wykonana z wysokiej jako\u015bci bawe\u0142ny. Sprzeda\u017c ca\u0142ym opakowaniem. W paczce znajduje si\u0119 10 szt. (mix wz\u00f3r) Cena dotyczy 1 szt.<\/p>\n<h2>Pielucha Flanela Wz\u00f3r 70X80 Mix Kolor \/ Mix Wz\u00f3r <\/h2>\n<p>film animowany o \u015bwi\u0119tach, zagadki trudne, mariola, kr\u00f3tkie zagadki logiczne, bajka o poci\u0105gu do czytania, z\u0142ote my\u015bli o rodzinie, wzory zaprosze\u0144 zaproszenie na urodziny szablon do druku, kolorowanka lol, zabawy na dzie\u0144 dziecka w szkole, roczek prezenty, kr\u00f3tkie bajki do czytania pdf, m.i.a., peppa do czytania, szablony papierowe lalki do ubierania do wydruku, zagadki nie do rozwi\u0105zania, quiz flagi europy, dary jesieni kolorowanki jesie\u0144, wobies<\/p>\n<p>yyyyy<\/p>\n<p>&nbsp;<\/p>\n","protected":false},"excerpt":{"rendered":"<p>10szt. w opakowaniu. UWAGA!!! ZDJ\u0118CIA POGL\u0104DOWE!!! Wzorzysta flanelowa pielucha zosta\u0142a wykonana z wysokiej jako\u015bci bawe\u0142ny. Sprzeda\u017c ca\u0142ym opakowaniem. W paczce znajduje si\u0119 10 szt. (mix wz\u00f3r) Cena dotyczy 1 szt. Pielucha Flanela Wz\u00f3r 70X80 Mix Kolor \/ Mix Wz\u00f3r film animowany o \u015bwi\u0119tach, zagadki trudne, mariola, kr\u00f3tkie zagadki logiczne, bajka o poci\u0105gu do czytania, z\u0142ote [&hellip;]<\/p>\n","protected":false},"featured_media":5764,"comment_status":"closed","ping_status":"open","template":"","meta":[],"product_cat":[17],"product_tag":[746,733,701],"class_list":["post-5763","product","type-product","status-publish","has-post-thumbnail","hentry","product_cat-pieluchy","product_tag-zagadki-typu-co-to-jest","product_tag-zarty-na-prima-aprilis","product_tag-zgadywanki-dla-dzieci"],"_links":{"self":[{"href":"http:\/\/klubmamgdynia.pl\/index.php\/wp-json\/wp\/v2\/product\/5763","targetHints":{"allow":["GET"]}}],"collection":[{"href":"http:\/\/klubmamgdynia.pl\/index.php\/wp-json\/wp\/v2\/product"}],"about":[{"href":"http:\/\/klubmamgdynia.pl\/index.php\/wp-json\/wp\/v2\/types\/product"}],"replies":[{"embeddable":true,"href":"http:\/\/klubmamgdynia.pl\/index.php\/wp-json\/wp\/v2\/comments?post=5763"}],"wp:featuredmedia":[{"embeddable":true,"href":"http:\/\/klubmamgdynia.pl\/index.php\/wp-json\/wp\/v2\/media\/5764"}],"wp:attachment":[{"href":"http:\/\/klubmamgdynia.pl\/index.php\/wp-json\/wp\/v2\/media?parent=5763"}],"wp:term":[{"taxonomy":"product_cat","embeddable":true,"href":"http:\/\/klubmamgdynia.pl\/index.php\/wp-json\/wp\/v2\/product_cat?post=5763"},{"taxonomy":"product_tag","embeddable":true,"href":"http:\/\/klubmamgdynia.pl\/index.php\/wp-json\/wp\/v2\/product_tag?post=5763"}],"curies":[{"name":"wp","href":"https:\/\/api.w.org\/{rel}","templated":true}]}}