{"id":5765,"date":"2018-06-04T22:26:42","date_gmt":"2018-06-04T20:26:42","guid":{"rendered":"http:\/\/klubmamgdynia.pl\/index.php\/produkt\/little-tikes-klocki-wafle-woz-strazacki-644481\/"},"modified":"2026-05-17T22:38:11","modified_gmt":"2026-05-17T20:38:11","slug":"little-tikes-klocki-wafle-woz-strazacki-644481","status":"publish","type":"product","link":"http:\/\/klubmamgdynia.pl\/index.php\/produkt\/little-tikes-klocki-wafle-woz-strazacki-644481\/","title":{"rendered":"Little Tikes Klocki Wafle W\u00f3z Stra\u017cacki 644481"},"content":{"rendered":"<p>LITTLE TIKES, KLOCKI WAFLE W\u00d3Z STRA\u017bACKI                            <\/p>\n<p>Klocki typu &#8222;wafle&#8221;, z kt\u00f3rych z \u0142atwo\u015bci\u0105 ka\u017cde dziecko zbuduje w\u00f3z stra\u017cacki, a tak\u017ce inne konfiguracje. Zestaw sk\u0142adaj\u0105cy si\u0119 \u0142\u0105cznie z 76 element\u00f3w, w tym zawiera 1 figurk\u0119. Zestaw mo\u017cna rozbudowa\u0107 o dodatkowe figurki mi\u0119dzy innymi naukowca, gejszy, p\u0142ywaka, robota, wr\u00f3\u017cki czy te\u017c sowy, jednoro\u017cca, nied\u017awiedzia, tygrysa i wiele innych (sprzedawane oddzielnie). Wszystkie klocki wafle \u0142\u0105cz\u0105 si\u0119 i s\u0105 kompatybilne by nigdy nie ko\u0144czy\u0142a si\u0119 zabawa.<\/p>\n<p>Zestaw zawiera:<br \/>\n&#8211; 1 figurk\u0119<br \/>\n&#8211; 75 klock\u00f3w                            <\/p>\n<p>Produkty firmy Little Tikes s\u0105 znane i lubiane na wszystkich kontynentach, w wielu domach w\u015br\u00f3d niezliczonej rzeszy u\u015bmiechni\u0119tych dzieci oraz zadowolonych rodzic\u00f3w. Maj\u0105c na uwadze bezpiecze\u0144stwo dzieci, firma Little Tikes wytwarza produkty, kt\u00f3re gwarantuj\u0105 wszystkie niezb\u0119dne normy bezpiecze\u0144stwa. Maj\u0105c na wzgl\u0119dzie wytrzyma\u0142o\u015b\u0107 produkt\u00f3w, zabawki projektowane i produkowane s\u0105 w najbardziej w\u0142a\u015bciwej technologii jak\u0105 jest &#8222;rotomolding&#8221;, gwarantuj\u0105c wspania\u0142\u0105 zabaw\u0119 przez d\u0142ugie lata. Ostrze\u017cenie. Wy\u0142\u0105cznie do u\u017cytku domowego.<\/p>\n<h2>Little Tikes Klocki Wafle W\u00f3z Stra\u017cacki 644481 Little Tikes<\/h2>\n<p>zagadki dla doros\u0142ych, kr\u00f3tkie czytanki dla dzieci do wydruku, loga samochod\u00f3w, wroc\u0142aw atrakcje dla m\u0142odzie\u017cy, bajki dla dzieci na dobranoc do czytania, cytaty o mi\u0142o\u015bci do dziecka, psi patrol do druku, cytaty o przyja\u017ani<\/p>\n<p>yyyyy<\/p>\n<p>&nbsp;<\/p>\n","protected":false},"excerpt":{"rendered":"<p>LITTLE TIKES, KLOCKI WAFLE W\u00d3Z STRA\u017bACKI Klocki typu &#8222;wafle&#8221;, z kt\u00f3rych z \u0142atwo\u015bci\u0105 ka\u017cde dziecko zbuduje w\u00f3z stra\u017cacki, a tak\u017ce inne konfiguracje. Zestaw sk\u0142adaj\u0105cy si\u0119 \u0142\u0105cznie z 76 element\u00f3w, w tym zawiera 1 figurk\u0119. Zestaw mo\u017cna rozbudowa\u0107 o dodatkowe figurki mi\u0119dzy innymi naukowca, gejszy, p\u0142ywaka, robota, wr\u00f3\u017cki czy te\u017c sowy, jednoro\u017cca, nied\u017awiedzia, tygrysa i wiele [&hellip;]<\/p>\n","protected":false},"featured_media":5766,"comment_status":"closed","ping_status":"open","template":"","meta":[],"product_cat":[83,317],"product_tag":[603,755,789,749,850,694],"class_list":["post-5765","product","type-product","status-publish","has-post-thumbnail","hentry","product_cat-auta-i-inne-pojazdy-do-zabawy","product_cat-little-tikes","product_tag-bajki-do-czytania","product_tag-henryk","product_tag-kaczuszka","product_tag-najlepsze-zarty-na-prima-aprilis","product_tag-wroclaw-atrakcje-dla-dzieci","product_tag-zagadki-swiateczne-dla-dzieci"],"_links":{"self":[{"href":"http:\/\/klubmamgdynia.pl\/index.php\/wp-json\/wp\/v2\/product\/5765","targetHints":{"allow":["GET"]}}],"collection":[{"href":"http:\/\/klubmamgdynia.pl\/index.php\/wp-json\/wp\/v2\/product"}],"about":[{"href":"http:\/\/klubmamgdynia.pl\/index.php\/wp-json\/wp\/v2\/types\/product"}],"replies":[{"embeddable":true,"href":"http:\/\/klubmamgdynia.pl\/index.php\/wp-json\/wp\/v2\/comments?post=5765"}],"wp:featuredmedia":[{"embeddable":true,"href":"http:\/\/klubmamgdynia.pl\/index.php\/wp-json\/wp\/v2\/media\/5766"}],"wp:attachment":[{"href":"http:\/\/klubmamgdynia.pl\/index.php\/wp-json\/wp\/v2\/media?parent=5765"}],"wp:term":[{"taxonomy":"product_cat","embeddable":true,"href":"http:\/\/klubmamgdynia.pl\/index.php\/wp-json\/wp\/v2\/product_cat?post=5765"},{"taxonomy":"product_tag","embeddable":true,"href":"http:\/\/klubmamgdynia.pl\/index.php\/wp-json\/wp\/v2\/product_tag?post=5765"}],"curies":[{"name":"wp","href":"https:\/\/api.w.org\/{rel}","templated":true}]}}