{"id":5767,"date":"2023-09-30T22:15:35","date_gmt":"2023-09-30T20:15:35","guid":{"rendered":"http:\/\/klubmamgdynia.pl\/?post_type=product&#038;p=5767"},"modified":"2026-04-27T06:19:27","modified_gmt":"2026-04-27T04:19:27","slug":"ikonka-kola-zebate-przekladnie-edukacyjne-9-plansz-24x24cm","status":"publish","type":"product","link":"http:\/\/klubmamgdynia.pl\/index.php\/produkt\/ikonka-kola-zebate-przekladnie-edukacyjne-9-plansz-24x24cm\/","title":{"rendered":"Ikonka Ko\u0142a Z\u0119bate Przek\u0142adnie Edukacyjne 9 Plansz 24X24Cm"},"content":{"rendered":"<p>wiek dziecka: 3 lata +wymiary planszy: 24 cm x 24 cmzabawka rozwija zdolno\u015bci manualne, wyobra\u017ani\u0119 i kreatywno\u015b\u0107\u0107wiczy koordynacj\u0119 wzrokowo-ruchow\u0105 oraz koncentracj\u0119pomocny w nauce ksztat\u00f3w i kolor\u00f3widealny pomys\u0142 na prezentTen rewelacyjny zestaw posiada kolorowe plansze, przedstawiaj\u0105ce r\u00f3\u017cne obrazki oraz z\u0119bate ko\u0142a w r\u00f3\u017cnym rozmiarze i kolorze. \u0141\u0105czy \u015bwietn\u0105 zabaw\u0119 z nauk\u0105. Zabawka dostarczy maluchowi mn\u00f3stwo fantastycznej zabawy na d\u0142ugi czas oraz sprawi mn\u00f3stwo frajdy.Zestaw wyposa\u017cony jest w:12 plansz z obrazkami 9 kolorowych k\u00f3\u0142 z\u0119batychpojemnik do przechowywaniaZabawa polega na wpinaniu k\u00f3\u0142eczek w otwory obrazka w taki spos\u00f3b aby brzegi ka\u017cdego k\u00f3\u0142ka si\u0119 ze sob\u0105 zaz\u0119bia\u0142y. Ruch jednej z\u0119batki powinien spowodowa\u0107 ruch wszystkich, kt\u00f3re wpi\u0119te s\u0105 w obrazek. Ka\u017cda z plansz posiada podpowied\u017a, dotycz\u0105ca rozmiaru k\u00f3\u0142ka z\u0119batego,jaki powinni\u015bmy u\u017cy\u0107 do wpi\u0119cia.Dzi\u0119ki zabawie uk\u0142adank\u0105 edukacyjn\u0105 z k\u00f3\u0142kami z\u0119batymi i obrazkami Twoje dziecko:1. Pobudza wyobra\u017ani\u01192. Pozna prac\u0119 ko\u0142a z\u0119batego3. \u0106wiczy koncentracj\u01194. Rozwija kreatywno\u015b\u0107 i koordynacj\u0119 r\u0119ka &#8211; oko5. Uczy si\u0119 rozpoznawania r\u00f3\u017cnych kszta\u0142t\u00f3w i kolor\u00f3w6. \u0106wiczy zdolno\u015bci manualneZestaw jest idealnym pomys\u0142em na prezent dla ch\u0142opca i dziewczynki. Ca\u0142o\u015b\u0107 zapakowana jest w estetyczne i oryginalne opakowanie.Wymiary planszy: 24 cm x 24 cmWymiary pojemnika: 25,5 cm x 25,5 cm x 4 cm<\/p>\n<h2>Ikonka Ko\u0142a Z\u0119bate Przek\u0142adnie Edukacyjne 9 Plansz 24X24Cm Kontext<\/h2>\n<p>prezent dla 19 latka, bajka na dobranoc, oryginalny prezent dla nastolatk\u00f3w, co kupi\u0107 dziewczynce na roczek, kolorowanka harry potter, kolorowanka kotek, zagadki o wiosnie, nauka zegara do druku, wzruszaj\u0105ce s\u0142owa dla przyjaci\u00f3\u0142ki<\/p>\n<p>yyyyy<\/p>\n<p>&nbsp;<\/p>\n","protected":false},"excerpt":{"rendered":"<p>wiek dziecka: 3 lata +wymiary planszy: 24 cm x 24 cmzabawka rozwija zdolno\u015bci manualne, wyobra\u017ani\u0119 i kreatywno\u015b\u0107\u0107wiczy koordynacj\u0119 wzrokowo-ruchow\u0105 oraz koncentracj\u0119pomocny w nauce ksztat\u00f3w i kolor\u00f3widealny pomys\u0142 na prezentTen rewelacyjny zestaw posiada kolorowe plansze, przedstawiaj\u0105ce r\u00f3\u017cne obrazki oraz z\u0119bate ko\u0142a w r\u00f3\u017cnym rozmiarze i kolorze. \u0141\u0105czy \u015bwietn\u0105 zabaw\u0119 z nauk\u0105. Zabawka dostarczy maluchowi mn\u00f3stwo fantastycznej [&hellip;]<\/p>\n","protected":false},"featured_media":5768,"comment_status":"closed","ping_status":"open","template":"","meta":[],"product_cat":[20,61],"product_tag":[585,656,586],"class_list":["post-5767","product","type-product","status-publish","has-post-thumbnail","hentry","product_cat-kontext","product_cat-zabawki-edukacyjne-dla-niemowlat","product_tag-kolorowanki-dla-chlopcow","product_tag-kolorowanki-lol","product_tag-smieszne-zagadki"],"_links":{"self":[{"href":"http:\/\/klubmamgdynia.pl\/index.php\/wp-json\/wp\/v2\/product\/5767","targetHints":{"allow":["GET"]}}],"collection":[{"href":"http:\/\/klubmamgdynia.pl\/index.php\/wp-json\/wp\/v2\/product"}],"about":[{"href":"http:\/\/klubmamgdynia.pl\/index.php\/wp-json\/wp\/v2\/types\/product"}],"replies":[{"embeddable":true,"href":"http:\/\/klubmamgdynia.pl\/index.php\/wp-json\/wp\/v2\/comments?post=5767"}],"wp:featuredmedia":[{"embeddable":true,"href":"http:\/\/klubmamgdynia.pl\/index.php\/wp-json\/wp\/v2\/media\/5768"}],"wp:attachment":[{"href":"http:\/\/klubmamgdynia.pl\/index.php\/wp-json\/wp\/v2\/media?parent=5767"}],"wp:term":[{"taxonomy":"product_cat","embeddable":true,"href":"http:\/\/klubmamgdynia.pl\/index.php\/wp-json\/wp\/v2\/product_cat?post=5767"},{"taxonomy":"product_tag","embeddable":true,"href":"http:\/\/klubmamgdynia.pl\/index.php\/wp-json\/wp\/v2\/product_tag?post=5767"}],"curies":[{"name":"wp","href":"https:\/\/api.w.org\/{rel}","templated":true}]}}