{"id":5769,"date":"2024-02-28T20:09:22","date_gmt":"2024-02-28T19:09:22","guid":{"rendered":"http:\/\/klubmamgdynia.pl\/?post_type=product&#038;p=5769"},"modified":"2026-04-26T08:47:33","modified_gmt":"2026-04-26T06:47:33","slug":"bluebird-puzzle-1000el-antyczna-mapa-aimme-stewart","status":"publish","type":"product","link":"http:\/\/klubmamgdynia.pl\/index.php\/produkt\/bluebird-puzzle-1000el-antyczna-mapa-aimme-stewart\/","title":{"rendered":"Bluebird Puzzle 1000El. Antyczna mapa Aimme Stewart"},"content":{"rendered":"<p>Bluebird przedstawia puzzle sk\u0142adaj\u0105ce si\u0119 z 1000 element\u00f3w, po u\u0142o\u017ceniu puzzli otrzymamy obraz o wymiarach 68 x 48 cm. NAZWA PUZZLE 1000 ANTYCZNA MAPA AIMEE STEWART PRODUCENT BLUEBIRD PUZZLE WIEK 10+ ILO\u015a\u0106 ELEMENT\u00d3W 1000 EAN 3663384703294 Znajd\u017a podobne wed\u0142ug klucza: BLUEBIRD_PUZZLE PUZZLE PUZZLE_1000 (384478)<\/p>\n<h2>Bluebird Puzzle 1000El. Antyczna mapa Aimme Stewart Bluebird<\/h2>\n<p>leon imi\u0119, pch\u0142y na noc, prezenty dla nastolatk\u00f3w, \u017cyczenia na lany poniedzia\u0142ek wielkanocny, prezent dla nastolatk\u00f3w 2021, warszawa z dzieckiem, bajka dla dziewczynek, kolorowanki do wydrukowania, opisy do zdj z dzieckiem, zagadki matematyczne, krak\u00f3w atrakcje dla dzieci, cytaty przyja\u017a\u0144, wulkan eksperyment, mini zoo dolno\u015bl\u0105skie<\/p>\n<p>yyyyy<\/p>\n<p>&nbsp;<\/p>\n","protected":false},"excerpt":{"rendered":"<p>Bluebird przedstawia puzzle sk\u0142adaj\u0105ce si\u0119 z 1000 element\u00f3w, po u\u0142o\u017ceniu puzzli otrzymamy obraz o wymiarach 68 x 48 cm. NAZWA PUZZLE 1000 ANTYCZNA MAPA AIMEE STEWART PRODUCENT BLUEBIRD PUZZLE WIEK 10+ ILO\u015a\u0106 ELEMENT\u00d3W 1000 EAN 3663384703294 Znajd\u017a podobne wed\u0142ug klucza: BLUEBIRD_PUZZLE PUZZLE PUZZLE_1000 (384478) Bluebird Puzzle 1000El. Antyczna mapa Aimme Stewart Bluebird leon imi\u0119, pch\u0142y [&hellip;]<\/p>\n","protected":false},"featured_media":5770,"comment_status":"closed","ping_status":"open","template":"","meta":[],"product_cat":[1220,90],"product_tag":[663,807,645,769],"class_list":["post-5769","product","type-product","status-publish","has-post-thumbnail","hentry","product_cat-bluebird","product_cat-puzzle","product_tag-kolorowanki-dla-dzieci-do-druku","product_tag-logiczne-zagadki","product_tag-latwe-zagadki","product_tag-psi-patrol-do-czytania"],"_links":{"self":[{"href":"http:\/\/klubmamgdynia.pl\/index.php\/wp-json\/wp\/v2\/product\/5769","targetHints":{"allow":["GET"]}}],"collection":[{"href":"http:\/\/klubmamgdynia.pl\/index.php\/wp-json\/wp\/v2\/product"}],"about":[{"href":"http:\/\/klubmamgdynia.pl\/index.php\/wp-json\/wp\/v2\/types\/product"}],"replies":[{"embeddable":true,"href":"http:\/\/klubmamgdynia.pl\/index.php\/wp-json\/wp\/v2\/comments?post=5769"}],"wp:featuredmedia":[{"embeddable":true,"href":"http:\/\/klubmamgdynia.pl\/index.php\/wp-json\/wp\/v2\/media\/5770"}],"wp:attachment":[{"href":"http:\/\/klubmamgdynia.pl\/index.php\/wp-json\/wp\/v2\/media?parent=5769"}],"wp:term":[{"taxonomy":"product_cat","embeddable":true,"href":"http:\/\/klubmamgdynia.pl\/index.php\/wp-json\/wp\/v2\/product_cat?post=5769"},{"taxonomy":"product_tag","embeddable":true,"href":"http:\/\/klubmamgdynia.pl\/index.php\/wp-json\/wp\/v2\/product_tag?post=5769"}],"curies":[{"name":"wp","href":"https:\/\/api.w.org\/{rel}","templated":true}]}}