{"id":577,"date":"2014-01-09T10:59:29","date_gmt":"2014-01-09T09:59:29","guid":{"rendered":"http:\/\/klubmamgdynia.pl\/index.php\/produkt\/piatnik-sznip-sznap-i-uwazaj\/"},"modified":"2026-04-10T10:44:10","modified_gmt":"2026-04-10T08:44:10","slug":"piatnik-sznip-sznap-i-uwazaj","status":"publish","type":"product","link":"http:\/\/klubmamgdynia.pl\/index.php\/produkt\/piatnik-sznip-sznap-i-uwazaj\/","title":{"rendered":"Piatnik Sznip Sznap! I Uwa\u017caj!"},"content":{"rendered":"<p>Zabawna gra karciana dla 2 &#8211; 6 dzieci od 3 lat, autorstwa Eriki Bruhns. Karty rozdawane s\u0105 graczom, kt\u00f3rzy uk\u0142adaj\u0105 je przed sob\u0105 w formie talii, obrazkami do do\u0142u. Wszyscy gracze jednocze\u015bnie odkrywaj\u0105 wierzchnie karty ze swoich talii, m\u00f3wi\u0105c przy tym &#8222;sznip&#8221;. Gdy kto\u015b zauwa\u017cy, \u017ce inny gracz odkry\u0142 tak\u0105 sam\u0105 kart\u0119, wo\u0142a &#8222;sznap&#8221;. Gracz, kt\u00f3ry krzykn\u0105\u0142 jako pierwszy, odk\u0142ada swoj\u0105 kart\u0119 oraz identyczn\u0105 kart\u0119 innego gracza na sw\u00f3j stos kart zdobytych. Zwyci\u0119\u017ca gracz, kt\u00f3ry zebra\u0142 najwi\u0119cej par.EAN: 9001890426445<\/p>\n<h2>Piatnik Sznip Sznap! I Uwa\u017caj! Piatnik<\/h2>\n<p>janusz, hymn g\u00f3rniczy, piesek kolorowanka, peppa kolorowanka do druku<\/p>\n<p>yyyyy<\/p>\n<p>&nbsp;<\/p>\n","protected":false},"excerpt":{"rendered":"<p>Zabawna gra karciana dla 2 &#8211; 6 dzieci od 3 lat, autorstwa Eriki Bruhns. Karty rozdawane s\u0105 graczom, kt\u00f3rzy uk\u0142adaj\u0105 je przed sob\u0105 w formie talii, obrazkami do do\u0142u. Wszyscy gracze jednocze\u015bnie odkrywaj\u0105 wierzchnie karty ze swoich talii, m\u00f3wi\u0105c przy tym &#8222;sznip&#8221;. Gdy kto\u015b zauwa\u017cy, \u017ce inny gracz odkry\u0142 tak\u0105 sam\u0105 kart\u0119, wo\u0142a &#8222;sznap&#8221;. Gracz, [&hellip;]<\/p>\n","protected":false},"featured_media":578,"comment_status":"closed","ping_status":"open","template":"","meta":[],"product_cat":[130,225],"product_tag":[768,821,870,743,649,721],"class_list":["post-577","product","type-product","status-publish","has-post-thumbnail","hentry","product_cat-gry-dzieciece","product_cat-piatnik","product_tag-krotkie-zagadki-logiczne","product_tag-marianna","product_tag-prezent-dla-chlopca-na-roczek","product_tag-quiz-dla-dzieci","product_tag-zagadki-dla-nastolatkow","product_tag-zagadki-matematyczne"],"_links":{"self":[{"href":"http:\/\/klubmamgdynia.pl\/index.php\/wp-json\/wp\/v2\/product\/577","targetHints":{"allow":["GET"]}}],"collection":[{"href":"http:\/\/klubmamgdynia.pl\/index.php\/wp-json\/wp\/v2\/product"}],"about":[{"href":"http:\/\/klubmamgdynia.pl\/index.php\/wp-json\/wp\/v2\/types\/product"}],"replies":[{"embeddable":true,"href":"http:\/\/klubmamgdynia.pl\/index.php\/wp-json\/wp\/v2\/comments?post=577"}],"wp:featuredmedia":[{"embeddable":true,"href":"http:\/\/klubmamgdynia.pl\/index.php\/wp-json\/wp\/v2\/media\/578"}],"wp:attachment":[{"href":"http:\/\/klubmamgdynia.pl\/index.php\/wp-json\/wp\/v2\/media?parent=577"}],"wp:term":[{"taxonomy":"product_cat","embeddable":true,"href":"http:\/\/klubmamgdynia.pl\/index.php\/wp-json\/wp\/v2\/product_cat?post=577"},{"taxonomy":"product_tag","embeddable":true,"href":"http:\/\/klubmamgdynia.pl\/index.php\/wp-json\/wp\/v2\/product_tag?post=577"}],"curies":[{"name":"wp","href":"https:\/\/api.w.org\/{rel}","templated":true}]}}