{"id":5777,"date":"2012-02-03T23:04:25","date_gmt":"2012-02-03T22:04:25","guid":{"rendered":"http:\/\/klubmamgdynia.pl\/index.php\/produkt\/wader-przebijak-do-kulek-z-mlotkiem-szybka-wysylka-5095-zabawka\/"},"modified":"2026-04-05T06:04:48","modified_gmt":"2026-04-05T04:04:48","slug":"wader-przebijak-do-kulek-z-mlotkiem-szybka-wysylka-5095-zabawka","status":"publish","type":"product","link":"http:\/\/klubmamgdynia.pl\/index.php\/produkt\/wader-przebijak-do-kulek-z-mlotkiem-szybka-wysylka-5095-zabawka\/","title":{"rendered":"Wader Przebijak Do Kulek Z M\u0142otkiem Szybka Wysy\u0142ka (5095) &#8211; Zabawka"},"content":{"rendered":"<p>Pozw\u00f3l swojemu maluchowi odkrywa\u0107 \u015bwiat zabawy.Przebijanka, dzi\u0119ki kt\u00f3rej Twoje dziecko udoskonali swoje zdolno\u015bci manualne i roz\u0142aduje energi\u0119 wbijaj\u0105c m\u0142otkiem kolorowe kulki.Walory edukacyjne:doskonali ruchy precyzyjne i sprawno\u015b\u0107 manualn\u0105 r\u0105czek\u0107wiczy koordynacj\u0119 wzrokowo\u2013ruchow\u0105ciekawa i bogata kolorystyka rozwija percepcj\u0119 wzrokow\u0105Wymiary: 18 x 14 x 20 cmZabawka przeznaczona dla dzieci od 12. miesi\u0105ca \u017cycia.<\/p>\n<h2>Wader Przebijak Do Kulek Z M\u0142otkiem Szybka Wysy\u0142ka (5095) &#8211; Zabawka Wader<\/h2>\n<p>krotkie zagadki, cytaty o wychowaniu dzieci, \u015bwi\u0119ty przemys\u0142aw, \u017cyczenia na lany poniedzia\u0142ek wielkanocny<\/p>\n<p>yyyyy<\/p>\n<p>&nbsp;<\/p>\n","protected":false},"excerpt":{"rendered":"<p>Pozw\u00f3l swojemu maluchowi odkrywa\u0107 \u015bwiat zabawy.Przebijanka, dzi\u0119ki kt\u00f3rej Twoje dziecko udoskonali swoje zdolno\u015bci manualne i roz\u0142aduje energi\u0119 wbijaj\u0105c m\u0142otkiem kolorowe kulki.Walory edukacyjne:doskonali ruchy precyzyjne i sprawno\u015b\u0107 manualn\u0105 r\u0105czek\u0107wiczy koordynacj\u0119 wzrokowo\u2013ruchow\u0105ciekawa i bogata kolorystyka rozwija percepcj\u0119 wzrokow\u0105Wymiary: 18 x 14 x 20 cmZabawka przeznaczona dla dzieci od 12. miesi\u0105ca \u017cycia. Wader Przebijak Do Kulek Z M\u0142otkiem [&hellip;]<\/p>\n","protected":false},"featured_media":5778,"comment_status":"closed","ping_status":"open","template":"","meta":[],"product_cat":[53,514],"product_tag":[864,818,806,620,636,736,710],"class_list":["post-5777","product","type-product","status-publish","has-post-thumbnail","hentry","product_cat-kaciki-zabaw","product_cat-wader","product_tag-basen-warszawa","product_tag-oliwier","product_tag-prezent-dla-dziecka-na-roczek","product_tag-quiz-opowiesci-z-narnii","product_tag-teksty-kolysanek","product_tag-zabawki-na-roczek","product_tag-zagadki-dla-dzieci-10-12-lat"],"_links":{"self":[{"href":"http:\/\/klubmamgdynia.pl\/index.php\/wp-json\/wp\/v2\/product\/5777","targetHints":{"allow":["GET"]}}],"collection":[{"href":"http:\/\/klubmamgdynia.pl\/index.php\/wp-json\/wp\/v2\/product"}],"about":[{"href":"http:\/\/klubmamgdynia.pl\/index.php\/wp-json\/wp\/v2\/types\/product"}],"replies":[{"embeddable":true,"href":"http:\/\/klubmamgdynia.pl\/index.php\/wp-json\/wp\/v2\/comments?post=5777"}],"wp:featuredmedia":[{"embeddable":true,"href":"http:\/\/klubmamgdynia.pl\/index.php\/wp-json\/wp\/v2\/media\/5778"}],"wp:attachment":[{"href":"http:\/\/klubmamgdynia.pl\/index.php\/wp-json\/wp\/v2\/media?parent=5777"}],"wp:term":[{"taxonomy":"product_cat","embeddable":true,"href":"http:\/\/klubmamgdynia.pl\/index.php\/wp-json\/wp\/v2\/product_cat?post=5777"},{"taxonomy":"product_tag","embeddable":true,"href":"http:\/\/klubmamgdynia.pl\/index.php\/wp-json\/wp\/v2\/product_tag?post=5777"}],"curies":[{"name":"wp","href":"https:\/\/api.w.org\/{rel}","templated":true}]}}