{"id":5779,"date":"2021-02-07T10:37:10","date_gmt":"2021-02-07T09:37:10","guid":{"rendered":"http:\/\/klubmamgdynia.pl\/index.php\/produkt\/etui-disney-do-iphone-12-mini-ariel-i-florek-001-7e3780af-4a86-4639-ac10-d869870ed234\/"},"modified":"2026-04-06T04:54:20","modified_gmt":"2026-04-06T02:54:20","slug":"etui-disney-do-iphone-12-mini-ariel-i-florek-001-7e3780af-4a86-4639-ac10-d869870ed234","status":"publish","type":"product","link":"http:\/\/klubmamgdynia.pl\/index.php\/produkt\/etui-disney-do-iphone-12-mini-ariel-i-florek-001-7e3780af-4a86-4639-ac10-d869870ed234\/","title":{"rendered":"Etui Disney do Iphone 12 Mini Ariel i Florek 001 7e3780af-4a86-4639-ac10-d869870ed234"},"content":{"rendered":"<p>Etui Disney IPHONE 12 Mini Ariel i Florek 001LICENCJA: DisneyKOLEKCJA: Ksi\u0119\u017cniczkiNAZWA WZORU: Ariel i Florek 001KOMPATYBILNY Z: IPHONE 12 MiniRODZAJ GRAFIKI: Nadruk pe\u0142nyUWAGA! ZDJ\u0118CIE JEST POGL\u0104DOWE \u2013 OTRZYMASZ ETUI IDEALNIE DOPASOWANE POD WZGL\u0118DEM TECHNICZNYM I WIZUALNYM DO MODELU TELEFONU, KT\u00d3RY WYBIERZESZEtui posiada wszystkie niezb\u0119dne wyci\u0119cia (m.in. na aparat, \u0142adowark\u0119, s\u0142uchawki, g\u0142o\u015bniki, czytnik linii papilarnych). Grafika jest dostosowana do ka\u017cdego modelu telefonu pod wzgl\u0119dem istniej\u0105cych otwor\u00f3w tak aby jak najlepiej prezentowa\u0142a si\u0119 na konkretnym etui i nie ucina\u0142a istotnych element\u00f3w.\u2022 W 100% oryginalny produkt Disney\u00ae &#8211; weryfikowany przez oficjalnych przedstawicieli Disney\u00ae, na ka\u017cdym produkcie znajduje si\u0119 nota copyright, a na opakowaniu kod EAN i SKU potwierdzaj\u0105ce jego legalno\u015b\u0107 i oryginalno\u015b\u0107.\u2022 Maksymalna trwa\u0142o\u015b\u0107 \u2013 etui wykonane z najwy\u017cszej jako\u015bci materia\u0142u TPU (elastyczny, gi\u0119tki materia\u0142) z podwy\u017cszonymi, specjalnie wyprofilowanymi rantami. Grafika zosta\u0142a dodatkowo utrwalona najnowsz\u0105, specjalistyczn\u0105 technologi\u0105, kt\u00f3ra gwarantuje jej maksymaln\u0105 trwa\u0142o\u015b\u0107.\u2022 Unikalny design \u2013 podkr\u0119ci wygl\u0105d telefonu oraz podkre\u015bli Tw\u00f3j wyj\u0105tkowy styl i indywidualizm. &#8211; Pe\u0142ny design pozwala totalnie od\u015bwie\u017cy\u0107 wygl\u0105d Twojego telefonu oraz ukry\u0107 ewentualne uszkodzenia.\u2022 Polska Firma &#8211; producentem jest jedyna w Europie firma (a mo\u017ce i na \u015bwiecie:) z bran\u017cy GSM\/ELEKTRONIKA kt\u00f3ra nawi\u0105za\u0142a legalne i oficjalne sta\u0142e kolaboracje z kilkudziesi\u0119cioma najwi\u0119kszymi brandami filmowymi. Wszystkie akcesoria s\u0105 projektowane od zera oraz w znacznej wi\u0119kszo\u015bci produkowne we w\u0142asnym parku maszynowym w Krakowie. Firma dzia\u0142a z ide\u0105 #Zr\u00f3wnowa\u017conejMody\u2022 Gwarancja jako\u015bci &#8211; testy produkt\u00f3w wykonywane przez oficjalnych przedstawicieli brandu gwarantuj\u0105 jego najwy\u017csz\u0105 jako\u015b\u0107 oraz bezpiecze\u0144stwo u\u017cytkowania\u2022 Bezpiecze\u0144stwo u\u017cytkowania \u2013 wszystkie etui posiadaj\u0105 certyfikat REACH oraz specjalistyczne badania na ka\u017cdy z u\u017cytych materia\u0142\u00f3w (materia\u0142 z kt\u00f3rego wykonane jest etui, farby, utwardzacze grafiki itp.)\u2022 Dedykowane opakowania \u2013 ka\u017cde z etui zapakowane jest w dedykowane opakowanie.<\/p>\n<h2>Etui Disney do Iphone 12 Mini Ariel i Florek 001 7e3780af-4a86-4639-ac10-d869870ed234 Disney<\/h2>\n<p>kamila, gloria imie, twarz wiosny do druku, rysunek kota, rysowanie po \u015bladzie, malowanki dla dzieci<\/p>\n<p>yyyyy<\/p>\n<p>&nbsp;<\/p>\n","protected":false},"excerpt":{"rendered":"<p>Etui Disney IPHONE 12 Mini Ariel i Florek 001LICENCJA: DisneyKOLEKCJA: Ksi\u0119\u017cniczkiNAZWA WZORU: Ariel i Florek 001KOMPATYBILNY Z: IPHONE 12 MiniRODZAJ GRAFIKI: Nadruk pe\u0142nyUWAGA! ZDJ\u0118CIE JEST POGL\u0104DOWE \u2013 OTRZYMASZ ETUI IDEALNIE DOPASOWANE POD WZGL\u0118DEM TECHNICZNYM I WIZUALNYM DO MODELU TELEFONU, KT\u00d3RY WYBIERZESZEtui posiada wszystkie niezb\u0119dne wyci\u0119cia (m.in. na aparat, \u0142adowark\u0119, s\u0142uchawki, g\u0142o\u015bniki, czytnik linii papilarnych). Grafika [&hellip;]<\/p>\n","protected":false},"featured_media":5780,"comment_status":"closed","ping_status":"open","template":"","meta":[],"product_cat":[275,1363],"product_tag":[829,763,683,688,705,849],"class_list":["post-5779","product","type-product","status-publish","has-post-thumbnail","hentry","product_cat-disney","product_cat-pokrowce-i-etui-do-telefonow","product_tag-bajki-do-czytania-na-dobranoc","product_tag-fabian","product_tag-karaluchy-pod-poduchy","product_tag-kolysanki-tekst","product_tag-prezent-na-roczek-dla-chlopca","product_tag-zagadki-matematyczne-dla-dzieci"],"_links":{"self":[{"href":"http:\/\/klubmamgdynia.pl\/index.php\/wp-json\/wp\/v2\/product\/5779","targetHints":{"allow":["GET"]}}],"collection":[{"href":"http:\/\/klubmamgdynia.pl\/index.php\/wp-json\/wp\/v2\/product"}],"about":[{"href":"http:\/\/klubmamgdynia.pl\/index.php\/wp-json\/wp\/v2\/types\/product"}],"replies":[{"embeddable":true,"href":"http:\/\/klubmamgdynia.pl\/index.php\/wp-json\/wp\/v2\/comments?post=5779"}],"wp:featuredmedia":[{"embeddable":true,"href":"http:\/\/klubmamgdynia.pl\/index.php\/wp-json\/wp\/v2\/media\/5780"}],"wp:attachment":[{"href":"http:\/\/klubmamgdynia.pl\/index.php\/wp-json\/wp\/v2\/media?parent=5779"}],"wp:term":[{"taxonomy":"product_cat","embeddable":true,"href":"http:\/\/klubmamgdynia.pl\/index.php\/wp-json\/wp\/v2\/product_cat?post=5779"},{"taxonomy":"product_tag","embeddable":true,"href":"http:\/\/klubmamgdynia.pl\/index.php\/wp-json\/wp\/v2\/product_tag?post=5779"}],"curies":[{"name":"wp","href":"https:\/\/api.w.org\/{rel}","templated":true}]}}