{"id":5781,"date":"2011-10-16T16:27:38","date_gmt":"2011-10-16T14:27:38","guid":{"rendered":"http:\/\/klubmamgdynia.pl\/index.php\/produkt\/bluebird-puzzle-1000el-sklep-ze-slodyczami-steve-crips\/"},"modified":"2026-04-04T05:34:07","modified_gmt":"2026-04-04T03:34:07","slug":"bluebird-puzzle-1000el-sklep-ze-slodyczami-steve-crips","status":"publish","type":"product","link":"http:\/\/klubmamgdynia.pl\/index.php\/produkt\/bluebird-puzzle-1000el-sklep-ze-slodyczami-steve-crips\/","title":{"rendered":"Bluebird Puzzle 1000El. Sklep ze s\u0142odyczami Steve Crips"},"content":{"rendered":"<p>Bluebird przedstawia puzzle sk\u0142adaj\u0105ce si\u0119 z 1000 element\u00f3w, po u\u0142o\u017ceniu puzzli otrzymamy obraz o wymiarach 68 x 48 cm. NAZWA PUZZLE 1000 WN\u0118TRZE SKLEPU ZE S\u0141ODYCZAMI PRODUCENT BLUEBIRD PUZZLE WIEK 14+ ILO\u015a\u0106 ELEMENT\u00d3W 1000 EAN 3663384703188 Znajd\u017a podobne wed\u0142ug klucza: BLUEBIRD_PUZZLE PUZZLE PUZZLE_1000 (389054)<\/p>\n<h2>Bluebird Puzzle 1000El. Sklep ze s\u0142odyczami Steve Crips Bluebird<\/h2>\n<p>cytaty o nauczycielach, na roczek dla dziewczynki, gabriel imie, laura, karty pracy po ukrai\u0144sku, test opowie\u015bci z narnii lew czarownica i stara szafa do druku, bajki do czytania dla dzieci, znane misie z film\u00f3w animowanych, kolorowanka lego ninjago, olaf znaczenie imienia, dzie\u0144 pluszowego misia 2021, wiersze o wakacjach, zagadki wielkanocne do druku, prezent na dzien dziecka 7 lat, karmen imie, rozalia imie, urodziny dziecka pomys\u0142y, prank na prima aprilis<\/p>\n<p>yyyyy<\/p>\n<p>&nbsp;<\/p>\n","protected":false},"excerpt":{"rendered":"<p>Bluebird przedstawia puzzle sk\u0142adaj\u0105ce si\u0119 z 1000 element\u00f3w, po u\u0142o\u017ceniu puzzli otrzymamy obraz o wymiarach 68 x 48 cm. NAZWA PUZZLE 1000 WN\u0118TRZE SKLEPU ZE S\u0141ODYCZAMI PRODUCENT BLUEBIRD PUZZLE WIEK 14+ ILO\u015a\u0106 ELEMENT\u00d3W 1000 EAN 3663384703188 Znajd\u017a podobne wed\u0142ug klucza: BLUEBIRD_PUZZLE PUZZLE PUZZLE_1000 (389054) Bluebird Puzzle 1000El. Sklep ze s\u0142odyczami Steve Crips Bluebird cytaty o [&hellip;]<\/p>\n","protected":false},"featured_media":5782,"comment_status":"closed","ping_status":"open","template":"","meta":[],"product_cat":[1220,90],"product_tag":[686,592,710],"class_list":["post-5781","product","type-product","status-publish","has-post-thumbnail","hentry","product_cat-bluebird","product_cat-puzzle","product_tag-co-na-roczek-dla-chlopca","product_tag-zagadki-dla-dzieci","product_tag-zagadki-dla-dzieci-10-12-lat"],"_links":{"self":[{"href":"http:\/\/klubmamgdynia.pl\/index.php\/wp-json\/wp\/v2\/product\/5781","targetHints":{"allow":["GET"]}}],"collection":[{"href":"http:\/\/klubmamgdynia.pl\/index.php\/wp-json\/wp\/v2\/product"}],"about":[{"href":"http:\/\/klubmamgdynia.pl\/index.php\/wp-json\/wp\/v2\/types\/product"}],"replies":[{"embeddable":true,"href":"http:\/\/klubmamgdynia.pl\/index.php\/wp-json\/wp\/v2\/comments?post=5781"}],"wp:featuredmedia":[{"embeddable":true,"href":"http:\/\/klubmamgdynia.pl\/index.php\/wp-json\/wp\/v2\/media\/5782"}],"wp:attachment":[{"href":"http:\/\/klubmamgdynia.pl\/index.php\/wp-json\/wp\/v2\/media?parent=5781"}],"wp:term":[{"taxonomy":"product_cat","embeddable":true,"href":"http:\/\/klubmamgdynia.pl\/index.php\/wp-json\/wp\/v2\/product_cat?post=5781"},{"taxonomy":"product_tag","embeddable":true,"href":"http:\/\/klubmamgdynia.pl\/index.php\/wp-json\/wp\/v2\/product_tag?post=5781"}],"curies":[{"name":"wp","href":"https:\/\/api.w.org\/{rel}","templated":true}]}}