{"id":5783,"date":"2023-12-17T11:56:27","date_gmt":"2023-12-17T10:56:27","guid":{"rendered":"http:\/\/klubmamgdynia.pl\/?post_type=product&#038;p=5783"},"modified":"2026-04-06T02:46:25","modified_gmt":"2026-04-06T00:46:25","slug":"wader-statek-czajka-36964","status":"publish","type":"product","link":"http:\/\/klubmamgdynia.pl\/index.php\/produkt\/wader-statek-czajka-36964\/","title":{"rendered":"Wader Statek &#8222;Czajka&#8221; (36964)"},"content":{"rendered":"<p>Statek CzajkaCo\u015b dla ma\u0142ych mi\u0142o\u015bnik\u00f3w wodnych przyg\u00f3d. Statek CZAJKA od firmy POLESIE. Sprawdzi si\u0119 wsz\u0119dzie. Zar\u00f3wno nad wod\u0105 jak i podczas k\u0105pieli. Nie tak \u0142atwo go zatopi\u0107. Wykonany z wysokiej jako\u015bci plastiku gwarantuje trwa\u0142o\u015b\u0107 i bezpiecze\u0144stwo w u\u017cytkowaniu. Na dziobie jest miejsce, gdzie mo\u017cna przywi\u0105za\u0107 sznurek i \u0142\u00f3d\u017a ci\u0105gn\u0105\u0107. Dodatkowo na pok\u0142adzie znajduje si\u0119 szalupa ratunkowa. Z \u0142atwo\u015bci\u0105 mo\u017cna j\u0105 z niego zdj\u0105\u0107 i przeprowadzi\u0107 sprawn\u0105 akcj\u0119 ratunkow\u0105. Towar wysy\u0142any losowo.<\/p>\n<h2>Wader Statek &#8222;Czajka&#8221; (36964) Wader<\/h2>\n<p>atrakcje dla nastolatk\u00f3w, quiz o wio\u015bnie, zagadki wielkanocne dla doros\u0142ych, trudne zagadki matematyczne, kolorowanki lego ninjago, zagadki logiczne \u015bmieszne<\/p>\n<p>yyyyy<\/p>\n<p>&nbsp;<\/p>\n","protected":false},"excerpt":{"rendered":"<p>Statek CzajkaCo\u015b dla ma\u0142ych mi\u0142o\u015bnik\u00f3w wodnych przyg\u00f3d. Statek CZAJKA od firmy POLESIE. Sprawdzi si\u0119 wsz\u0119dzie. Zar\u00f3wno nad wod\u0105 jak i podczas k\u0105pieli. Nie tak \u0142atwo go zatopi\u0107. Wykonany z wysokiej jako\u015bci plastiku gwarantuje trwa\u0142o\u015b\u0107 i bezpiecze\u0144stwo w u\u017cytkowaniu. Na dziobie jest miejsce, gdzie mo\u017cna przywi\u0105za\u0107 sznurek i \u0142\u00f3d\u017a ci\u0105gn\u0105\u0107. Dodatkowo na pok\u0142adzie znajduje si\u0119 szalupa [&hellip;]<\/p>\n","protected":false},"featured_media":5784,"comment_status":"closed","ping_status":"open","template":"","meta":[],"product_cat":[83,514],"product_tag":[719,861,798,659],"class_list":["post-5783","product","type-product","status-publish","has-post-thumbnail","hentry","product_cat-auta-i-inne-pojazdy-do-zabawy","product_cat-wader","product_tag-dziecko-cytaty-zlote-mysli","product_tag-jak-narysowac-psa","product_tag-prezenty-dla-nastolatki","product_tag-tupu-tup-po-sniegu-tekst"],"_links":{"self":[{"href":"http:\/\/klubmamgdynia.pl\/index.php\/wp-json\/wp\/v2\/product\/5783","targetHints":{"allow":["GET"]}}],"collection":[{"href":"http:\/\/klubmamgdynia.pl\/index.php\/wp-json\/wp\/v2\/product"}],"about":[{"href":"http:\/\/klubmamgdynia.pl\/index.php\/wp-json\/wp\/v2\/types\/product"}],"replies":[{"embeddable":true,"href":"http:\/\/klubmamgdynia.pl\/index.php\/wp-json\/wp\/v2\/comments?post=5783"}],"wp:featuredmedia":[{"embeddable":true,"href":"http:\/\/klubmamgdynia.pl\/index.php\/wp-json\/wp\/v2\/media\/5784"}],"wp:attachment":[{"href":"http:\/\/klubmamgdynia.pl\/index.php\/wp-json\/wp\/v2\/media?parent=5783"}],"wp:term":[{"taxonomy":"product_cat","embeddable":true,"href":"http:\/\/klubmamgdynia.pl\/index.php\/wp-json\/wp\/v2\/product_cat?post=5783"},{"taxonomy":"product_tag","embeddable":true,"href":"http:\/\/klubmamgdynia.pl\/index.php\/wp-json\/wp\/v2\/product_tag?post=5783"}],"curies":[{"name":"wp","href":"https:\/\/api.w.org\/{rel}","templated":true}]}}