{"id":5785,"date":"2021-03-08T12:32:13","date_gmt":"2021-03-08T11:32:13","guid":{"rendered":"http:\/\/klubmamgdynia.pl\/index.php\/produkt\/bluebird-puzzle-puzzle-1500el-strych-pelen-zabawek\/"},"modified":"2026-04-06T13:59:19","modified_gmt":"2026-04-06T11:59:19","slug":"bluebird-puzzle-puzzle-1500el-strych-pelen-zabawek","status":"publish","type":"product","link":"http:\/\/klubmamgdynia.pl\/index.php\/produkt\/bluebird-puzzle-puzzle-1500el-strych-pelen-zabawek\/","title":{"rendered":"Bluebird Puzzle Puzzle 1500El. Strych Pe\u0142en Zabawek"},"content":{"rendered":"<p>Bluebird przedstawia puzzle sk\u0142adajace sie z 1500 element\u00f3w, po u\u0142o\u017ceniu puzzli otrzymamy obraz o wymiarach 68 x 48 cm.EAN: 3663384704338<\/p>\n<h2>Bluebird Puzzle Puzzle 1500El. Strych Pe\u0142en Zabawek Bluebird<\/h2>\n<p>pisanie literek do druku, cytaty z ma\u0142ego ksi\u0119cia, bajki dla dzieci na dobranoc, proste dekoracje bo\u017conarodzeniowe dla dzieci, laurka dla mamy rysunek, maska spiderman<\/p>\n<p>yyyyy<\/p>\n<p>&nbsp;<\/p>\n","protected":false},"excerpt":{"rendered":"<p>Bluebird przedstawia puzzle sk\u0142adajace sie z 1500 element\u00f3w, po u\u0142o\u017ceniu puzzli otrzymamy obraz o wymiarach 68 x 48 cm.EAN: 3663384704338 Bluebird Puzzle Puzzle 1500El. Strych Pe\u0142en Zabawek Bluebird pisanie literek do druku, cytaty z ma\u0142ego ksi\u0119cia, bajki dla dzieci na dobranoc, proste dekoracje bo\u017conarodzeniowe dla dzieci, laurka dla mamy rysunek, maska spiderman yyyyy &nbsp;<\/p>\n","protected":false},"featured_media":5786,"comment_status":"closed","ping_status":"open","template":"","meta":[],"product_cat":[1220,90],"product_tag":[707,697,764,586,623],"class_list":["post-5785","product","type-product","status-publish","has-post-thumbnail","hentry","product_cat-bluebird","product_cat-puzzle","product_tag-karty-pracy-dla-dzieci-z-ukrainy","product_tag-krotkie-bajki-do-czytania","product_tag-prezenty-na-roczek-dla-dziewczynki","product_tag-smieszne-zagadki","product_tag-zagadki-logiczne-smieszne"],"_links":{"self":[{"href":"http:\/\/klubmamgdynia.pl\/index.php\/wp-json\/wp\/v2\/product\/5785","targetHints":{"allow":["GET"]}}],"collection":[{"href":"http:\/\/klubmamgdynia.pl\/index.php\/wp-json\/wp\/v2\/product"}],"about":[{"href":"http:\/\/klubmamgdynia.pl\/index.php\/wp-json\/wp\/v2\/types\/product"}],"replies":[{"embeddable":true,"href":"http:\/\/klubmamgdynia.pl\/index.php\/wp-json\/wp\/v2\/comments?post=5785"}],"wp:featuredmedia":[{"embeddable":true,"href":"http:\/\/klubmamgdynia.pl\/index.php\/wp-json\/wp\/v2\/media\/5786"}],"wp:attachment":[{"href":"http:\/\/klubmamgdynia.pl\/index.php\/wp-json\/wp\/v2\/media?parent=5785"}],"wp:term":[{"taxonomy":"product_cat","embeddable":true,"href":"http:\/\/klubmamgdynia.pl\/index.php\/wp-json\/wp\/v2\/product_cat?post=5785"},{"taxonomy":"product_tag","embeddable":true,"href":"http:\/\/klubmamgdynia.pl\/index.php\/wp-json\/wp\/v2\/product_tag?post=5785"}],"curies":[{"name":"wp","href":"https:\/\/api.w.org\/{rel}","templated":true}]}}