{"id":5787,"date":"2014-03-06T10:22:04","date_gmt":"2014-03-06T09:22:04","guid":{"rendered":"http:\/\/klubmamgdynia.pl\/index.php\/produkt\/wader-taczka-lopata-38043\/"},"modified":"2026-04-29T14:09:25","modified_gmt":"2026-04-29T12:09:25","slug":"wader-taczka-lopata-38043","status":"publish","type":"product","link":"http:\/\/klubmamgdynia.pl\/index.php\/produkt\/wader-taczka-lopata-38043\/","title":{"rendered":"Wader Taczka \u0141opata 38043"},"content":{"rendered":"<p>Zestaw Nr446: Taczka Nr4 + \u0142opata Nr21<\/p>\n<h2>Wader Taczka \u0141opata 38043 Wader<\/h2>\n<p>labirynt psi patrol, piosenka przyjed\u017a do nas miko\u0142aju, nauka pisania literek do wydruku pdf, wroc\u0142aw atrakcje dla dzieci, felix net i nika oraz gang niewidzialnych ludzi test z odpowiedziami, warszawa dla dzieci, cytaty o dziecku i mamie, fajne rzeczy dla nastolatk\u00f3w, kawaly na prima aprilis, co kupi\u0107 nastolatce na urodziny<\/p>\n<p>yyyyy<\/p>\n<p>&nbsp;<\/p>\n","protected":false},"excerpt":{"rendered":"<p>Zestaw Nr446: Taczka Nr4 + \u0142opata Nr21 Wader Taczka \u0141opata 38043 Wader labirynt psi patrol, piosenka przyjed\u017a do nas miko\u0142aju, nauka pisania literek do wydruku pdf, wroc\u0142aw atrakcje dla dzieci, felix net i nika oraz gang niewidzialnych ludzi test z odpowiedziami, warszawa dla dzieci, cytaty o dziecku i mamie, fajne rzeczy dla nastolatk\u00f3w, kawaly na [&hellip;]<\/p>\n","protected":false},"featured_media":5788,"comment_status":"closed","ping_status":"open","template":"","meta":[],"product_cat":[514,286],"product_tag":[801,702,665,608],"class_list":["post-5787","product","type-product","status-publish","has-post-thumbnail","hentry","product_cat-wader","product_cat-zabawki-do-piasku","product_tag-bajki-terapeutyczne-o-emocjach","product_tag-co-kupic-na-roczek-dla-dziewczynki","product_tag-proste-zagadki","product_tag-zagadki-i-odpowiedzi"],"_links":{"self":[{"href":"http:\/\/klubmamgdynia.pl\/index.php\/wp-json\/wp\/v2\/product\/5787","targetHints":{"allow":["GET"]}}],"collection":[{"href":"http:\/\/klubmamgdynia.pl\/index.php\/wp-json\/wp\/v2\/product"}],"about":[{"href":"http:\/\/klubmamgdynia.pl\/index.php\/wp-json\/wp\/v2\/types\/product"}],"replies":[{"embeddable":true,"href":"http:\/\/klubmamgdynia.pl\/index.php\/wp-json\/wp\/v2\/comments?post=5787"}],"wp:featuredmedia":[{"embeddable":true,"href":"http:\/\/klubmamgdynia.pl\/index.php\/wp-json\/wp\/v2\/media\/5788"}],"wp:attachment":[{"href":"http:\/\/klubmamgdynia.pl\/index.php\/wp-json\/wp\/v2\/media?parent=5787"}],"wp:term":[{"taxonomy":"product_cat","embeddable":true,"href":"http:\/\/klubmamgdynia.pl\/index.php\/wp-json\/wp\/v2\/product_cat?post=5787"},{"taxonomy":"product_tag","embeddable":true,"href":"http:\/\/klubmamgdynia.pl\/index.php\/wp-json\/wp\/v2\/product_tag?post=5787"}],"curies":[{"name":"wp","href":"https:\/\/api.w.org\/{rel}","templated":true}]}}