{"id":5789,"date":"2025-03-09T03:54:20","date_gmt":"2025-03-09T02:54:20","guid":{"rendered":"http:\/\/klubmamgdynia.pl\/?post_type=product&#038;p=5789"},"modified":"2026-05-01T18:01:49","modified_gmt":"2026-05-01T16:01:49","slug":"akuku-ksiazeczka-edukacyjna-do-wody-literki-a0475","status":"publish","type":"product","link":"http:\/\/klubmamgdynia.pl\/index.php\/produkt\/akuku-ksiazeczka-edukacyjna-do-wody-literki-a0475\/","title":{"rendered":"Akuku Ksi\u0105\u017ceczka edukacyjna do wody Literki A0475"},"content":{"rendered":"<p>Kolorowa ksi\u0105\u017ceczka k\u0105pielowa do nauki cyferek, nazw zwierz\u0105tek oraz kolor\u00f3w. Wewn\u0105trz zosta\u0142a umieszczona piszcza\u0142ka, kt\u00f3ra przyci\u0105ga uwag\u0119 dziecka. Ksi\u0105\u017ceczka jest odporna na gryzienie, rzucanie, rozci\u0105ganie i ugniatanie. Wspiera rozw\u00f3j zdolno\u015bci manualnych i motorycznych, a ponadto urozmaica czas podczas k\u0105pieli k\u0105pieli.<\/p>\n<h2>Akuku Ksi\u0105\u017ceczka edukacyjna do wody Literki A0475 Akuku<\/h2>\n<p>znaczenie imiona dawid, prezent dla 15 latka, zagadki dla dzieci, zagadka, zagadki dla dzieci z odpowiedziami, karty pracy dla dzieci z ukrainy do druku, kolorowanka \u015bwinka peppa, ma\u0142y ksi\u0105\u017c\u0119 cytaty, kolorowanki harry potter, felix net i nika oraz gang niewidzialnych ludzi quiz, ozdoby wielkanocne kt\u00f3re mog\u0105 zrobi\u0107 dzieci, lody kolorowanka, kiedy dzieci chodz\u0105 na halloween, cytaty na dzie\u0144 nauczyciela, bajki dla dziewczynek, zagadki dla dziewczyny, pomys\u0142y na prezent na roczek, niespotykane imiona \u017ce\u0144skie, zabawy z 7 latkiem, karty pracy dla dzieci z ukrainy, filmy disneya<\/p>\n<p>yyyyy<\/p>\n<p>&nbsp;<\/p>\n","protected":false},"excerpt":{"rendered":"<p>Kolorowa ksi\u0105\u017ceczka k\u0105pielowa do nauki cyferek, nazw zwierz\u0105tek oraz kolor\u00f3w. Wewn\u0105trz zosta\u0142a umieszczona piszcza\u0142ka, kt\u00f3ra przyci\u0105ga uwag\u0119 dziecka. Ksi\u0105\u017ceczka jest odporna na gryzienie, rzucanie, rozci\u0105ganie i ugniatanie. Wspiera rozw\u00f3j zdolno\u015bci manualnych i motorycznych, a ponadto urozmaica czas podczas k\u0105pieli k\u0105pieli. Akuku Ksi\u0105\u017ceczka edukacyjna do wody Literki A0475 Akuku znaczenie imiona dawid, prezent dla 15 latka, [&hellip;]<\/p>\n","protected":false},"featured_media":5790,"comment_status":"closed","ping_status":"open","template":"","meta":[],"product_cat":[250,61],"product_tag":[781,613,869,796],"class_list":["post-5789","product","type-product","status-publish","has-post-thumbnail","hentry","product_cat-akuku","product_cat-zabawki-edukacyjne-dla-niemowlat","product_tag-cytaty-o-wychowaniu-dzieci","product_tag-na-wyspach-bergamutach","product_tag-zagadki-na-logike","product_tag-zagatki"],"_links":{"self":[{"href":"http:\/\/klubmamgdynia.pl\/index.php\/wp-json\/wp\/v2\/product\/5789","targetHints":{"allow":["GET"]}}],"collection":[{"href":"http:\/\/klubmamgdynia.pl\/index.php\/wp-json\/wp\/v2\/product"}],"about":[{"href":"http:\/\/klubmamgdynia.pl\/index.php\/wp-json\/wp\/v2\/types\/product"}],"replies":[{"embeddable":true,"href":"http:\/\/klubmamgdynia.pl\/index.php\/wp-json\/wp\/v2\/comments?post=5789"}],"wp:featuredmedia":[{"embeddable":true,"href":"http:\/\/klubmamgdynia.pl\/index.php\/wp-json\/wp\/v2\/media\/5790"}],"wp:attachment":[{"href":"http:\/\/klubmamgdynia.pl\/index.php\/wp-json\/wp\/v2\/media?parent=5789"}],"wp:term":[{"taxonomy":"product_cat","embeddable":true,"href":"http:\/\/klubmamgdynia.pl\/index.php\/wp-json\/wp\/v2\/product_cat?post=5789"},{"taxonomy":"product_tag","embeddable":true,"href":"http:\/\/klubmamgdynia.pl\/index.php\/wp-json\/wp\/v2\/product_tag?post=5789"}],"curies":[{"name":"wp","href":"https:\/\/api.w.org\/{rel}","templated":true}]}}