{"id":579,"date":"2016-04-20T01:45:06","date_gmt":"2016-04-19T23:45:06","guid":{"rendered":"http:\/\/klubmamgdynia.pl\/index.php\/produkt\/ravensburger-spieleverlag-ravensburger-tiptoi-spiel-00118-mein-wetter-lernspiel-von-ravensburger-ab-3-jahren-fur-1-4-spieler-wersja-niemiecka\/"},"modified":"2026-04-24T21:05:04","modified_gmt":"2026-04-24T19:05:04","slug":"ravensburger-spieleverlag-ravensburger-tiptoi-spiel-00118-mein-wetter-lernspiel-von-ravensburger-ab-3-jahren-fur-1-4-spieler-wersja-niemiecka","status":"publish","type":"product","link":"http:\/\/klubmamgdynia.pl\/index.php\/produkt\/ravensburger-spieleverlag-ravensburger-tiptoi-spiel-00118-mein-wetter-lernspiel-von-ravensburger-ab-3-jahren-fur-1-4-spieler-wersja-niemiecka\/","title":{"rendered":"Ravensburger Spieleverlag Ravensburger tiptoi Spiel 00118 Mein Wetter &#8211; Lernspiel von Ravensburger ab 3 Jahren f\u00fcr 1-4 Spieler (wersja niemiecka)"},"content":{"rendered":"<p>Wie h\u00f6rt sich pl\u00e4tschernder Regen an? Bei welchem Wetter kann man am besten einen Drachen steigen lassen? Und was ziehe ich an, damit man mich im Nebel gut sehen kann?Mit zwei Schwierigkeitsstufen entdecken Kinder ab 3 Jahren im Spiel viele interessante Dinge rund um das spannende und vielseitige Thema Wetter. Die kindgerecht aufgearbeiteten Inhalte beantworten die wichtigsten Fragen der kleinen Weltentdecker. Dabei erwerben sie spielerisch Alltagswissen und verbessern ihre Konzentration.tiptoi-Stift nicht enthalten. Muss separat erworben werden.<\/p>\n<h2>Ravensburger Spieleverlag Ravensburger tiptoi Spiel 00118 Mein Wetter &#8211; Lernspiel von Ravensburger ab 3 Jahren f\u00fcr 1-4 Spieler (wersja niemiecka) Ravensburger<\/h2>\n<p>wierszyki na \u015bmigus dyngus, praktyczny prezent dla rocznego dziecka, cytaty o macierzy\u0144stwie, darmowe quizy, kolorowanki dla dziewczynek, kryspinow, co na roczek dla ch\u0142opca<\/p>\n<p>yyyyy<\/p>\n<p>&nbsp;<\/p>\n","protected":false},"excerpt":{"rendered":"<p>Wie h\u00f6rt sich pl\u00e4tschernder Regen an? Bei welchem Wetter kann man am besten einen Drachen steigen lassen? Und was ziehe ich an, damit man mich im Nebel gut sehen kann?Mit zwei Schwierigkeitsstufen entdecken Kinder ab 3 Jahren im Spiel viele interessante Dinge rund um das spannende und vielseitige Thema Wetter. Die kindgerecht aufgearbeiteten Inhalte beantworten [&hellip;]<\/p>\n","protected":false},"featured_media":580,"comment_status":"closed","ping_status":"open","template":"","meta":[],"product_cat":[130,207],"product_tag":[810,695,679,577],"class_list":["post-579","product","type-product","status-publish","has-post-thumbnail","hentry","product_cat-gry-dzieciece","product_cat-ravensburger","product_tag-nauka-zegara-do-druku","product_tag-rzadkie-imiona-zenskie","product_tag-zabawki-na-roczek-dla-dziewczynki","product_tag-znaki-drogowe-test"],"_links":{"self":[{"href":"http:\/\/klubmamgdynia.pl\/index.php\/wp-json\/wp\/v2\/product\/579","targetHints":{"allow":["GET"]}}],"collection":[{"href":"http:\/\/klubmamgdynia.pl\/index.php\/wp-json\/wp\/v2\/product"}],"about":[{"href":"http:\/\/klubmamgdynia.pl\/index.php\/wp-json\/wp\/v2\/types\/product"}],"replies":[{"embeddable":true,"href":"http:\/\/klubmamgdynia.pl\/index.php\/wp-json\/wp\/v2\/comments?post=579"}],"wp:featuredmedia":[{"embeddable":true,"href":"http:\/\/klubmamgdynia.pl\/index.php\/wp-json\/wp\/v2\/media\/580"}],"wp:attachment":[{"href":"http:\/\/klubmamgdynia.pl\/index.php\/wp-json\/wp\/v2\/media?parent=579"}],"wp:term":[{"taxonomy":"product_cat","embeddable":true,"href":"http:\/\/klubmamgdynia.pl\/index.php\/wp-json\/wp\/v2\/product_cat?post=579"},{"taxonomy":"product_tag","embeddable":true,"href":"http:\/\/klubmamgdynia.pl\/index.php\/wp-json\/wp\/v2\/product_tag?post=579"}],"curies":[{"name":"wp","href":"https:\/\/api.w.org\/{rel}","templated":true}]}}