{"id":5791,"date":"2019-06-14T01:28:55","date_gmt":"2019-06-13T23:28:55","guid":{"rendered":"http:\/\/klubmamgdynia.pl\/index.php\/produkt\/trefl-megabox-puzzle-1000el-paryz-francja-klej-10649\/"},"modified":"2026-04-04T10:14:32","modified_gmt":"2026-04-04T08:14:32","slug":"trefl-megabox-puzzle-1000el-paryz-francja-klej-10649","status":"publish","type":"product","link":"http:\/\/klubmamgdynia.pl\/index.php\/produkt\/trefl-megabox-puzzle-1000el-paryz-francja-klej-10649\/","title":{"rendered":"Trefl Megabox Puzzle 1000el. Pary\u017c Francja + klej 10649"},"content":{"rendered":"<p>Trefl Megabox Puzzle 1000el. Pary\u017c Francja + klej 10649Puzzle 1000 element\u00f3w + klej to zestaw dla prawdziwych fan\u00f3w uk\u0142adanek! Produkt przedstawia widok na Wie\u017c\u0119 Eiffla w Pary\u017cu.Uk\u0142adanie puzzli to \u015bwietny spos\u00f3b na sp\u0119dzenie wolnego czasu w gronie przyjaci\u00f3\u0142 i rodziny, a do tego rewelacyjny trening dla m\u00f3zgu. Puzzle Trefl s\u0105 produkowane w Polsce, a do ich produkcji wykorzystywane s\u0105 wy\u0142\u0105cznie naturalne materia\u0142y. Zastosowanie specjalnego papieru o strukturze w\u0142\u00f3kna lnu ogranicza odbicia \u015bwiat\u0142a i u\u0142atwia uk\u0142adanie, daj\u0105c jeszcze wi\u0119cej rado\u015bci.Klej do puzzli Trefl w tubce z g\u0105bk\u0105 do \u0142atwej i czystej aplikacji. To \u015brodek konserwuj\u0105cy i klej do puzzli w jednym. Po\u0142\u0105czone za jego pomoc\u0105 puzzle mo\u017cna z \u0142atwo\u015bci\u0105 przenie\u015b\u0107, postawi\u0107 lub powiesi\u0107, a ochronna pow\u0142oka zabezpiecza je przed zanieczyszczeniami. Rozprowad\u017a klej r\u00f3wnomiernie na ca\u0142ej powierzchni z obrazkiem. Zostaw do wyschni\u0119cia i gotowe!                            <\/p>\n<p>Uk\u0142adanie puzzli niesie za sob\u0105 szereg korzy\u015bci, zar\u00f3wni dla dzieci jak i doros\u0142ych. To skuteczny spos\u00f3b na \u0107wiczenie pami\u0119ci, koncentracji, a tak\u017ce niezawodny spos\u00f3b na odstrsowanie si\u0119 i odpr\u0119\u017cenie.                            <\/p>\n<p>Dzi\u0119ki puzzlom trenujemy spostrzegawczo\u015b\u0107, ale r\u00f3wnie\u017c uczymy si\u0119 cierpliwo\u015bci. U\u0142o\u017cony przez nas, gotowy obraz mo\u017cemy powiesi\u0107 na \u015bcianie, a tym samym urozmaici\u0107 wn\u0119trze naszego mieszkania.\u00a0<\/p>\n<h2>Trefl Megabox Puzzle 1000el. Pary\u017c Francja + klej 10649 Trefl<\/h2>\n<p>z\u0142ote my\u015bli kubu\u015b puchatek cytaty, imie nadia, darmowe kolorowanki kolorowanki dla dziewczynek, kinderbal przepisy, bo\u017ce narodzenie (film), rzadkie imiona \u017ce\u0144skie, zabawy dla 6 latk\u00f3w, ciekawe miejsca w warszawie dla m\u0142odzie\u017cy, quiz o dinozaurach, kawal na prima aprilis, samolot kolorowanka, znaki drogowe quiz, prezenty na roczek dla ch\u0142opca, zaproszenie na urodziny do druku pdf, zagadki o wio\u015bnie dla dzieci, kolorowanka pikachu, pomys\u0142 na prima aprilis, pomys\u0142 na prima aprilis<\/p>\n<p>yyyyy<\/p>\n<p>&nbsp;<\/p>\n","protected":false},"excerpt":{"rendered":"<p>Trefl Megabox Puzzle 1000el. Pary\u017c Francja + klej 10649Puzzle 1000 element\u00f3w + klej to zestaw dla prawdziwych fan\u00f3w uk\u0142adanek! Produkt przedstawia widok na Wie\u017c\u0119 Eiffla w Pary\u017cu.Uk\u0142adanie puzzli to \u015bwietny spos\u00f3b na sp\u0119dzenie wolnego czasu w gronie przyjaci\u00f3\u0142 i rodziny, a do tego rewelacyjny trening dla m\u00f3zgu. Puzzle Trefl s\u0105 produkowane w Polsce, a do [&hellip;]<\/p>\n","protected":false},"featured_media":5792,"comment_status":"closed","ping_status":"open","template":"","meta":[],"product_cat":[90,104],"product_tag":[815,856,870,806],"class_list":["post-5791","product","type-product","status-publish","has-post-thumbnail","hentry","product_cat-puzzle","product_cat-trefl","product_tag-ozdoby-choinkowe-dla-dzieci","product_tag-prezent-dla-16-latki","product_tag-prezent-dla-chlopca-na-roczek","product_tag-prezent-dla-dziecka-na-roczek"],"_links":{"self":[{"href":"http:\/\/klubmamgdynia.pl\/index.php\/wp-json\/wp\/v2\/product\/5791","targetHints":{"allow":["GET"]}}],"collection":[{"href":"http:\/\/klubmamgdynia.pl\/index.php\/wp-json\/wp\/v2\/product"}],"about":[{"href":"http:\/\/klubmamgdynia.pl\/index.php\/wp-json\/wp\/v2\/types\/product"}],"replies":[{"embeddable":true,"href":"http:\/\/klubmamgdynia.pl\/index.php\/wp-json\/wp\/v2\/comments?post=5791"}],"wp:featuredmedia":[{"embeddable":true,"href":"http:\/\/klubmamgdynia.pl\/index.php\/wp-json\/wp\/v2\/media\/5792"}],"wp:attachment":[{"href":"http:\/\/klubmamgdynia.pl\/index.php\/wp-json\/wp\/v2\/media?parent=5791"}],"wp:term":[{"taxonomy":"product_cat","embeddable":true,"href":"http:\/\/klubmamgdynia.pl\/index.php\/wp-json\/wp\/v2\/product_cat?post=5791"},{"taxonomy":"product_tag","embeddable":true,"href":"http:\/\/klubmamgdynia.pl\/index.php\/wp-json\/wp\/v2\/product_tag?post=5791"}],"curies":[{"name":"wp","href":"https:\/\/api.w.org\/{rel}","templated":true}]}}