{"id":5795,"date":"2014-11-07T15:24:49","date_gmt":"2014-11-07T14:24:49","guid":{"rendered":"http:\/\/klubmamgdynia.pl\/index.php\/produkt\/pimax-5k-plus\/"},"modified":"2026-04-30T13:08:09","modified_gmt":"2026-04-30T11:08:09","slug":"pimax-5k-plus","status":"publish","type":"product","link":"http:\/\/klubmamgdynia.pl\/index.php\/produkt\/pimax-5k-plus\/","title":{"rendered":"PIMAX 5K Plus"},"content":{"rendered":"<p>Gogle VR marki PIMAX . Zanurz si\u0119 w \u015bwiecie wirtualnej rzeczywisto\u015bci z goglami VR marki PIMAX , gogle te posiadaj\u0105 przek\u0105tn\u0105 ekranu 5120 x 1440 i pracuj\u0105 z cz\u0119stotliwo\u015bci\u0105 144Hz .K\u0105t widzenia w tych goglach to a\u017c 200 stopni co zapewnia nie zapomnian\u0105 imersje oraz prze\u017cycie w trakcie gier VR.<\/p>\n<h2>PIMAX 5K Plus Pimax<\/h2>\n<p>cytaty o rodzicach, dobrej nocy i sza, p\u0142atki \u015bniegu szablon, proste szczere \u017cyczenia bo\u017conarodzeniowe, zaproszenie na urodziny dziecka do druku, test z ani z zielonego wzg\u00f3rza<\/p>\n<p>yyyyy<\/p>\n<p>&nbsp;<\/p>\n","protected":false},"excerpt":{"rendered":"<p>Gogle VR marki PIMAX . Zanurz si\u0119 w \u015bwiecie wirtualnej rzeczywisto\u015bci z goglami VR marki PIMAX , gogle te posiadaj\u0105 przek\u0105tn\u0105 ekranu 5120 x 1440 i pracuj\u0105 z cz\u0119stotliwo\u015bci\u0105 144Hz .K\u0105t widzenia w tych goglach to a\u017c 200 stopni co zapewnia nie zapomnian\u0105 imersje oraz prze\u017cycie w trakcie gier VR. PIMAX 5K Plus Pimax cytaty [&hellip;]<\/p>\n","protected":false},"featured_media":5796,"comment_status":"closed","ping_status":"open","template":"","meta":[],"product_cat":[1386,1390],"product_tag":[801,705,695],"class_list":["post-5795","product","type-product","status-publish","has-post-thumbnail","hentry","product_cat-okulary-vr","product_cat-pimax","product_tag-bajki-terapeutyczne-o-emocjach","product_tag-prezent-na-roczek-dla-chlopca","product_tag-rzadkie-imiona-zenskie"],"_links":{"self":[{"href":"http:\/\/klubmamgdynia.pl\/index.php\/wp-json\/wp\/v2\/product\/5795","targetHints":{"allow":["GET"]}}],"collection":[{"href":"http:\/\/klubmamgdynia.pl\/index.php\/wp-json\/wp\/v2\/product"}],"about":[{"href":"http:\/\/klubmamgdynia.pl\/index.php\/wp-json\/wp\/v2\/types\/product"}],"replies":[{"embeddable":true,"href":"http:\/\/klubmamgdynia.pl\/index.php\/wp-json\/wp\/v2\/comments?post=5795"}],"wp:featuredmedia":[{"embeddable":true,"href":"http:\/\/klubmamgdynia.pl\/index.php\/wp-json\/wp\/v2\/media\/5796"}],"wp:attachment":[{"href":"http:\/\/klubmamgdynia.pl\/index.php\/wp-json\/wp\/v2\/media?parent=5795"}],"wp:term":[{"taxonomy":"product_cat","embeddable":true,"href":"http:\/\/klubmamgdynia.pl\/index.php\/wp-json\/wp\/v2\/product_cat?post=5795"},{"taxonomy":"product_tag","embeddable":true,"href":"http:\/\/klubmamgdynia.pl\/index.php\/wp-json\/wp\/v2\/product_tag?post=5795"}],"curies":[{"name":"wp","href":"https:\/\/api.w.org\/{rel}","templated":true}]}}