{"id":5803,"date":"2021-10-09T02:26:58","date_gmt":"2021-10-09T00:26:58","guid":{"rendered":"http:\/\/klubmamgdynia.pl\/index.php\/produkt\/zaklad-uslugowo-krawiecki-roni-pieluszka-tetrowa-60x80cm\/"},"modified":"2026-04-06T03:55:31","modified_gmt":"2026-04-06T01:55:31","slug":"zaklad-uslugowo-krawiecki-roni-pieluszka-tetrowa-60x80cm","status":"publish","type":"product","link":"http:\/\/klubmamgdynia.pl\/index.php\/produkt\/zaklad-uslugowo-krawiecki-roni-pieluszka-tetrowa-60x80cm\/","title":{"rendered":"Zak\u0142ad Us\u0142ugowo-Krawiecki Roni Pieluszka Tetrowa, 60X80Cm"},"content":{"rendered":"<p>Pieluszka Tetrowa, 60x80cm Niebielona chlorem Pielucha Tetrowa Bia\u0142a, tradycyjna 60 x 80 cm (1 szt) to ekonomiczny, praktyczny i uniwersalny produkt. Bezpieczna i delikatna dla sk\u00f3ry dziecka. Pieluszki tetrowe znane g\u0142\u00f3wnie z u\u017cywania ich jako pieluszek wielorazowych, mog\u0105 r\u00f3wnie\u017c pe\u0142ni\u0107 funkcj\u0119 r\u0119czniczka, do wycierana delikatnej sk\u00f3ry niemowl\u0105t czy ocierania bu\u017aki w czasie karmienia S\u0105 to pieluszki wielokrotnego u\u017cytku, mo\u017cna je pra\u0107 wiele razy, bez obaw, \u017ce strac\u0105 swe doskona\u0142e w\u0142a\u015bciwo\u015bci ch\u0142onne, zmechac\u0105 si\u0119 czy odbarwi\u0105. Higieniczne i trwa\u0142e, bardzo funkcjonalne, idealnie si\u0119 sprawdz\u0105 w niemowl\u0119cej wyprawce. W\u0142a\u015bciwie to niezb\u0119dny jej element Rozmiar: 60 x 80 cm (+\/- 3cm) Gramatura: 115g\/m\u00b2 Instrukcja prania:<\/p>\n<h2>Zak\u0142ad Us\u0142ugowo-Krawiecki Roni Pieluszka Tetrowa, 60X80Cm <\/h2>\n<p>pierniki na bo\u017ce narodzenie, leon imi\u0119, pies kolorowanka, zabawy dla 10 latka, kolorowanka wakacje, gaja imi\u0119, quiz spos\u00f3b na alcybiadesa, zagadki zimowe, kolorowanki lol, nasza zima z\u0142a tekst, logiczne zagadki dla dzieci, hymn g\u00f3rniczy<\/p>\n<p>yyyyy<\/p>\n<p>&nbsp;<\/p>\n","protected":false},"excerpt":{"rendered":"<p>Pieluszka Tetrowa, 60x80cm Niebielona chlorem Pielucha Tetrowa Bia\u0142a, tradycyjna 60 x 80 cm (1 szt) to ekonomiczny, praktyczny i uniwersalny produkt. Bezpieczna i delikatna dla sk\u00f3ry dziecka. Pieluszki tetrowe znane g\u0142\u00f3wnie z u\u017cywania ich jako pieluszek wielorazowych, mog\u0105 r\u00f3wnie\u017c pe\u0142ni\u0107 funkcj\u0119 r\u0119czniczka, do wycierana delikatnej sk\u00f3ry niemowl\u0105t czy ocierania bu\u017aki w czasie karmienia S\u0105 to [&hellip;]<\/p>\n","protected":false},"featured_media":5804,"comment_status":"closed","ping_status":"open","template":"","meta":[],"product_cat":[17],"product_tag":[829,810,627,721,791,604],"class_list":["post-5803","product","type-product","status-publish","has-post-thumbnail","hentry","product_cat-pieluchy","product_tag-bajki-do-czytania-na-dobranoc","product_tag-nauka-zegara-do-druku","product_tag-quiz-dzieci-z-bullerbyn","product_tag-zagadki-matematyczne","product_tag-zagadki-na-myslenie","product_tag-zagadki-trudne"],"_links":{"self":[{"href":"http:\/\/klubmamgdynia.pl\/index.php\/wp-json\/wp\/v2\/product\/5803","targetHints":{"allow":["GET"]}}],"collection":[{"href":"http:\/\/klubmamgdynia.pl\/index.php\/wp-json\/wp\/v2\/product"}],"about":[{"href":"http:\/\/klubmamgdynia.pl\/index.php\/wp-json\/wp\/v2\/types\/product"}],"replies":[{"embeddable":true,"href":"http:\/\/klubmamgdynia.pl\/index.php\/wp-json\/wp\/v2\/comments?post=5803"}],"wp:featuredmedia":[{"embeddable":true,"href":"http:\/\/klubmamgdynia.pl\/index.php\/wp-json\/wp\/v2\/media\/5804"}],"wp:attachment":[{"href":"http:\/\/klubmamgdynia.pl\/index.php\/wp-json\/wp\/v2\/media?parent=5803"}],"wp:term":[{"taxonomy":"product_cat","embeddable":true,"href":"http:\/\/klubmamgdynia.pl\/index.php\/wp-json\/wp\/v2\/product_cat?post=5803"},{"taxonomy":"product_tag","embeddable":true,"href":"http:\/\/klubmamgdynia.pl\/index.php\/wp-json\/wp\/v2\/product_tag?post=5803"}],"curies":[{"name":"wp","href":"https:\/\/api.w.org\/{rel}","templated":true}]}}