{"id":5807,"date":"2023-10-11T11:24:51","date_gmt":"2023-10-11T09:24:51","guid":{"rendered":"http:\/\/klubmamgdynia.pl\/?post_type=product&#038;p=5807"},"modified":"2026-04-23T23:55:39","modified_gmt":"2026-04-23T21:55:39","slug":"fotelik-samochodowy-kiddy-evoluna-i-size-2-0-13kg-lizard-green-baza-isofix","status":"publish","type":"product","link":"http:\/\/klubmamgdynia.pl\/index.php\/produkt\/fotelik-samochodowy-kiddy-evoluna-i-size-2-0-13kg-lizard-green-baza-isofix\/","title":{"rendered":"Fotelik samochodowy Kiddy Evoluna I-Size 2 0-13Kg Lizard Green + Baza Isofix"},"content":{"rendered":"<p>Fotelik samochodowy Kiddy Evoluna I-Size to obecnie jeden z najbezpieczniejszych modeli dost\u0119pnych na rynku. Jego najwa\u017cniejsz\u0105 zalet\u0105 jest mo\u017cliwo\u015b\u0107 roz\u0142o\u017cenia do pozycji le\u017c\u0105cej w samochodzie i poza nim, co u\u0142atwia dziecku oddychanie, odci\u0105\u017ca kr\u0119gos\u0142up i jest bezpieczniejsze podczas podr\u00f3\u017cy. Fotel posiada r\u00f3wnie\u017c zaawansowany system os\u0142on bocznych, trzypunktowe pasy bezpiecze\u0144stwa regulowane wraz z zag\u0142\u00f3wkiem, wygodn\u0105 r\u0105czk\u0119 i zdejmowan\u0105 tapicerk\u0119. Te i wiele innych cech poprawiaj\u0105cych komfort i bezpiecze\u0144stwo zosta\u0142o docenionych podczas test\u00f3w ADAC w 2016 roku, gdzie jako jedyny zdoby\u0142 maksymaln\u0105 not\u0119 &#8211; 5 gwiazdek. Spe\u0142nia r\u00f3wnie\u017c norm\u0119 I-Size, a dzi\u0119ki r\u00f3\u017cnym systemom regulacji pozwalaj\u0105cym dopasowa\u0107 fotelik do ka\u017cdego dziecka, doskonale nadaje si\u0119 jako gondola do w\u00f3zka. Pozycja le\u017c\u0105ca w samochodzie Funkcja roz\u0142o\u017cenia fotelika do pozycji le\u017c\u0105cej zosta\u0142a opracowana i przetestowana z my\u015bl\u0105 o noworodkach i wcze\u015bniakach. Ich mi\u0119\u015bnie szyi nie s\u0105 jeszcze odpowiednio wykszta\u0142cone i w standardowym foteliku z grupy 0kg+ g\u0142\u00f3wka dziecka mo\u017ce przechyli\u0107 si\u0119 do przodu, utrudniaj\u0105c mu oddychanie, co mo\u017ce poskutkowa\u0107 niedotlenieniem. Zesp\u00f3\u0142 Kiddy pomy\u015bla\u0142 o tym, dlatego Evoluna I-Size umo\u017cliwia u\u0142o\u017cenie dziecka poziomo, jako jedyny fotelik na rynku. Wystarczy odchyli\u0107 r\u0105czk\u0119, a stela\u017c fotelika roz\u0142o\u017cy si\u0119 do odpowiedniej pozycji. Pediatrzy i po\u0142o\u017cne jednog\u0142o\u015bnie zalecaj\u0105 pozycj\u0119 le\u017c\u0105c\u0105 jako t\u0105, kt\u00f3ra gwarantuje lepszy rozw\u00f3j kr\u0119gos\u0142upa. Fotelik, kt\u00f3ry ro\u015bnie razem z dzieckiem! 5-punktowy system regulacji pas\u00f3w wraz z zag\u0142\u00f3wkiem. 3 etapy powi\u0119kszania przestrzeni dla dziecka dzi\u0119ki wk\u0142adkom redukcyjnym. Ochrona przed s\u0142o\u0144cem Zapewniona dzi\u0119ki rozk\u0142adanej budce przeciws\u0142onecznej z UVP50+. Innowacyjny system ochrony bocznej Specjalne, energoch\u0142onne materia\u0142y (m.in. spienione poliolefiny) absorbuj\u0105 energi\u0119 uderzenia podczas wypadku drogowego, zanim dotrze ona do Twojego dziecka. R\u00f3wnie\u017c skorupa fotelika zosta\u0142a wykonana z materia\u0142\u00f3w poch\u0142aniaj\u0105cych energi\u0119, aby zapewni\u0107 jak najwi\u0119ksz\u0105 ochron\u0119 i zamortyzowa\u0107 wstrz\u0105sy. Zamiast noside\u0142ka! Fotelik Kiddy Evoluna I-Size dzi\u0119ki funkcji rozk\u0142adania do pozycji le\u017c\u0105cej oraz mo\u017cliwo\u015bci monta\u017cu na ramach wi\u0119kszo\u015bci w\u00f3zk\u00f3w, mo\u017ce z powodzeniem zast\u0105pi\u0107 noside\u0142ko czy gondol\u0119. Wysokiej jako\u015bci materia\u0142y Tapicerki wraz ze stela\u017cem zapewniaj\u0105 ergonomiczny system wentylacji, aby plecy dziecka nie poci\u0142y si\u0119 i \u017cadne upa\u0142y nie by\u0142y dla niego m\u0119cz\u0105ce. Pokrowiec mo\u017cna \u0142atwo zdj\u0105\u0107 i wypra\u0107 w pralce. Zwyci\u0119zca test\u00f3w! Fotelik uzyska\u0142 maksymaln\u0105 not\u0119 w testach ADAC z 2016 roku &#8211; 5 gwiazdek &#8211; jako jedyny z 26 przyst\u0119puj\u0105cych. Ponadto spe\u0142nia bardzo rygorystyczn\u0105 norm\u0119 I-Size, kt\u00f3ra ocenia zachowanie fotelik\u00f3w podczas wszystkich rodzaj\u00f3w kolizji. One-Click system Fotelik montujemy w samochodzie na bazie Kiddy Isofix Base 2 (w zestawie). Gwarantuje to najwi\u0119ksz\u0105 stabilizacj\u0119 i bezpiecze\u0144stwo. Instalacja polega tylko na 1 naci\u015bni\u0119ciu. Zielone wska\u017aniki pokazuj\u0105, czy fotelik zosta\u0142 zamontowany poprawnie. Dlaczego ustawienie ty\u0142em do kierunku jazdy jest takie dobre? Wed\u0142ug niezale\u017cnych bada\u0144 prowadzonych przez Szwedzki Instytut bada\u0144 drogowych, w przypadku zderzenia czo\u0142owego, zmniejsza to ryzyko odniesienia obra\u017ce\u0144 o ponad 80% &#8211; w por\u00f3wnaniu z klasycznym ustawieniem przodem do kierunku jazdy. To dzi\u0119ki temu, \u017ce ca\u0142a si\u0142a dzia\u0142aj\u0105ca na dziecko rozk\u0142adana jest na znacznie wi\u0119ksz\u0105 powierzchni\u0119. Specyfikacja Fotelik: Wysoko\u015b\u0107: 60cm (pozycja siedz\u0105ca), 39cm (pozycja le\u017c\u0105ca) Szeroko\u015b\u0107: 44cm D\u0142ugo\u015b\u0107: 68cm (pozycja siedz\u0105ca), 79cm (pozycja le\u017c\u0105ca) Waga: 4,9 kg Baza: Wysoko\u015b\u0107: 18cm Szeroko\u015b\u0107: 31cm D\u0142ugo\u015b\u0107: 68cm Waga: 6kg<\/p>\n<h2>Fotelik samochodowy Kiddy Evoluna I-Size 2 0-13Kg Lizard Green + Baza Isofix Kiddy<\/h2>\n<p>cytaty dla mamy od c\u00f3rki, zima z\u0142a tekst, wiersze o wio\u015bnie jana brzechwy, kolorowanki wakacje, wierszyki o marzannie<\/p>\n<p>yyyyy<\/p>\n<p>&nbsp;<\/p>\n","protected":false},"excerpt":{"rendered":"<p>Fotelik samochodowy Kiddy Evoluna I-Size to obecnie jeden z najbezpieczniejszych modeli dost\u0119pnych na rynku. Jego najwa\u017cniejsz\u0105 zalet\u0105 jest mo\u017cliwo\u015b\u0107 roz\u0142o\u017cenia do pozycji le\u017c\u0105cej w samochodzie i poza nim, co u\u0142atwia dziecku oddychanie, odci\u0105\u017ca kr\u0119gos\u0142up i jest bezpieczniejsze podczas podr\u00f3\u017cy. Fotel posiada r\u00f3wnie\u017c zaawansowany system os\u0142on bocznych, trzypunktowe pasy bezpiecze\u0144stwa regulowane wraz z zag\u0142\u00f3wkiem, wygodn\u0105 r\u0105czk\u0119 [&hellip;]<\/p>\n","protected":false},"featured_media":5808,"comment_status":"closed","ping_status":"open","template":"","meta":[],"product_cat":[32,1391],"product_tag":[700,781,669,645,581,721],"class_list":["post-5807","product","type-product","status-publish","has-post-thumbnail","hentry","product_cat-foteliki-samochodowe","product_cat-kiddy","product_tag-bajki-do-czytania-dla-dzieci","product_tag-cytaty-o-wychowaniu-dzieci","product_tag-kolorowanki","product_tag-latwe-zagadki","product_tag-zagadki-dla-8-latka","product_tag-zagadki-matematyczne"],"_links":{"self":[{"href":"http:\/\/klubmamgdynia.pl\/index.php\/wp-json\/wp\/v2\/product\/5807","targetHints":{"allow":["GET"]}}],"collection":[{"href":"http:\/\/klubmamgdynia.pl\/index.php\/wp-json\/wp\/v2\/product"}],"about":[{"href":"http:\/\/klubmamgdynia.pl\/index.php\/wp-json\/wp\/v2\/types\/product"}],"replies":[{"embeddable":true,"href":"http:\/\/klubmamgdynia.pl\/index.php\/wp-json\/wp\/v2\/comments?post=5807"}],"wp:featuredmedia":[{"embeddable":true,"href":"http:\/\/klubmamgdynia.pl\/index.php\/wp-json\/wp\/v2\/media\/5808"}],"wp:attachment":[{"href":"http:\/\/klubmamgdynia.pl\/index.php\/wp-json\/wp\/v2\/media?parent=5807"}],"wp:term":[{"taxonomy":"product_cat","embeddable":true,"href":"http:\/\/klubmamgdynia.pl\/index.php\/wp-json\/wp\/v2\/product_cat?post=5807"},{"taxonomy":"product_tag","embeddable":true,"href":"http:\/\/klubmamgdynia.pl\/index.php\/wp-json\/wp\/v2\/product_tag?post=5807"}],"curies":[{"name":"wp","href":"https:\/\/api.w.org\/{rel}","templated":true}]}}