{"id":5813,"date":"2017-07-25T10:22:07","date_gmt":"2017-07-25T08:22:07","guid":{"rendered":"http:\/\/klubmamgdynia.pl\/index.php\/produkt\/gra-planszowa-hasbro-monopoly-roblox-wersja-angielska-f1325\/"},"modified":"2026-05-17T22:14:39","modified_gmt":"2026-05-17T20:14:39","slug":"gra-planszowa-hasbro-monopoly-roblox-wersja-angielska-f1325","status":"publish","type":"product","link":"http:\/\/klubmamgdynia.pl\/index.php\/produkt\/gra-planszowa-hasbro-monopoly-roblox-wersja-angielska-f1325\/","title":{"rendered":"Gra planszowa Hasbro Monopoly Roblox Wersja angielska F1325"},"content":{"rendered":"<p>Hasbro Monopoly Roblox Wersja angielska F1325- Wymy\u015blne \u015bwiaty z aplikacji Roblox po\u0142\u0105czone z gr\u0105 planszow\u0105 Monopoly! W tej edycji gracze kupuj\u0105, sprzedaj\u0105 i wymieniaj\u0105 swoje ulubione gry Roblox- Zamiast nieruchomo\u015bci gracze zbieraj\u0105 gry, zespo\u0142y programist\u00f3w i promocje gier, maj\u0105c za zadanie pozosta\u0107 w grze d\u0142u\u017cej ni\u017c ich przeciwnicy- Gracze poruszaj\u0105 si\u0119 po planszy jako ich ulubione elementy platformy Roblox: nagroda Bloxy Award, pocz\u0105tkuj\u0105cy gracz, korona z domina, Pan Robot, kask robotnika lub Dominus- Pobieraj got\u00f3wk\u0119 w charakterze premii za liczb\u0119 dziennych logowa\u0144, sprzedawaj przedmioty limitowane, dekoruj awatary albo dawaj si\u0119 pokona\u0107 pocz\u0105tkuj\u0105cym graczom. Nigdy nie wiadomo, jaki b\u0119dzie efekt nast\u0119pnego rzutu ko\u015bci\u0105- Edycja gry Monopoly: Roblox 2021 to \u015bwietny prezent dla fan\u00f3w platformy Roblox w wieku od 8 lat<br \/>\n&#8211;                            <\/p>\n<p>W edycji gry planszowej Monopoly: Roblox 2021 gracze kupuj\u0105, sprzedaj\u0105 i wymieniaj\u0105 swoje ulubione gry Roblox, w tym MeepCity, Fashion Famous, Legends of Speed i wiele wi\u0119cej! Gracze poruszaj\u0105 si\u0119 po planszy pe\u0142nej grafik, motyw\u00f3w i element\u00f3w gry zainspirowanych popularn\u0105 platform\u0105 internetow\u0105, kupuj\u0105c tyle domowych biur programistycznych i studi\u00f3w programistycznych, ile tylko dadz\u0105 rad\u0119. Gra jest przeznaczona dla od 2 do 6 graczy w wieku od 8 lat i stanowi \u015bwietny prezent dla fan\u00f3w platformy Roblox! Roblox, Robux, logo Roblox, Powering Imagination i inne znaki s\u0105 zarejestrowanymi lub niezarejestrowanymi znakami towarowymi firmy Roblox w USA i innych krajach. Niekt\u00f3re tre\u015bci s\u0105 wykorzystywane na licencji. Wszystkie prawa zastrze\u017cone. Nazwy oraz logotypy Hasbro, Hasbro Gaming, Parker Brothers, Monopoly stanowi\u0105 zastrze\u017cone znaki towarowe marki Hasbro. Projekt planszy, cztery kwadratowe pola w rogach planszy, nazwa i wygl\u0105d postaci Mr. Monopoly oraz wszelkie charakterystyczne cechy planszy i innych element\u00f3w gry stanowi\u0105 zastrze\u017cone znaki towarowe marki Hasbro.Wiek: od 8 lat Dla od 2 do 4 graczy<\/p>\n<h2>Gra planszowa Hasbro Monopoly Roblox Wersja angielska F1325 Hasbro<\/h2>\n<p>jak narysowa\u0107 koty, atrakcje dla dzieci wroc\u0142aw i okolice, krok jak narysowa\u0107 konia, \u0142atwe zagadki, mega trudne zagadki logiczne, piosenki na dobranoc tekst, mandale do druku<\/p>\n<p>yyyyy<\/p>\n<p>&nbsp;<\/p>\n","protected":false},"excerpt":{"rendered":"<p>Hasbro Monopoly Roblox Wersja angielska F1325- Wymy\u015blne \u015bwiaty z aplikacji Roblox po\u0142\u0105czone z gr\u0105 planszow\u0105 Monopoly! W tej edycji gracze kupuj\u0105, sprzedaj\u0105 i wymieniaj\u0105 swoje ulubione gry Roblox- Zamiast nieruchomo\u015bci gracze zbieraj\u0105 gry, zespo\u0142y programist\u00f3w i promocje gier, maj\u0105c za zadanie pozosta\u0107 w grze d\u0142u\u017cej ni\u017c ich przeciwnicy- Gracze poruszaj\u0105 si\u0119 po planszy jako ich [&hellip;]<\/p>\n","protected":false},"featured_media":5814,"comment_status":"closed","ping_status":"open","template":"","meta":[],"product_cat":[235,129],"product_tag":[836,716,783,698],"class_list":["post-5813","product","type-product","status-publish","has-post-thumbnail","hentry","product_cat-gry-planszowe","product_cat-hasbro","product_tag-co-kupic-dziecku-na-roczek","product_tag-filmy-animowane-o-swietach","product_tag-prezenty-na-roczek-dla-chlopca","product_tag-zagadki-dla-przedszkolakow"],"_links":{"self":[{"href":"http:\/\/klubmamgdynia.pl\/index.php\/wp-json\/wp\/v2\/product\/5813","targetHints":{"allow":["GET"]}}],"collection":[{"href":"http:\/\/klubmamgdynia.pl\/index.php\/wp-json\/wp\/v2\/product"}],"about":[{"href":"http:\/\/klubmamgdynia.pl\/index.php\/wp-json\/wp\/v2\/types\/product"}],"replies":[{"embeddable":true,"href":"http:\/\/klubmamgdynia.pl\/index.php\/wp-json\/wp\/v2\/comments?post=5813"}],"wp:featuredmedia":[{"embeddable":true,"href":"http:\/\/klubmamgdynia.pl\/index.php\/wp-json\/wp\/v2\/media\/5814"}],"wp:attachment":[{"href":"http:\/\/klubmamgdynia.pl\/index.php\/wp-json\/wp\/v2\/media?parent=5813"}],"wp:term":[{"taxonomy":"product_cat","embeddable":true,"href":"http:\/\/klubmamgdynia.pl\/index.php\/wp-json\/wp\/v2\/product_cat?post=5813"},{"taxonomy":"product_tag","embeddable":true,"href":"http:\/\/klubmamgdynia.pl\/index.php\/wp-json\/wp\/v2\/product_tag?post=5813"}],"curies":[{"name":"wp","href":"https:\/\/api.w.org\/{rel}","templated":true}]}}