{"id":5817,"date":"2021-11-04T20:18:22","date_gmt":"2021-11-04T19:18:22","guid":{"rendered":"http:\/\/klubmamgdynia.pl\/index.php\/produkt\/masterpieces-puzzle-1000el-wlochytoskania-widok-na-pola\/"},"modified":"2026-05-17T22:38:20","modified_gmt":"2026-05-17T20:38:20","slug":"masterpieces-puzzle-1000el-wlochytoskania-widok-na-pola","status":"publish","type":"product","link":"http:\/\/klubmamgdynia.pl\/index.php\/produkt\/masterpieces-puzzle-1000el-wlochytoskania-widok-na-pola\/","title":{"rendered":"Masterpieces Puzzle 1000El. W\u0142ochytoskania Widok Na Pola"},"content":{"rendered":"<p>Puzzle ameryka\u0144skiej firmy Masterpieces s\u0105 EKO przyjazne, farba do produkcji jest na bazie soji a pude\u0142ka nie s\u0105 pokryte plastikow\u0105 foli\u0105. W pude\u0142ku z puzzlami znajduje si\u0119 plakat pomocny przy uk\u0142adaniu. Puzzle sk\u0142adaj\u0105ce si\u0119 z 1000 el.i po u\u0142o\u017ceniu tworz\u0105 obraz o wymiarach 68 x 49 cm. NAZWA PUZZLE 1000 W\u0141OCHY, TOSKANIA &#8211; WIDOK NA POLA PRODUCENT MASTERPIECES WIEK 9+ ILO\u015a\u0106 ELEMENT\u00d3W 1000 EAN 0705988721083 Znajd\u017a podobne wed\u0142ug klucza: MASTERPIECES PUZZLE PUZZLE_1000 (477762)<\/p>\n<h2>Masterpieces Puzzle 1000El. W\u0142ochytoskania Widok Na Pola <\/h2>\n<p>nela w krainie wombat\u00f3w, zagadka logiczna, dyplomy szablony pdf, paloma, bajki dla chlopcow, zadania logiczne dla dzieci, piosenki na dobranoc tekst, zaj\u0119cia dla nastolatk\u00f3w, quiz opowie\u015bci z narnii, prezent dla nastoletniego ch\u0142opca, gra kulki, lol kolorowanki do druku, zagadki o zwierz\u0119tach wiejskich, cytaty o przyja\u017ani kr\u00f3tkie, zabawy z pi\u0142k\u0105 dla dzieci, list do sw mikolaja, wzory dyplom\u00f3w do pobrania, ma\u0142y ksi\u0105\u017c\u0119 cytaty o przyja\u017ani, quizy dla dzieci z bajek<\/p>\n<p>yyyyy<\/p>\n<p>&nbsp;<\/p>\n","protected":false},"excerpt":{"rendered":"<p>Puzzle ameryka\u0144skiej firmy Masterpieces s\u0105 EKO przyjazne, farba do produkcji jest na bazie soji a pude\u0142ka nie s\u0105 pokryte plastikow\u0105 foli\u0105. W pude\u0142ku z puzzlami znajduje si\u0119 plakat pomocny przy uk\u0142adaniu. Puzzle sk\u0142adaj\u0105ce si\u0119 z 1000 el.i po u\u0142o\u017ceniu tworz\u0105 obraz o wymiarach 68 x 49 cm. NAZWA PUZZLE 1000 W\u0141OCHY, TOSKANIA &#8211; WIDOK NA [&hellip;]<\/p>\n","protected":false},"featured_media":5818,"comment_status":"closed","ping_status":"open","template":"","meta":[],"product_cat":[90],"product_tag":[660,865,832,644,651,794,576],"class_list":["post-5817","product","type-product","status-publish","has-post-thumbnail","hentry","product_cat-puzzle","product_tag-bianka","product_tag-cytaty-o-dzieciach","product_tag-desery-dla-dzieci","product_tag-mia","product_tag-quizy-online","product_tag-test-opowiesci-z-narnii-lew-czarownica-i-stara-szafa-do-druku","product_tag-trudne-zagadki"],"_links":{"self":[{"href":"http:\/\/klubmamgdynia.pl\/index.php\/wp-json\/wp\/v2\/product\/5817","targetHints":{"allow":["GET"]}}],"collection":[{"href":"http:\/\/klubmamgdynia.pl\/index.php\/wp-json\/wp\/v2\/product"}],"about":[{"href":"http:\/\/klubmamgdynia.pl\/index.php\/wp-json\/wp\/v2\/types\/product"}],"replies":[{"embeddable":true,"href":"http:\/\/klubmamgdynia.pl\/index.php\/wp-json\/wp\/v2\/comments?post=5817"}],"wp:featuredmedia":[{"embeddable":true,"href":"http:\/\/klubmamgdynia.pl\/index.php\/wp-json\/wp\/v2\/media\/5818"}],"wp:attachment":[{"href":"http:\/\/klubmamgdynia.pl\/index.php\/wp-json\/wp\/v2\/media?parent=5817"}],"wp:term":[{"taxonomy":"product_cat","embeddable":true,"href":"http:\/\/klubmamgdynia.pl\/index.php\/wp-json\/wp\/v2\/product_cat?post=5817"},{"taxonomy":"product_tag","embeddable":true,"href":"http:\/\/klubmamgdynia.pl\/index.php\/wp-json\/wp\/v2\/product_tag?post=5817"}],"curies":[{"name":"wp","href":"https:\/\/api.w.org\/{rel}","templated":true}]}}