{"id":5819,"date":"2022-07-08T19:35:03","date_gmt":"2022-07-08T17:35:03","guid":{"rendered":"http:\/\/klubmamgdynia.pl\/index.php\/produkt\/st-majewski-plecak-4-komorowy-bp1-indian-feathers\/"},"modified":"2026-05-17T21:04:16","modified_gmt":"2026-05-17T19:04:16","slug":"st-majewski-plecak-4-komorowy-bp1-indian-feathers","status":"publish","type":"product","link":"http:\/\/klubmamgdynia.pl\/index.php\/produkt\/st-majewski-plecak-4-komorowy-bp1-indian-feathers\/","title":{"rendered":"St. Majewski Plecak 4-komorowy BP1 INDIAN FEATHERS"},"content":{"rendered":"<p>Trzykomorowy plecak szkolny marki St.Majewski z serii St.Right o pojemno\u015bci 29 litr\u00f3w. To propozycja dla uczni\u00f3w starszych klas szko\u0142y podstawowej. Znakomicie nadaje si\u0119 jednak nie tylko do szko\u0142y, ale r\u00f3wnie\u017c na wycieczki i kr\u00f3tkie wypady.Na szczeg\u00f3ln\u0105 uwag\u0119 zas\u0142uguje r\u00f3\u017cnorodno\u015b\u0107 wzor\u00f3w i kolor\u00f3w wykorzystanych do tworzenia plecak\u00f3w St.Right. To gwarancja zaspokojenia potrzeb wymagaj\u0105cych nastolatk\u00f3w oraz os\u00f3b, kt\u00f3rych wzrok przyci\u0105gaj\u0105 wielobarwne wzory. Dzi\u0119ki wykorzystaniu najlepszej jako\u015bci materia\u0142\u00f3w i dba\u0142o\u015bci o ka\u017cdy szczeg\u00f3\u0142, plecaki St. Majewski sta\u0142y si\u0119 synonimem niezawodno\u015bci, zadowolenia i zaufania stale rosn\u0105cego grona klient\u00f3w.Dwuletnia gwarancja producenta to pewno\u015b\u0107, i\u017c oferowany produkt pos\u0142u\u017cy przez bardzo d\u0142ugi czas.Szczeg\u00f3\u0142owa specyfikacja plecaka:Wykonany z nieprzemakalnego materia\u0142u &#8211; poliestru 600D.Wyposa\u017cony w trzy komory oraz trzy dodatkowe kieszenie.Posiada ergonomicznie ukszta\u0142towany system plec\u00f3w.System ze swobodn\u0105 cyrkulacj\u0105 plec\u00f3w zapewnia komfort codziennego noszenia.Szelki posiadaj\u0105 regulacj\u0119 oraz pas piersiowy.Plecak posiada wyj\u015bcie na s\u0142uchawki.Plecak zawiera pasy kompresuj\u0105ce z dw\u00f3ch stron, dzi\u0119ki czemu w momencie niewielkiej zawarto\u015bci mo\u017cna go zmniejszy\u0107.Pierwsza komora plecaka jest bardzo pojemna &#8211; idealna do umieszczenia wi\u0119kszych ksi\u0105\u017cek i zeszyt\u00f3w. Wewn\u0105trz posiada przegr\u00f3dk\u0119 na dokumenty oraz dodatkow\u0105 kieszonk\u0119, np. na telefon.Druga komora jest w\u0119\u017csza &#8211; \u015bwietnie sprawdzi si\u0119 do przenoszenia dokument\u00f3w, ksi\u0105\u017cek.Trzecia komora wyposa\u017cona zosta\u0142a w kieszonk\u0119 na suwak. Mo\u017cna w niej umie\u015bci\u0107 pi\u00f3rnik lub \u015bniadani\u00f3wk\u0119.Na froncie umieszczono kiesze\u0144 z wygodnym organizerem w \u015brodku oraz z haczykiem na klucze.Po obu stronach plecaka znajduj\u0105 si\u0119 kieszenie, idealne do przenoszenia butelki.Wyposa\u017cony w wygodn\u0105 r\u0105czk\u0119 do przenoszenia plecaka oraz mniejsz\u0105 do zawieszenia, np. przy szkolnej \u0142awce.Szelki no\u015bne plecaka wyposa\u017cone zosta\u0142y w elementy refleksyjne zwi\u0119kszaj\u0105ce widoczno\u015b\u0107 u\u017cytkownika na drodze i po zmroku.Parametry techniczne:Wymiary: 43 x 32 x 21 cmMateria\u0142: 100% PolyesterWaga: 950 gram (bez wyposa\u017cenia)Pojemno\u015b\u0107: 29 litr\u00f3wGwarancja producenta: 24 miesi\u0105ce<\/p>\n<h2>St. Majewski Plecak 4-komorowy BP1 INDIAN FEATHERS St. Majewski<\/h2>\n<p>zagdki, oryginalny prezent na roczek dla ch\u0142opca, kolorowanka ninjago, jacek, wobies, kr\u00f3tkie bajki do czytania, jak zrobi\u0107 du\u017ce jajo wielkanocne, oryginalny prezent na roczek dla dziewczynki, zagadki dla dzieci 6-7 lat, piosenka przyjed\u017a do nas miko\u0142aju, cytaty dla mamy od c\u00f3rki, zagadki wielkanocne dla dzieci, zagadki o owocach, test z lektury ania z zielonego wzg\u00f3rza klasa 6 z odpowiedziami, atrakcje dla dzieci wroc\u0142aw<\/p>\n<p>yyyyy<\/p>\n<p>&nbsp;<\/p>\n","protected":false},"excerpt":{"rendered":"<p>Trzykomorowy plecak szkolny marki St.Majewski z serii St.Right o pojemno\u015bci 29 litr\u00f3w. To propozycja dla uczni\u00f3w starszych klas szko\u0142y podstawowej. Znakomicie nadaje si\u0119 jednak nie tylko do szko\u0142y, ale r\u00f3wnie\u017c na wycieczki i kr\u00f3tkie wypady.Na szczeg\u00f3ln\u0105 uwag\u0119 zas\u0142uguje r\u00f3\u017cnorodno\u015b\u0107 wzor\u00f3w i kolor\u00f3w wykorzystanych do tworzenia plecak\u00f3w St.Right. To gwarancja zaspokojenia potrzeb wymagaj\u0105cych nastolatk\u00f3w oraz os\u00f3b, [&hellip;]<\/p>\n","protected":false},"featured_media":5820,"comment_status":"closed","ping_status":"open","template":"","meta":[],"product_cat":[329,1392],"product_tag":[638,620,726,653],"class_list":["post-5819","product","type-product","status-publish","has-post-thumbnail","hentry","product_cat-plecaki-szkolne","product_cat-st-majewski","product_tag-miastodzieci","product_tag-quiz-opowiesci-z-narnii","product_tag-quiz-zemsta","product_tag-warszawa-dla-dzieci"],"_links":{"self":[{"href":"http:\/\/klubmamgdynia.pl\/index.php\/wp-json\/wp\/v2\/product\/5819","targetHints":{"allow":["GET"]}}],"collection":[{"href":"http:\/\/klubmamgdynia.pl\/index.php\/wp-json\/wp\/v2\/product"}],"about":[{"href":"http:\/\/klubmamgdynia.pl\/index.php\/wp-json\/wp\/v2\/types\/product"}],"replies":[{"embeddable":true,"href":"http:\/\/klubmamgdynia.pl\/index.php\/wp-json\/wp\/v2\/comments?post=5819"}],"wp:featuredmedia":[{"embeddable":true,"href":"http:\/\/klubmamgdynia.pl\/index.php\/wp-json\/wp\/v2\/media\/5820"}],"wp:attachment":[{"href":"http:\/\/klubmamgdynia.pl\/index.php\/wp-json\/wp\/v2\/media?parent=5819"}],"wp:term":[{"taxonomy":"product_cat","embeddable":true,"href":"http:\/\/klubmamgdynia.pl\/index.php\/wp-json\/wp\/v2\/product_cat?post=5819"},{"taxonomy":"product_tag","embeddable":true,"href":"http:\/\/klubmamgdynia.pl\/index.php\/wp-json\/wp\/v2\/product_tag?post=5819"}],"curies":[{"name":"wp","href":"https:\/\/api.w.org\/{rel}","templated":true}]}}