{"id":5821,"date":"2011-09-18T03:19:25","date_gmt":"2011-09-18T01:19:25","guid":{"rendered":"http:\/\/klubmamgdynia.pl\/index.php\/produkt\/fotelik-samochodowy-nado-migo-obrotowy-lite-06-size-red-od-0-do-okolo-25kg-186086-pb\/"},"modified":"2026-05-17T22:29:28","modified_gmt":"2026-05-17T20:29:28","slug":"fotelik-samochodowy-nado-migo-obrotowy-lite-06-size-red-od-0-do-okolo-25kg-186086-pb","status":"publish","type":"product","link":"http:\/\/klubmamgdynia.pl\/index.php\/produkt\/fotelik-samochodowy-nado-migo-obrotowy-lite-06-size-red-od-0-do-okolo-25kg-186086-pb\/","title":{"rendered":"Fotelik samochodowy Nado Migo Obrotowy Lite 06 Size Red Od 0 Do Oko\u0142o 25Kg 186086 Pb"},"content":{"rendered":"<p>NADO Lite 06 i-Size dla ma\u0142ych pasa\u017cer\u00f3w w przedziale wzrostu 40-125 cm. Fotelik obrotowy 360 jest w zestawie z baz\u0105, kt\u00f3ra stabilizuje siedzisko w samochodzie i poprawia bezpiecze\u0144stwo dziecka w podr\u00f3\u017cy. Montowany ty\u0142em i przodem do kierunku jazdy, z 5-punktowymi pasami wewn\u0119trznymi zintegrowanymi z zag\u0142\u00f3wkiem, wk\u0142adk\u0105 redukcyjn\u0105, 6-stopniow\u0105 regulacj\u0105 zag\u0142\u00f3wka, 3-stopniow\u0105 pozycj\u0105 spoczynkow\u0105, system ochrony bocznej SPS, wentylowan\u0105 komor\u0105 fotelika oraz tapicerk\u0105 z w\u0142\u00f3kna bambusowego. Wi\u0105\u017ce si\u0119 to z wygod\u0105, komfortem jazdy, \u0142atwym korzystaniem, a przede wszystkim w\u0142a\u015bciwym umieszczeniem szkraba w foteliku. To doskona\u0142y wyb\u00f3r, kt\u00f3ry usatysfakcjonuje nawet najbardziej wymagaj\u0105cych rodzic\u00f3w.<\/p>\n<h2>Fotelik samochodowy Nado Migo Obrotowy Lite 06 Size Red Od 0 Do Oko\u0142o 25Kg 186086 Pb <\/h2>\n<p>zagadki dla dzieci z odpowiedziami, prezenty dla nastolatka, asiunia pytania do lektury, zagadki matematyczne dla dzieci 7 lat, tulipany kolorowanki, test asiunia, opisy rodzina, kolorowanki kotka, pytania logiczne, filmy disneya, kolorowanki dla dzieci do druku, pikachu kolorowanka, test z pana kleksa, kolorowanki konie z je\u017ad\u017acem, bajki dla dzieci online<\/p>\n<p>yyyyy<\/p>\n<p>&nbsp;<\/p>\n","protected":false},"excerpt":{"rendered":"<p>NADO Lite 06 i-Size dla ma\u0142ych pasa\u017cer\u00f3w w przedziale wzrostu 40-125 cm. Fotelik obrotowy 360 jest w zestawie z baz\u0105, kt\u00f3ra stabilizuje siedzisko w samochodzie i poprawia bezpiecze\u0144stwo dziecka w podr\u00f3\u017cy. Montowany ty\u0142em i przodem do kierunku jazdy, z 5-punktowymi pasami wewn\u0119trznymi zintegrowanymi z zag\u0142\u00f3wkiem, wk\u0142adk\u0105 redukcyjn\u0105, 6-stopniow\u0105 regulacj\u0105 zag\u0142\u00f3wka, 3-stopniow\u0105 pozycj\u0105 spoczynkow\u0105, system ochrony [&hellip;]<\/p>\n","protected":false},"featured_media":5822,"comment_status":"closed","ping_status":"open","template":"","meta":[],"product_cat":[32],"product_tag":[662,610,580,600],"class_list":["post-5821","product","type-product","status-publish","has-post-thumbnail","hentry","product_cat-foteliki-samochodowe","product_tag-bajki-na-dobranoc","product_tag-co-na-prezent-dla-nastolatkow","product_tag-janusz","product_tag-zaproszenia-na-urodziny-do-druku"],"_links":{"self":[{"href":"http:\/\/klubmamgdynia.pl\/index.php\/wp-json\/wp\/v2\/product\/5821","targetHints":{"allow":["GET"]}}],"collection":[{"href":"http:\/\/klubmamgdynia.pl\/index.php\/wp-json\/wp\/v2\/product"}],"about":[{"href":"http:\/\/klubmamgdynia.pl\/index.php\/wp-json\/wp\/v2\/types\/product"}],"replies":[{"embeddable":true,"href":"http:\/\/klubmamgdynia.pl\/index.php\/wp-json\/wp\/v2\/comments?post=5821"}],"wp:featuredmedia":[{"embeddable":true,"href":"http:\/\/klubmamgdynia.pl\/index.php\/wp-json\/wp\/v2\/media\/5822"}],"wp:attachment":[{"href":"http:\/\/klubmamgdynia.pl\/index.php\/wp-json\/wp\/v2\/media?parent=5821"}],"wp:term":[{"taxonomy":"product_cat","embeddable":true,"href":"http:\/\/klubmamgdynia.pl\/index.php\/wp-json\/wp\/v2\/product_cat?post=5821"},{"taxonomy":"product_tag","embeddable":true,"href":"http:\/\/klubmamgdynia.pl\/index.php\/wp-json\/wp\/v2\/product_tag?post=5821"}],"curies":[{"name":"wp","href":"https:\/\/api.w.org\/{rel}","templated":true}]}}