{"id":5823,"date":"2023-12-28T17:47:19","date_gmt":"2023-12-28T16:47:19","guid":{"rendered":"http:\/\/klubmamgdynia.pl\/?post_type=product&#038;p=5823"},"modified":"2026-04-04T23:27:33","modified_gmt":"2026-04-04T21:27:33","slug":"htc-vr-vive-cosmos-elite-99hart002-00","status":"publish","type":"product","link":"http:\/\/klubmamgdynia.pl\/index.php\/produkt\/htc-vr-vive-cosmos-elite-99hart002-00\/","title":{"rendered":"HTC VR VIVE Cosmos Elite 99HART002-00"},"content":{"rendered":"<p>Okulary Cosmos Elite Google VRInformacje o produkciePrzek\u0105tna ekranu 3,4&#8243;Podw\u00f3jny ekran TakRozdzielczo\u015b\u0107 2880 x 1700Obs\u0142uga 3D TakCz\u0119stotliwo\u015b\u0107 od\u015bwie\u017cania 3D 90 HzPole widzenia 110 \u00b0Wbudowane g\u0142o\u015bniki TakKomunikacja bezprzewodowa NieGniazda we\/wy 1 x micro USB (Type B)1 x USB (Type C)1 x DisplayPortFunkcje \u017byroskopAkcelerometrWymagania sprz\u0119towe Intel Core i5-4590, AMD FX 8350 lub ekwiwalentNVIDIA GeForce GTX 970 4GB, AMD Radeon R9 290 4GB lub ekwiwalent4 GB RAM lub wi\u0119cej DisplayPort 1.2 1x USB 3.0 Windows 10 Kolor CzarnyAkcesoria w zestawie Kabel USB 3.0Kabel DisplayPort\u015aciereczkaStacja bazowa VIVE x 2Zasilacz do stacji bazowych VIVE x 2Zestaw monta\u017cowy x 2Zasilacz do kontrolera VIVE x 2Kontroler x 2Adapter Mini DP &#8211; DPKonwerterZasilacz do konwertera<\/p>\n<h2>HTC VR VIVE Cosmos Elite 99HART002-00 HTC<\/h2>\n<p>sentencje o rodzinie, babciu droga babciu tekst, kaczuszka, zagadki o bajkach, test ze znak\u00f3w drogowych, rebusy i krzy\u017c\u00f3wki dla dzieci do druku, malowanie past\u0105 do z\u0119b\u00f3w, zabawy dla 5 6 latk\u00f3w, szablony postacie do szopki do druku, test miko\u0142ajek, prezent dla dziecka na roczek, quizy ma\u0142y ksi\u0105\u017c\u0119, jak rozmawia\u0107 z dzie\u0107mi o wojnie, rysowanie po \u015bladzie pdf, wydarzenia dla dzieci warszawa, miko\u0142ajek &#8211; test z odpowiedziami, p\u0142atki \u015bniegu szablon, bajka terapeutyczna o dokuczaniu, gdy strumyk p\u0142ynie z wolna<\/p>\n<p>yyyyy<\/p>\n<p>&nbsp;<\/p>\n","protected":false},"excerpt":{"rendered":"<p>Okulary Cosmos Elite Google VRInformacje o produkciePrzek\u0105tna ekranu 3,4&#8243;Podw\u00f3jny ekran TakRozdzielczo\u015b\u0107 2880 x 1700Obs\u0142uga 3D TakCz\u0119stotliwo\u015b\u0107 od\u015bwie\u017cania 3D 90 HzPole widzenia 110 \u00b0Wbudowane g\u0142o\u015bniki TakKomunikacja bezprzewodowa NieGniazda we\/wy 1 x micro USB (Type B)1 x USB (Type C)1 x DisplayPortFunkcje \u017byroskopAkcelerometrWymagania sprz\u0119towe Intel Core i5-4590, AMD FX 8350 lub ekwiwalentNVIDIA GeForce GTX 970 4GB, AMD [&hellip;]<\/p>\n","protected":false},"featured_media":5824,"comment_status":"closed","ping_status":"open","template":"","meta":[],"product_cat":[1385,1386],"product_tag":[750,655,705,726,805],"class_list":["post-5823","product","type-product","status-publish","has-post-thumbnail","hentry","product_cat-htc","product_cat-okulary-vr","product_tag-imie-kostek","product_tag-najlepsze-zagadki","product_tag-prezent-na-roczek-dla-chlopca","product_tag-quiz-zemsta","product_tag-znaczenie-imienia-alan"],"_links":{"self":[{"href":"http:\/\/klubmamgdynia.pl\/index.php\/wp-json\/wp\/v2\/product\/5823","targetHints":{"allow":["GET"]}}],"collection":[{"href":"http:\/\/klubmamgdynia.pl\/index.php\/wp-json\/wp\/v2\/product"}],"about":[{"href":"http:\/\/klubmamgdynia.pl\/index.php\/wp-json\/wp\/v2\/types\/product"}],"replies":[{"embeddable":true,"href":"http:\/\/klubmamgdynia.pl\/index.php\/wp-json\/wp\/v2\/comments?post=5823"}],"wp:featuredmedia":[{"embeddable":true,"href":"http:\/\/klubmamgdynia.pl\/index.php\/wp-json\/wp\/v2\/media\/5824"}],"wp:attachment":[{"href":"http:\/\/klubmamgdynia.pl\/index.php\/wp-json\/wp\/v2\/media?parent=5823"}],"wp:term":[{"taxonomy":"product_cat","embeddable":true,"href":"http:\/\/klubmamgdynia.pl\/index.php\/wp-json\/wp\/v2\/product_cat?post=5823"},{"taxonomy":"product_tag","embeddable":true,"href":"http:\/\/klubmamgdynia.pl\/index.php\/wp-json\/wp\/v2\/product_tag?post=5823"}],"curies":[{"name":"wp","href":"https:\/\/api.w.org\/{rel}","templated":true}]}}