{"id":5827,"date":"2017-01-27T23:46:13","date_gmt":"2017-01-27T22:46:13","guid":{"rendered":"http:\/\/klubmamgdynia.pl\/index.php\/produkt\/flamastry-zmywalne-12-kolorow\/"},"modified":"2026-04-29T22:52:59","modified_gmt":"2026-04-29T20:52:59","slug":"flamastry-zmywalne-12-kolorow","status":"publish","type":"product","link":"http:\/\/klubmamgdynia.pl\/index.php\/produkt\/flamastry-zmywalne-12-kolorow\/","title":{"rendered":"Flamastry zmywalne 12 kolor\u00f3w"},"content":{"rendered":"<p>Szkolne flamastry zmywalne z ergonomicznym tr\u00f3jbocznym uchwytem. W przypadku pobrudzenia ubrania lub r\u0105k (czy te\u017c innych przedmiot\u00f3w) \u0142atwe w usuni\u0119ciu za pomoc\u0105 wody z myd\u0142em (pranie w temperaturze 40 st. C). Bezpieczne dla u\u017cytkownika, produkowane zgodnie z europejskimi normami bezpiecze\u0144stwa. Maj\u0105 gwarantowan\u0105 przydatno\u015b\u0107 do u\u017cycia a\u017c do 4 lat. Komplet 12 kolor\u00f3w w kartoniku.<\/p>\n<h2>Flamastry zmywalne 12 kolor\u00f3w Koh-I-Noor<\/h2>\n<p>kawaly na prima aprilis, literki do druku, maska psi patrol do druku, doros\u0142ych kolorowanki dziewczyny, quiz o wio\u015bnie, kuba imi\u0119, dyplomy do wydrukowania a4, kolorowanki do wydruku, warsztaty dla dzieci warszawa, ma\u0142y ksi\u0105\u017c\u0119 &#8211; test z odpowiedziami<\/p>\n<p>yyyyy<\/p>\n<p>&nbsp;<\/p>\n","protected":false},"excerpt":{"rendered":"<p>Szkolne flamastry zmywalne z ergonomicznym tr\u00f3jbocznym uchwytem. W przypadku pobrudzenia ubrania lub r\u0105k (czy te\u017c innych przedmiot\u00f3w) \u0142atwe w usuni\u0119ciu za pomoc\u0105 wody z myd\u0142em (pranie w temperaturze 40 st. C). Bezpieczne dla u\u017cytkownika, produkowane zgodnie z europejskimi normami bezpiecze\u0144stwa. Maj\u0105 gwarantowan\u0105 przydatno\u015b\u0107 do u\u017cycia a\u017c do 4 lat. Komplet 12 kolor\u00f3w w kartoniku. Flamastry [&hellip;]<\/p>\n","protected":false},"featured_media":5828,"comment_status":"closed","ping_status":"open","template":"","meta":[],"product_cat":[1393,297],"product_tag":[656,586,709],"class_list":["post-5827","product","type-product","status-publish","has-post-thumbnail","hentry","product_cat-koh-i-noor","product_cat-szkolne-artykuly-plastyczne","product_tag-kolorowanki-lol","product_tag-smieszne-zagadki","product_tag-zagadki-dla-dzieci-6-7-lat"],"_links":{"self":[{"href":"http:\/\/klubmamgdynia.pl\/index.php\/wp-json\/wp\/v2\/product\/5827","targetHints":{"allow":["GET"]}}],"collection":[{"href":"http:\/\/klubmamgdynia.pl\/index.php\/wp-json\/wp\/v2\/product"}],"about":[{"href":"http:\/\/klubmamgdynia.pl\/index.php\/wp-json\/wp\/v2\/types\/product"}],"replies":[{"embeddable":true,"href":"http:\/\/klubmamgdynia.pl\/index.php\/wp-json\/wp\/v2\/comments?post=5827"}],"wp:featuredmedia":[{"embeddable":true,"href":"http:\/\/klubmamgdynia.pl\/index.php\/wp-json\/wp\/v2\/media\/5828"}],"wp:attachment":[{"href":"http:\/\/klubmamgdynia.pl\/index.php\/wp-json\/wp\/v2\/media?parent=5827"}],"wp:term":[{"taxonomy":"product_cat","embeddable":true,"href":"http:\/\/klubmamgdynia.pl\/index.php\/wp-json\/wp\/v2\/product_cat?post=5827"},{"taxonomy":"product_tag","embeddable":true,"href":"http:\/\/klubmamgdynia.pl\/index.php\/wp-json\/wp\/v2\/product_tag?post=5827"}],"curies":[{"name":"wp","href":"https:\/\/api.w.org\/{rel}","templated":true}]}}