{"id":5829,"date":"2014-07-15T06:52:05","date_gmt":"2014-07-15T04:52:05","guid":{"rendered":"http:\/\/klubmamgdynia.pl\/index.php\/produkt\/texpol-pieluszka-bambusowa-lato-w-lesie-30x30-bamboo-line\/"},"modified":"2026-04-03T09:46:02","modified_gmt":"2026-04-03T07:46:02","slug":"texpol-pieluszka-bambusowa-lato-w-lesie-30x30-bamboo-line","status":"publish","type":"product","link":"http:\/\/klubmamgdynia.pl\/index.php\/produkt\/texpol-pieluszka-bambusowa-lato-w-lesie-30x30-bamboo-line\/","title":{"rendered":"Texpol Pieluszka bambusowa Lato w lesie 30&#215;30 Bamboo Line"},"content":{"rendered":"<p>Pieluszka bambusowa Lato w lesie 30&#215;30 Bamboo Line \u2b50\ufe0f\u2b50\ufe0f\u2b50\ufe0f\u2b50\ufe0f\u2b50\ufe0fCechy produktu:\u2714\ufe0f antyalergiczna, bezpieczna dla noworodk\u00f3w,\u2714\ufe0f antygrzybiczna \u2013 neutralizuje nieprzyjemny zapach,\u2714\ufe0f termoregulacyjna \u2013 utrzymuje ciep\u0142o i zapobiega przegrzaniu,\u2714\ufe0f oddychaj\u0105cy materia\u0142, kt\u00f3ry poch\u0142ania wilgo\u0107,\u2714\ufe0f chroni przed promieniami UV,\u2714\ufe0f ch\u0142onie wod\u0119 o po\u0142ow\u0119 lepiej ni\u017c pieluszki tetrowe,\u2714\ufe0f posiada certyfikat medyczny,\u2714\ufe0f 30 cm \u00d7 30 cm,\u2714\ufe0f gramatura: 170 (+-10%) g \/ m2w,\u2714\ufe0f tolerancja gramatury i rozmiaru: +\/-4 cm.Wykonana w 100% ekologiczna pieluszka bambusowa Bamboo-line jest wyj\u0105tkowo delikatn\u0105 i przewiewn\u0105 pieluszk\u0105 stworzon\u0105 z naturalnych w\u0142\u00f3kien ro\u015blinnych. Pieluszki wykonane z prz\u0119dzy bambusowe zdobywaj\u0105 coraz wi\u0119ksz\u0105 popularno\u015b\u0107 w\u015br\u00f3d m\u0142odych rodzic\u00f3w i nie ma w tym nic dziwnego \u2013 s\u0105 wykonane z najmilszego w dotyku i najzdrowszego materia\u0142u.Daj\u0105 maksymalny komfort dziecku, dzi\u0119ki mi\u0119kkiej i przewiewnej tkaninie, chroni\u0105cej przed otarciami i odparzeniami.O wiele zdrowsza ni\u017c pampersy pieluszka pozwala po wypraniu na wielokrotny u\u017cytek, wci\u0105\u017c z t\u0105 sam\u0105 jako\u015bci\u0105 i szeroko\u015bci\u0105 zastosowa\u0144 nawet po pi\u0119\u0107dziesi\u0119ciu praniach. Pieluszk\u0119 mo\u017cna u\u017cywa\u0107 r\u00f3wnie\u017c jako otulacz, gdy\u017c ma naturalne w\u0142a\u015bciwo\u015bci termoregulacji i jest bardzo przyjemna w dotyku, a w wietrzne dni pozwoli uchroni\u0107 szyj\u0119 maluszka jako apaszka.Jest to najzdrowszy produkt z tej kategorii na rynku.<\/p>\n<h2>Texpol Pieluszka bambusowa Lato w lesie 30&#215;30 Bamboo Line Texpol<\/h2>\n<p>krzy\u017c\u00f3wki dla dzieci, prezent dla siedemnastolatka, kornelia, bajki dla niemowlakow, zagadki z odpowiedziami dla dzieci, wszystkie kraje \u015bwiata quiz, psi patrol zadania do druku, test z lektury narnia lew czarownica i stara szafa<\/p>\n<p>yyyyy<\/p>\n<p>&nbsp;<\/p>\n","protected":false},"excerpt":{"rendered":"<p>Pieluszka bambusowa Lato w lesie 30&#215;30 Bamboo Line \u2b50\ufe0f\u2b50\ufe0f\u2b50\ufe0f\u2b50\ufe0f\u2b50\ufe0fCechy produktu:\u2714\ufe0f antyalergiczna, bezpieczna dla noworodk\u00f3w,\u2714\ufe0f antygrzybiczna \u2013 neutralizuje nieprzyjemny zapach,\u2714\ufe0f termoregulacyjna \u2013 utrzymuje ciep\u0142o i zapobiega przegrzaniu,\u2714\ufe0f oddychaj\u0105cy materia\u0142, kt\u00f3ry poch\u0142ania wilgo\u0107,\u2714\ufe0f chroni przed promieniami UV,\u2714\ufe0f ch\u0142onie wod\u0119 o po\u0142ow\u0119 lepiej ni\u017c pieluszki tetrowe,\u2714\ufe0f posiada certyfikat medyczny,\u2714\ufe0f 30 cm \u00d7 30 cm,\u2714\ufe0f gramatura: 170 (+-10%) g [&hellip;]<\/p>\n","protected":false},"featured_media":5830,"comment_status":"closed","ping_status":"open","template":"","meta":[],"product_cat":[17,1138],"product_tag":[861,858,770,741],"class_list":["post-5829","product","type-product","status-publish","has-post-thumbnail","hentry","product_cat-pieluchy","product_cat-texpol","product_tag-jak-narysowac-psa","product_tag-podchwytliwe-zagadki","product_tag-samolot-z-papieru","product_tag-wlochy"],"_links":{"self":[{"href":"http:\/\/klubmamgdynia.pl\/index.php\/wp-json\/wp\/v2\/product\/5829","targetHints":{"allow":["GET"]}}],"collection":[{"href":"http:\/\/klubmamgdynia.pl\/index.php\/wp-json\/wp\/v2\/product"}],"about":[{"href":"http:\/\/klubmamgdynia.pl\/index.php\/wp-json\/wp\/v2\/types\/product"}],"replies":[{"embeddable":true,"href":"http:\/\/klubmamgdynia.pl\/index.php\/wp-json\/wp\/v2\/comments?post=5829"}],"wp:featuredmedia":[{"embeddable":true,"href":"http:\/\/klubmamgdynia.pl\/index.php\/wp-json\/wp\/v2\/media\/5830"}],"wp:attachment":[{"href":"http:\/\/klubmamgdynia.pl\/index.php\/wp-json\/wp\/v2\/media?parent=5829"}],"wp:term":[{"taxonomy":"product_cat","embeddable":true,"href":"http:\/\/klubmamgdynia.pl\/index.php\/wp-json\/wp\/v2\/product_cat?post=5829"},{"taxonomy":"product_tag","embeddable":true,"href":"http:\/\/klubmamgdynia.pl\/index.php\/wp-json\/wp\/v2\/product_tag?post=5829"}],"curies":[{"name":"wp","href":"https:\/\/api.w.org\/{rel}","templated":true}]}}