{"id":5831,"date":"2019-11-21T22:52:31","date_gmt":"2019-11-21T21:52:31","guid":{"rendered":"http:\/\/klubmamgdynia.pl\/index.php\/produkt\/masterpieces-puzzle-1000el-dzikie-zwierzeta\/"},"modified":"2026-05-01T05:53:10","modified_gmt":"2026-05-01T03:53:10","slug":"masterpieces-puzzle-1000el-dzikie-zwierzeta","status":"publish","type":"product","link":"http:\/\/klubmamgdynia.pl\/index.php\/produkt\/masterpieces-puzzle-1000el-dzikie-zwierzeta\/","title":{"rendered":"Masterpieces Puzzle 1000El. Dzikie Zwi\u0119rz\u0119ta"},"content":{"rendered":"<p>Puzzle ameryka\u0144skiej firmy Masterpieces s\u0105 EKO przyjazne, farba do produkcji jest na bazie soji a pude\u0142ka nie s\u0105 pokryte plastikow\u0105 foli\u0105. W pude\u0142ku z puzzlami znajduje si\u0119 plakat pomocny przy uk\u0142adaniu. Puzzle sk\u0142adaj\u0105ce si\u0119 z 1000 el.i po u\u0142o\u017ceniu tworz\u0105 obraz o wymiarach 68 x 49 cm. NAZWA PUZZLE 1000 DZIKIE ZWI\u0118RZ\u0118TA PRODUCENT MASTERPIECES WIEK 9+ ILO\u015a\u0106 ELEMENT\u00d3W 1000 EAN 0705988719400 Znajd\u017a podobne wed\u0142ug klucza: MASTERPIECES DZIKIE PUZZLE PUZZLE_1000 (477756)<\/p>\n<h2>Masterpieces Puzzle 1000El. Dzikie Zwi\u0119rz\u0119ta <\/h2>\n<p>co kupic 7 latkowi pod choinke, felix net i nika oraz gang niewidzialnych ludzi pytania i odpowiedzi, atrakcje dla dzieci we wroc\u0142awiu, miko\u0142ajek sprawdzian z lektury z odpowiedziami, bajka o biedronce, mitologia grecka quiz, wycinanki puzzle do druku, prezenty dla nastolatki, malowanie past\u0105 do z\u0119b\u00f3w, quiz o bo\u017cym narodzeniu, \u015bmieszne kanapki kanapki dla dzieci, maski do druku, quizy dla dzieci 7 lat, gry ruchowe dla dzieci, kolorowanki kotki do druku, zaproszenia na urodziny do druku, cytaty dla dzieci, zagadki dla dzieci 4-5 lat online<\/p>\n<p>yyyyy<\/p>\n<p>&nbsp;<\/p>\n","protected":false},"excerpt":{"rendered":"<p>Puzzle ameryka\u0144skiej firmy Masterpieces s\u0105 EKO przyjazne, farba do produkcji jest na bazie soji a pude\u0142ka nie s\u0105 pokryte plastikow\u0105 foli\u0105. W pude\u0142ku z puzzlami znajduje si\u0119 plakat pomocny przy uk\u0142adaniu. Puzzle sk\u0142adaj\u0105ce si\u0119 z 1000 el.i po u\u0142o\u017ceniu tworz\u0105 obraz o wymiarach 68 x 49 cm. NAZWA PUZZLE 1000 DZIKIE ZWI\u0118RZ\u0118TA PRODUCENT MASTERPIECES WIEK [&hellip;]<\/p>\n","protected":false},"featured_media":5832,"comment_status":"closed","ping_status":"open","template":"","meta":[],"product_cat":[90],"product_tag":[861,870,725],"class_list":["post-5831","product","type-product","status-publish","has-post-thumbnail","hentry","product_cat-puzzle","product_tag-jak-narysowac-psa","product_tag-prezent-dla-chlopca-na-roczek","product_tag-zgadywanki"],"_links":{"self":[{"href":"http:\/\/klubmamgdynia.pl\/index.php\/wp-json\/wp\/v2\/product\/5831","targetHints":{"allow":["GET"]}}],"collection":[{"href":"http:\/\/klubmamgdynia.pl\/index.php\/wp-json\/wp\/v2\/product"}],"about":[{"href":"http:\/\/klubmamgdynia.pl\/index.php\/wp-json\/wp\/v2\/types\/product"}],"replies":[{"embeddable":true,"href":"http:\/\/klubmamgdynia.pl\/index.php\/wp-json\/wp\/v2\/comments?post=5831"}],"wp:featuredmedia":[{"embeddable":true,"href":"http:\/\/klubmamgdynia.pl\/index.php\/wp-json\/wp\/v2\/media\/5832"}],"wp:attachment":[{"href":"http:\/\/klubmamgdynia.pl\/index.php\/wp-json\/wp\/v2\/media?parent=5831"}],"wp:term":[{"taxonomy":"product_cat","embeddable":true,"href":"http:\/\/klubmamgdynia.pl\/index.php\/wp-json\/wp\/v2\/product_cat?post=5831"},{"taxonomy":"product_tag","embeddable":true,"href":"http:\/\/klubmamgdynia.pl\/index.php\/wp-json\/wp\/v2\/product_tag?post=5831"}],"curies":[{"name":"wp","href":"https:\/\/api.w.org\/{rel}","templated":true}]}}