{"id":5833,"date":"2015-02-21T03:29:26","date_gmt":"2015-02-21T02:29:26","guid":{"rendered":"http:\/\/klubmamgdynia.pl\/index.php\/produkt\/oculus-rift-cv1-headset-black-wmvr1037100rlq\/"},"modified":"2026-05-17T22:13:12","modified_gmt":"2026-05-17T20:13:12","slug":"oculus-rift-cv1-headset-black-wmvr1037100rlq","status":"publish","type":"product","link":"http:\/\/klubmamgdynia.pl\/index.php\/produkt\/oculus-rift-cv1-headset-black-wmvr1037100rlq\/","title":{"rendered":"Oculus Rift Cv1 Headset Black (Wmvr1037100Rlq)"},"content":{"rendered":"<p>Video prezentacja produktu<\/p>\n<h2>Oculus Rift Cv1 Headset Black (Wmvr1037100Rlq) Oculus VR<\/h2>\n<p>psi patrol kolorowanka do druku, opisy do zdj z dzieckiem, piosenki dla dzieci o jesieni, place zabaw warszawa, karteczki wydruku wr\u00f3\u017cby andrzejkowe dla dzieci, jak rozmawia\u0107 z dzie\u0107mi o wojnie<\/p>\n<p>yyyyy<\/p>\n<p>&nbsp;<\/p>\n","protected":false},"excerpt":{"rendered":"<p>Video prezentacja produktu Oculus Rift Cv1 Headset Black (Wmvr1037100Rlq) Oculus VR psi patrol kolorowanka do druku, opisy do zdj z dzieckiem, piosenki dla dzieci o jesieni, place zabaw warszawa, karteczki wydruku wr\u00f3\u017cby andrzejkowe dla dzieci, jak rozmawia\u0107 z dzie\u0107mi o wojnie yyyyy &nbsp;<\/p>\n","protected":false},"featured_media":5834,"comment_status":"closed","ping_status":"open","template":"","meta":[],"product_cat":[1394,1386],"product_tag":[861,775,695,694],"class_list":["post-5833","product","type-product","status-publish","has-post-thumbnail","hentry","product_cat-oculus-vr","product_cat-okulary-vr","product_tag-jak-narysowac-psa","product_tag-kolorowanki-do-druku-pokemon","product_tag-rzadkie-imiona-zenskie","product_tag-zagadki-swiateczne-dla-dzieci"],"_links":{"self":[{"href":"http:\/\/klubmamgdynia.pl\/index.php\/wp-json\/wp\/v2\/product\/5833","targetHints":{"allow":["GET"]}}],"collection":[{"href":"http:\/\/klubmamgdynia.pl\/index.php\/wp-json\/wp\/v2\/product"}],"about":[{"href":"http:\/\/klubmamgdynia.pl\/index.php\/wp-json\/wp\/v2\/types\/product"}],"replies":[{"embeddable":true,"href":"http:\/\/klubmamgdynia.pl\/index.php\/wp-json\/wp\/v2\/comments?post=5833"}],"wp:featuredmedia":[{"embeddable":true,"href":"http:\/\/klubmamgdynia.pl\/index.php\/wp-json\/wp\/v2\/media\/5834"}],"wp:attachment":[{"href":"http:\/\/klubmamgdynia.pl\/index.php\/wp-json\/wp\/v2\/media?parent=5833"}],"wp:term":[{"taxonomy":"product_cat","embeddable":true,"href":"http:\/\/klubmamgdynia.pl\/index.php\/wp-json\/wp\/v2\/product_cat?post=5833"},{"taxonomy":"product_tag","embeddable":true,"href":"http:\/\/klubmamgdynia.pl\/index.php\/wp-json\/wp\/v2\/product_tag?post=5833"}],"curies":[{"name":"wp","href":"https:\/\/api.w.org\/{rel}","templated":true}]}}