{"id":5837,"date":"2012-05-24T12:47:19","date_gmt":"2012-05-24T10:47:19","guid":{"rendered":"http:\/\/klubmamgdynia.pl\/index.php\/produkt\/telewizor-sony-kd-43x85k\/"},"modified":"2026-04-19T05:58:18","modified_gmt":"2026-04-19T03:58:18","slug":"telewizor-sony-kd-43x85k","status":"publish","type":"product","link":"http:\/\/klubmamgdynia.pl\/index.php\/produkt\/telewizor-sony-kd-43x85k\/","title":{"rendered":"Telewizor Sony KD-43X85K"},"content":{"rendered":"<h2>Telewizor Sony KD-43X85K Sony<\/h2>\n<p>wierszyk o marzannie, prezenty dla nastolatki, cytaty na dzie\u0144 edukacji narodowej, psi patrol kolorowanki, zagadki logiczne, choinko pi\u0119kna jak las tekst, andrea, co kupi\u0107 ch\u0142opcu na roczek, kolorowanka do wydruku, wiersz na wielkanocnym stole, alan imie, opis o dziecku, zabawki na roczek dla dziewczynki, prezent dla nastolatka, dyplomy do druku, maski superbohater\u00f3w do wydrukowania, natan imi\u0119, dzieci pl, sporty po francusku<\/p>\n<p>yyyyy<\/p>\n<p>&nbsp;<\/p>\n","protected":false},"excerpt":{"rendered":"<p>Telewizor Sony KD-43X85K Sony wierszyk o marzannie, prezenty dla nastolatki, cytaty na dzie\u0144 edukacji narodowej, psi patrol kolorowanki, zagadki logiczne, choinko pi\u0119kna jak las tekst, andrea, co kupi\u0107 ch\u0142opcu na roczek, kolorowanka do wydruku, wiersz na wielkanocnym stole, alan imie, opis o dziecku, zabawki na roczek dla dziewczynki, prezent dla nastolatka, dyplomy do druku, maski [&hellip;]<\/p>\n","protected":false},"featured_media":5838,"comment_status":"closed","ping_status":"open","template":"","meta":[],"product_cat":[366,471],"product_tag":[863,854,723,710],"class_list":["post-5837","product","type-product","status-publish","has-post-thumbnail","hentry","product_cat-sony","product_cat-telewizory","product_tag-bajki-dla-dziewczynek","product_tag-cytaty-rodzina","product_tag-krotkie-bajki-do-czytania-na-dobranoc","product_tag-zagadki-dla-dzieci-10-12-lat"],"_links":{"self":[{"href":"http:\/\/klubmamgdynia.pl\/index.php\/wp-json\/wp\/v2\/product\/5837","targetHints":{"allow":["GET"]}}],"collection":[{"href":"http:\/\/klubmamgdynia.pl\/index.php\/wp-json\/wp\/v2\/product"}],"about":[{"href":"http:\/\/klubmamgdynia.pl\/index.php\/wp-json\/wp\/v2\/types\/product"}],"replies":[{"embeddable":true,"href":"http:\/\/klubmamgdynia.pl\/index.php\/wp-json\/wp\/v2\/comments?post=5837"}],"wp:featuredmedia":[{"embeddable":true,"href":"http:\/\/klubmamgdynia.pl\/index.php\/wp-json\/wp\/v2\/media\/5838"}],"wp:attachment":[{"href":"http:\/\/klubmamgdynia.pl\/index.php\/wp-json\/wp\/v2\/media?parent=5837"}],"wp:term":[{"taxonomy":"product_cat","embeddable":true,"href":"http:\/\/klubmamgdynia.pl\/index.php\/wp-json\/wp\/v2\/product_cat?post=5837"},{"taxonomy":"product_tag","embeddable":true,"href":"http:\/\/klubmamgdynia.pl\/index.php\/wp-json\/wp\/v2\/product_tag?post=5837"}],"curies":[{"name":"wp","href":"https:\/\/api.w.org\/{rel}","templated":true}]}}